{"id":2623,"date":"2020-08-21T08:55:26","date_gmt":"2020-08-21T08:55:26","guid":{"rendered":"https:\/\/www.babyelf.de\/?product=bieco-04000411-kindergeschirr-mit-tollen-motiven-und-farben"},"modified":"2026-01-16T08:06:58","modified_gmt":"2026-01-16T07:06:58","slug":"bieco-04000411-kindergeschirr-mit-tollen-motiven-und-farben","status":"publish","type":"product","link":"https:\/\/www.babyelf.de\/?product=bieco-04000411-kindergeschirr-mit-tollen-motiven-und-farben","title":{"rendered":"Bieco 04000411 &#8211; Kindergeschirr mit tollen Motiven und Farben"},"content":{"rendered":"<div class=\"disclaim\"> Stil:<strong>Kleines Monster<\/strong> <\/div>\n<p> <!-- show up to 2 reviews by default --> <\/p>\n<h3>Produktbeschreibung<\/h3>\n<p>Dank des f\u00fcnfteiligen Geschirrsets von Bieco essen die Kleinen genauso wie die Gro\u00dfen. Auf dem Kunststoffteller mit dem wei\u00dfen Grundton und den blauen R\u00e4ndern ist eine Gruppe von lustigen kleinen Monster abgebildet, die auf einem gr\u00fcnen Stern stehen. Ein \u00e4hnliches Design hat die kleine Schale, die das gleiche Monstermotiv besitzt. Dazu gibt es einen Trinkbecher in einem dezenten Blau mit bunten Monstern darauf. Die Griffe und der Schnabel der Tasse sind in wei\u00df. Zuletzt gibt es noch Kinderbesteck in Form einer kleinen Gabel und eines kleinen L\u00f6ffels im \u00e4hnlichen Monsterstil wie der Rest des Sets. Alles besteht aus hochwertigem Kunststoff-Melamin, ist kratzfest und eignet sich auch ohne Probleme f\u00fcr die Sp\u00fclmaschine. F\u00fcr die Mikrowelle eignet sich das Geschirrset jedoch nicht. Das Set ist sto\u00dffest und robust, geht also nicht so schnell kaputt, wenn das Essen mal nicht schmeckt. Die Marke BIECO steht seit vielen Jahren f\u00fcr h\u00f6chste Qualit\u00e4t und innovative Produktentwicklung. Unsere Spielwaren f\u00fcr Babys und Kleinkinder unterliegen allesamt den strengsten Richtlinien deutscher Produkt- und Sicherheitsstandards. BIECO m\u00f6chte Kindergesichter zum Leuchten bringen, deshalb werden alle Designs f\u00fcr unsere Kleinen mit Liebe gefertigt. <\/p>\n<h3>Set enth\u00e4lt:<\/h3>\n<p>Teller; Schale; Trinkbecher; Gabel; L\u00f6ffel <\/p>\n<p>Motiv: Monster<br \/>\nSet mit Teller, Schale, Trinkbecher, Gabel und L\u00f6ffel<br \/>\nHochwertiger, kratzfester Kunststoff &#8211; Melamin<br \/>\nLebensmittelecht, robust und sto\u00dffest<br \/>\nSp\u00fclmaschinengeeignet, nicht f\u00fcr die Mikrowelle geeignet<br \/>\n<div class=\"main-cross-sell\" data-asin=\"B06XVVZ212\">\n\n\t<div class=\"WooZone-cross-sell-loader\">\n\t\t<div>\n\t\t\t<div id=\"floatingBarsG\">\n\t\t\t\t<div class=\"blockG\" id=\"rotateG_01\"><\/div>\n\t\t\t\t<div class=\"blockG\" id=\"rotateG_02\"><\/div>\n\t\t\t\t<div class=\"blockG\" id=\"rotateG_03\"><\/div>\n\t\t\t\t<div class=\"blockG\" id=\"rotateG_04\"><\/div>\n\t\t\t\t<div class=\"blockG\" id=\"rotateG_05\"><\/div>\n\t\t\t\t<div class=\"blockG\" id=\"rotateG_06\"><\/div>\n\t\t\t\t<div class=\"blockG\" id=\"rotateG_07\"><\/div>\n\t\t\t\t<div class=\"blockG\" id=\"rotateG_08\"><\/div>\n\t\t\t<\/div>\n\t\t\t<div class=\"WooZone-cross-sell-loader-text\"><\/div>\n\t\t<\/div>\n\t<\/div>\n\n\t\t\n<\/div>\n<div style=\"clear:both;\"><\/div>\n","protected":false},"excerpt":{"rendered":"<p>Motiv: Monster<br \/>\nSet mit Teller, Schale, Trinkbecher, Gabel und L\u00f6ffel<br \/>\nHochwertiger, kratzfester Kunststoff &#8211; Melamin<\/p>\n","protected":false},"featured_media":2624,"comment_status":"open","ping_status":"closed","template":"","meta":{"rs_blank_template":"","rs_page_bg_color":"","slide_template_v7":""},"etheme_brands":[],"product_cat":[28],"product_tag":[],"class_list":{"0":"post-2623","1":"product","2":"type-product","3":"status-publish","4":"has-post-thumbnail","6":"product_cat-geschirr","7":"pa_brand-bieco","9":"first","10":"instock","11":"shipping-taxable","12":"product-type-simple"},"_links":{"self":[{"href":"https:\/\/www.babyelf.de\/index.php?rest_route=\/wp\/v2\/product\/2623","targetHints":{"allow":["GET"]}}],"collection":[{"href":"https:\/\/www.babyelf.de\/index.php?rest_route=\/wp\/v2\/product"}],"about":[{"href":"https:\/\/www.babyelf.de\/index.php?rest_route=\/wp\/v2\/types\/product"}],"replies":[{"embeddable":true,"href":"https:\/\/www.babyelf.de\/index.php?rest_route=%2Fwp%2Fv2%2Fcomments&post=2623"}],"wp:featuredmedia":[{"embeddable":true,"href":"https:\/\/www.babyelf.de\/index.php?rest_route=\/wp\/v2\/media\/2624"}],"wp:attachment":[{"href":"https:\/\/www.babyelf.de\/index.php?rest_route=%2Fwp%2Fv2%2Fmedia&parent=2623"}],"wp:term":[{"taxonomy":"brand","embeddable":true,"href":"https:\/\/www.babyelf.de\/index.php?rest_route=%2Fwp%2Fv2%2Fetheme_brands&post=2623"},{"taxonomy":"product_cat","embeddable":true,"href":"https:\/\/www.babyelf.de\/index.php?rest_route=%2Fwp%2Fv2%2Fproduct_cat&post=2623"},{"taxonomy":"product_tag","embeddable":true,"href":"https:\/\/www.babyelf.de\/index.php?rest_route=%2Fwp%2Fv2%2Fproduct_tag&post=2623"}],"curies":[{"name":"wp","href":"https:\/\/api.w.org\/{rel}","templated":true}]}}