{"id":2617,"date":"2020-08-21T08:55:22","date_gmt":"2020-08-21T08:55:22","guid":{"rendered":"https:\/\/www.babyelf.de\/?product=kindergeschirr-mit-name-namen-fuchs-waldtiere-kindergeschirr-kinderteller"},"modified":"2026-01-16T08:06:47","modified_gmt":"2026-01-16T07:06:47","slug":"kindergeschirr-mit-name-namen-fuchs-waldtiere-kindergeschirr-kinderteller","status":"publish","type":"product","link":"https:\/\/www.babyelf.de\/?product=kindergeschirr-mit-name-namen-fuchs-waldtiere-kindergeschirr-kinderteller","title":{"rendered":"Kindergeschirr mit Name, Namen, Fuchs, Waldtiere, Kindergeschirr, Kinderteller"},"content":{"rendered":"<p><!-- show up to 2 reviews by default --> <\/p>\n<h3>Produktbeschreibungen<\/h3>\n<p>Das Set besteht aus zwei Teilen, Becher und Teller, Das Set wird in Deutschland hergestellt und ist f\u00fcr Lebensmittel geeignet. Es eignet sich f\u00fcr die Sp\u00fclmaschinen aber nicht f\u00fcr die Mikrowelle. Das Set besteht aus hochwertigen Melamin Kunststoff. Produktdetails: Kinderteller aus Melamin, Gr\u00f6\u00dfe von 235 \u00f8 Becher 200 ml, 80 mm hoch und 80 mm \u00f8, der Becher ist nicht personalisiert. <\/p>\n<h3>Warnhinweise<\/h3>\n<p>Das Geschirr-Set eignet sich nicht f\u00fcr die Mikrowelle oder Ofen. <\/p>\n<div class=\"main-cross-sell\" data-asin=\"B07N6CGLM1\">\n\n\t<div class=\"WooZone-cross-sell-loader\">\n\t\t<div>\n\t\t\t<div id=\"floatingBarsG\">\n\t\t\t\t<div class=\"blockG\" id=\"rotateG_01\"><\/div>\n\t\t\t\t<div class=\"blockG\" id=\"rotateG_02\"><\/div>\n\t\t\t\t<div class=\"blockG\" id=\"rotateG_03\"><\/div>\n\t\t\t\t<div class=\"blockG\" id=\"rotateG_04\"><\/div>\n\t\t\t\t<div class=\"blockG\" id=\"rotateG_05\"><\/div>\n\t\t\t\t<div class=\"blockG\" id=\"rotateG_06\"><\/div>\n\t\t\t\t<div class=\"blockG\" id=\"rotateG_07\"><\/div>\n\t\t\t\t<div class=\"blockG\" id=\"rotateG_08\"><\/div>\n\t\t\t<\/div>\n\t\t\t<div class=\"WooZone-cross-sell-loader-text\"><\/div>\n\t\t<\/div>\n\t<\/div>\n\n\t\t\n<\/div>\n<div style=\"clear:both;\"><\/div>\n","protected":false},"excerpt":{"rendered":"<p>Produktbeschreibungen Das Set besteht aus zwei Teilen, Becher und Teller, Das Set wird in Deutschland<\/p>\n","protected":false},"featured_media":2618,"comment_status":"open","ping_status":"closed","template":"","meta":{"rs_blank_template":"","rs_page_bg_color":"","slide_template_v7":""},"etheme_brands":[],"product_cat":[28],"product_tag":[],"class_list":{"0":"post-2617","1":"product","2":"type-product","3":"status-publish","4":"has-post-thumbnail","6":"product_cat-geschirr","7":"pa_brand-hipsterkids","9":"first","10":"instock","11":"shipping-taxable","12":"product-type-simple"},"_links":{"self":[{"href":"https:\/\/www.babyelf.de\/index.php?rest_route=\/wp\/v2\/product\/2617","targetHints":{"allow":["GET"]}}],"collection":[{"href":"https:\/\/www.babyelf.de\/index.php?rest_route=\/wp\/v2\/product"}],"about":[{"href":"https:\/\/www.babyelf.de\/index.php?rest_route=\/wp\/v2\/types\/product"}],"replies":[{"embeddable":true,"href":"https:\/\/www.babyelf.de\/index.php?rest_route=%2Fwp%2Fv2%2Fcomments&post=2617"}],"wp:featuredmedia":[{"embeddable":true,"href":"https:\/\/www.babyelf.de\/index.php?rest_route=\/wp\/v2\/media\/2618"}],"wp:attachment":[{"href":"https:\/\/www.babyelf.de\/index.php?rest_route=%2Fwp%2Fv2%2Fmedia&parent=2617"}],"wp:term":[{"taxonomy":"brand","embeddable":true,"href":"https:\/\/www.babyelf.de\/index.php?rest_route=%2Fwp%2Fv2%2Fetheme_brands&post=2617"},{"taxonomy":"product_cat","embeddable":true,"href":"https:\/\/www.babyelf.de\/index.php?rest_route=%2Fwp%2Fv2%2Fproduct_cat&post=2617"},{"taxonomy":"product_tag","embeddable":true,"href":"https:\/\/www.babyelf.de\/index.php?rest_route=%2Fwp%2Fv2%2Fproduct_tag&post=2617"}],"curies":[{"name":"wp","href":"https:\/\/api.w.org\/{rel}","templated":true}]}}