{"id":2542,"date":"2020-08-21T08:44:57","date_gmt":"2020-08-21T08:44:57","guid":{"rendered":"https:\/\/www.babyelf.de\/?product=munchkin-weiche-fuetterloeffel-mehrfarbig-6er-pack"},"modified":"2026-01-16T08:06:46","modified_gmt":"2026-01-16T07:06:46","slug":"munchkin-weiche-fuetterloeffel-mehrfarbig-6er-pack","status":"publish","type":"product","link":"https:\/\/www.babyelf.de\/?product=munchkin-weiche-fuetterloeffel-mehrfarbig-6er-pack","title":{"rendered":"Munchkin Soft Tip Infant Spoons, Pack of 6"},"content":{"rendered":"<div>Munchkin Weiche F\u00fctterl\u00f6ffel<\/div>\n<div class=\"disclaim\">Farbe:<strong>mehrfarbig<\/strong> | Gr\u00f6\u00dfe:<strong>6er Pack<\/strong><\/div>\n<p><!-- show up to 2 reviews by default --><\/p>\n<p>Babys haben sensible kleine M\u00fcnder und empfindliches Zahnfleisch, und brauchen besondere F\u00fcrsorge, wenn sie all die spannenden neuen Geschmacksrichtungen ausprobieren. Munchkins Kleinkindl\u00f6ffel mit weicher L\u00f6ffelschale wurden speziell entwickelt, um Sie bei den ersten F\u00fctterungsversuchen zu unterst\u00fctzen. Die weichen, abgerundeten L\u00f6ffel sind sanft zum Zahnfleisch und sind flach, um Ihrem kleinen Essanf\u00e4nger die Nahrungsaufnahme zu erleichtern. Bei der Entwicklung dieser L\u00f6ffel haben wir auch an die M\u00fctter gedacht &#8211; der ergonomisch geformte Griff liegt gut in der Hand und hat genau die richtige L\u00e4nge, um den Boden des Babygl\u00e4schens zu erreichen. Auf die Pl\u00e4tze, fertig, f\u00fcttern!<\/p>\n<p>Weiche, abgerundete L\u00f6ffelschale ist extrem sanft zu Babys Zahnfleisch<br \/>\nErgonomisch geformter Griff liegt gut in Mamas Hand<br \/>\nBPA-frei, sp\u00fclmaschinenfest (im oberen Fach)<br \/>\nAb 4 Monaten<br \/>\nSet bestehend aus 6 farbenfrohen Kleinkindl\u00f6ffeln<br \/>\n<div class=\"main-cross-sell\" data-asin=\"B003WUGR6G\">\n\n\t<div class=\"WooZone-cross-sell-loader\">\n\t\t<div>\n\t\t\t<div id=\"floatingBarsG\">\n\t\t\t\t<div class=\"blockG\" id=\"rotateG_01\"><\/div>\n\t\t\t\t<div class=\"blockG\" id=\"rotateG_02\"><\/div>\n\t\t\t\t<div class=\"blockG\" id=\"rotateG_03\"><\/div>\n\t\t\t\t<div class=\"blockG\" id=\"rotateG_04\"><\/div>\n\t\t\t\t<div class=\"blockG\" id=\"rotateG_05\"><\/div>\n\t\t\t\t<div class=\"blockG\" id=\"rotateG_06\"><\/div>\n\t\t\t\t<div class=\"blockG\" id=\"rotateG_07\"><\/div>\n\t\t\t\t<div class=\"blockG\" id=\"rotateG_08\"><\/div>\n\t\t\t<\/div>\n\t\t\t<div class=\"WooZone-cross-sell-loader-text\"><\/div>\n\t\t<\/div>\n\t<\/div>\n\n\t\t\n<\/div>\n<div style=\"clear:both;\"><\/div>\n","protected":false},"excerpt":{"rendered":"<p>Munchkin Weiche F\u00fctterl\u00f6ffel<\/p>\n<p>Weiche, abgerundete L\u00f6ffelschale ist extrem sanft zu Babys Zahnfleisch<br \/>\nErgonomisch geformter Griff liegt gut in Mamas Hand<br \/>\nBPA-frei, sp\u00fclmaschinenfest (im oberen Fach)<\/p>\n","protected":false},"featured_media":2543,"comment_status":"open","ping_status":"closed","template":"","meta":{"rs_blank_template":"","rs_page_bg_color":"","slide_template_v7":""},"etheme_brands":[],"product_cat":[28],"product_tag":[],"class_list":{"0":"post-2542","1":"product","2":"type-product","3":"status-publish","4":"has-post-thumbnail","6":"product_cat-geschirr","7":"pa_brand-munchkin","9":"first","10":"instock","11":"sale","12":"shipping-taxable","13":"purchasable","14":"product-type-simple"},"_links":{"self":[{"href":"https:\/\/www.babyelf.de\/index.php?rest_route=\/wp\/v2\/product\/2542","targetHints":{"allow":["GET"]}}],"collection":[{"href":"https:\/\/www.babyelf.de\/index.php?rest_route=\/wp\/v2\/product"}],"about":[{"href":"https:\/\/www.babyelf.de\/index.php?rest_route=\/wp\/v2\/types\/product"}],"replies":[{"embeddable":true,"href":"https:\/\/www.babyelf.de\/index.php?rest_route=%2Fwp%2Fv2%2Fcomments&post=2542"}],"wp:featuredmedia":[{"embeddable":true,"href":"https:\/\/www.babyelf.de\/index.php?rest_route=\/wp\/v2\/media\/2543"}],"wp:attachment":[{"href":"https:\/\/www.babyelf.de\/index.php?rest_route=%2Fwp%2Fv2%2Fmedia&parent=2542"}],"wp:term":[{"taxonomy":"brand","embeddable":true,"href":"https:\/\/www.babyelf.de\/index.php?rest_route=%2Fwp%2Fv2%2Fetheme_brands&post=2542"},{"taxonomy":"product_cat","embeddable":true,"href":"https:\/\/www.babyelf.de\/index.php?rest_route=%2Fwp%2Fv2%2Fproduct_cat&post=2542"},{"taxonomy":"product_tag","embeddable":true,"href":"https:\/\/www.babyelf.de\/index.php?rest_route=%2Fwp%2Fv2%2Fproduct_tag&post=2542"}],"curies":[{"name":"wp","href":"https:\/\/api.w.org\/{rel}","templated":true}]}}