{"id":2407,"date":"2020-08-21T08:41:19","date_gmt":"2020-08-21T08:41:19","guid":{"rendered":"https:\/\/www.babyelf.de\/?product=nuolux-12-baby-flaschen-fuer-suessigkeiten-als-gastgeschenken-in-rosa"},"modified":"2026-01-16T08:03:10","modified_gmt":"2026-01-16T07:03:10","slug":"nuolux-12-baby-flaschen-fuer-suessigkeiten-als-gastgeschenken-in-rosa","status":"publish","type":"product","link":"https:\/\/www.babyelf.de\/?product=nuolux-12-baby-flaschen-fuer-suessigkeiten-als-gastgeschenken-in-rosa","title":{"rendered":"Nuolux 12 Baby-Flaschen f\u00fcr S\u00fc\u00dfigkeiten als Gastgeschenken in Rosa"},"content":{"rendered":"<p><!-- show up to 2 reviews by default --> <\/p>\n<p><b>Bei diesem Artikel handelt es sich um einen Set mit 12 Mini-Babyfl\u00e4schchen als Geschenkdosen aus stabilem Kunststoff.<br \/>Sie haben ein Mini-Babyfl\u00e4schchen-Design, was sich gro\u00dfartig f\u00fcr Babypartys, ob auf Tischen platziert oder als Gastgeschenk verteilt, eignet und immer wieder ein Hit ist.<\/b><\/p>\n<p><b>Eigenschaften:<\/b><br \/>Farbe: Rosa.<br \/>Material: hochwertiger und robuster Kunststoff.<br \/>H\u00f6he: 9 cm, Durchmesser: 4 cm.<br \/>Diese kleinen Fl\u00e4schchen sind ideal zur Dekoration Ihrer Babyparty.<br \/>Ob auf Tischen platziert oder als Gastgeschenk verteilt, diese Fl\u00e4schchen sind immer wieder ein Hit.<br \/><b><br \/>Lieferumfang:<\/b><br \/>Nuolux 12 Baby-Flaschen f\u00fcr S\u00fc\u00dfigkeiten als Gastgeschenken in Rosa. <\/p>\n<p>Farbe: Rosa. H\u00f6he 9 cm, Durchmesser 4 cm.<br \/>\nMaterial: hochwertiges, langlebiges Kunststoff.<br \/>\nDiese kleinen Fl\u00e4schchen sind ideal zum Dekorieren bei einer Babyparty.<br \/>\nOb auf Tischen platziert oder als Gastgeschenk verteilt, diese Fl\u00e4schchen sind immer wieder ein Hit.<br \/>\n<div class=\"main-cross-sell\" data-asin=\"B073M2VF1M\">\n\n\t<div class=\"WooZone-cross-sell-loader\">\n\t\t<div>\n\t\t\t<div id=\"floatingBarsG\">\n\t\t\t\t<div class=\"blockG\" id=\"rotateG_01\"><\/div>\n\t\t\t\t<div class=\"blockG\" id=\"rotateG_02\"><\/div>\n\t\t\t\t<div class=\"blockG\" id=\"rotateG_03\"><\/div>\n\t\t\t\t<div class=\"blockG\" id=\"rotateG_04\"><\/div>\n\t\t\t\t<div class=\"blockG\" id=\"rotateG_05\"><\/div>\n\t\t\t\t<div class=\"blockG\" id=\"rotateG_06\"><\/div>\n\t\t\t\t<div class=\"blockG\" id=\"rotateG_07\"><\/div>\n\t\t\t\t<div class=\"blockG\" id=\"rotateG_08\"><\/div>\n\t\t\t<\/div>\n\t\t\t<div class=\"WooZone-cross-sell-loader-text\"><\/div>\n\t\t<\/div>\n\t<\/div>\n\n\t\t\n<\/div>\n<div style=\"clear:both;\"><\/div>\n","protected":false},"excerpt":{"rendered":"<p>Farbe: Rosa. H\u00f6he 9 cm, Durchmesser 4 cm.<br \/>\nMaterial: hochwertiges, langlebiges Kunststoff.<br \/>\nDiese kleinen Fl\u00e4schchen sind ideal zum Dekorieren bei einer Babyparty.<\/p>\n","protected":false},"featured_media":2408,"comment_status":"open","ping_status":"closed","template":"","meta":{"rs_blank_template":"","rs_page_bg_color":"","slide_template_v7":""},"etheme_brands":[],"product_cat":[20],"product_tag":[],"class_list":{"0":"post-2407","1":"product","2":"type-product","3":"status-publish","4":"has-post-thumbnail","6":"product_cat-flaschen","7":"pa_brand-nuolux","9":"first","10":"instock","11":"shipping-taxable","12":"product-type-simple"},"_links":{"self":[{"href":"https:\/\/www.babyelf.de\/index.php?rest_route=\/wp\/v2\/product\/2407","targetHints":{"allow":["GET"]}}],"collection":[{"href":"https:\/\/www.babyelf.de\/index.php?rest_route=\/wp\/v2\/product"}],"about":[{"href":"https:\/\/www.babyelf.de\/index.php?rest_route=\/wp\/v2\/types\/product"}],"replies":[{"embeddable":true,"href":"https:\/\/www.babyelf.de\/index.php?rest_route=%2Fwp%2Fv2%2Fcomments&post=2407"}],"wp:featuredmedia":[{"embeddable":true,"href":"https:\/\/www.babyelf.de\/index.php?rest_route=\/wp\/v2\/media\/2408"}],"wp:attachment":[{"href":"https:\/\/www.babyelf.de\/index.php?rest_route=%2Fwp%2Fv2%2Fmedia&parent=2407"}],"wp:term":[{"taxonomy":"brand","embeddable":true,"href":"https:\/\/www.babyelf.de\/index.php?rest_route=%2Fwp%2Fv2%2Fetheme_brands&post=2407"},{"taxonomy":"product_cat","embeddable":true,"href":"https:\/\/www.babyelf.de\/index.php?rest_route=%2Fwp%2Fv2%2Fproduct_cat&post=2407"},{"taxonomy":"product_tag","embeddable":true,"href":"https:\/\/www.babyelf.de\/index.php?rest_route=%2Fwp%2Fv2%2Fproduct_tag&post=2407"}],"curies":[{"name":"wp","href":"https:\/\/api.w.org\/{rel}","templated":true}]}}