{"id":2387,"date":"2020-08-21T08:41:12","date_gmt":"2020-08-21T08:41:12","guid":{"rendered":"https:\/\/www.babyelf.de\/?product=primamma-44573000-babyflasche-fc-bayern-muenchen-250ml-silikon-gr-1"},"modified":"2026-01-16T08:03:10","modified_gmt":"2026-01-16T07:03:10","slug":"primamma-44573000-babyflasche-fc-bayern-muenchen-250ml-silikon-gr-1","status":"publish","type":"product","link":"https:\/\/www.babyelf.de\/?product=primamma-44573000-babyflasche-fc-bayern-muenchen-250ml-silikon-gr-1","title":{"rendered":"primamma 44573000 &#8211; Babyflasche &#8222;FC Bayern M\u00fcnchen&#8220; 250ml Silikon Gr. 1"},"content":{"rendered":"<div>\n<h3><\/h3>\n<h3 class=\"tab-title\">primamma 44573000 &#8211; Babyflasche &#8222;FC Bayern M\u00fcnchen&#8220; 250ml Silikon Gr. 1<\/h3>\n<\/div>\n<div class=\"disclaim\">Stil:<strong>FCB Babyflasche<\/strong><\/div>\n<p><!-- show up to 2 reviews by default --><\/p>\n<h3>Produktbeschreibung<\/h3>\n<p>Babyflasche &#8222;FC Bayern M\u00fcnchen&#8220; PP 250ml Babyflasche 250ml im Fan-Design von &#8222;FC Bayern M\u00fcnchen&#8220;. Das perfekte Accessoire f\u00fcr kleine Nachwuchs-Kicker. Inklusive Ventil Milchsauger aus Silikon in Gr\u00f6\u00dfe 1 (0-7 Monate). Lebensmittelecht, dampfsterilisierbar und geeignet f\u00fcr Sp\u00fclmaschinen. Mit Dichtpl\u00e4ttchen f\u00fcr einen auslaufsicheren Transport. Entspricht den Anforderungen der Europ\u00e4ischen Norm EN 14350 und ist BPA-frei. Inhalt: 1 St\u00fcck<\/p>\n<h3>Anschrift Hersteller\/Importeur<\/h3>\n<p>Rudolf-Diesel-Str. 6-8 27383 Scheessel<\/p>\n<p>240 ml<br \/>\nMit Ventil-Milchsauger aus Silikon in Gr.1 (0-7 Monate)<br \/>\nLebensmittelecht, dampfsterilisierbar und geeignet f\u00fcr Sp\u00fclmaschinen<br \/>\nMit Dichtpl\u00e4ttchen f\u00fcr einen auslaufsicheren Transport<br \/>\nEntspricht der Europ\u00e4ischen Norm EN 14350 und ist selbstverst\u00e4ndlich BPA-frei.<br \/>\n<div class=\"main-cross-sell\" data-asin=\"B00BJ0QUHW\">\n\n\t<div class=\"WooZone-cross-sell-loader\">\n\t\t<div>\n\t\t\t<div id=\"floatingBarsG\">\n\t\t\t\t<div class=\"blockG\" id=\"rotateG_01\"><\/div>\n\t\t\t\t<div class=\"blockG\" id=\"rotateG_02\"><\/div>\n\t\t\t\t<div class=\"blockG\" id=\"rotateG_03\"><\/div>\n\t\t\t\t<div class=\"blockG\" id=\"rotateG_04\"><\/div>\n\t\t\t\t<div class=\"blockG\" id=\"rotateG_05\"><\/div>\n\t\t\t\t<div class=\"blockG\" id=\"rotateG_06\"><\/div>\n\t\t\t\t<div class=\"blockG\" id=\"rotateG_07\"><\/div>\n\t\t\t\t<div class=\"blockG\" id=\"rotateG_08\"><\/div>\n\t\t\t<\/div>\n\t\t\t<div class=\"WooZone-cross-sell-loader-text\"><\/div>\n\t\t<\/div>\n\t<\/div>\n\n\t\t\n<\/div>\n<div style=\"clear:both;\"><\/div>\n","protected":false},"excerpt":{"rendered":"<div>\n<h3 class=\"tab-title\">primamma 44573000 &#8211; Babyflasche &#8222;FC Bayern M\u00fcnchen&#8220; 250ml Silikon Gr. 1<\/h3>\n<\/div>\n<div class=\"disclaim\">Stil:<strong>FCB Babyflasche<\/strong><\/div>\n<p><!-- show up to 2 reviews by default --><\/p>\n<h3>Produktbeschreibung<\/h3>\n<p>Babyflasche &#8222;FC Bayern M\u00fcnchen&#8220; PP 250ml Babyflasche 250ml im Fan-Design von &#8222;FC Bayern M\u00fcnchen&#8220;. Das perfekte Accessoire f\u00fcr kleine Nachwuchs-Kicker. Inklusive Ventil Milchsauger aus Silikon in Gr\u00f6\u00dfe 1 (0-7 Monate). Lebensmittelecht, dampfsterilisierbar und geeignet f\u00fcr Sp\u00fclmaschinen. Mit Dichtpl\u00e4ttchen f\u00fcr einen auslaufsicheren Transport. Entspricht den Anforderungen der Europ\u00e4ischen Norm EN 14350 und ist BPA-frei. Inhalt: 1 St\u00fcck<\/p>\n","protected":false},"featured_media":2388,"comment_status":"open","ping_status":"closed","template":"","meta":{"rs_blank_template":"","rs_page_bg_color":"","slide_template_v7":""},"etheme_brands":[],"product_cat":[20],"product_tag":[],"class_list":{"0":"post-2387","1":"product","2":"type-product","3":"status-publish","4":"has-post-thumbnail","6":"product_cat-flaschen","7":"pa_brand-primamma","9":"first","10":"instock","11":"shipping-taxable","12":"product-type-simple"},"_links":{"self":[{"href":"https:\/\/www.babyelf.de\/index.php?rest_route=\/wp\/v2\/product\/2387","targetHints":{"allow":["GET"]}}],"collection":[{"href":"https:\/\/www.babyelf.de\/index.php?rest_route=\/wp\/v2\/product"}],"about":[{"href":"https:\/\/www.babyelf.de\/index.php?rest_route=\/wp\/v2\/types\/product"}],"replies":[{"embeddable":true,"href":"https:\/\/www.babyelf.de\/index.php?rest_route=%2Fwp%2Fv2%2Fcomments&post=2387"}],"wp:featuredmedia":[{"embeddable":true,"href":"https:\/\/www.babyelf.de\/index.php?rest_route=\/wp\/v2\/media\/2388"}],"wp:attachment":[{"href":"https:\/\/www.babyelf.de\/index.php?rest_route=%2Fwp%2Fv2%2Fmedia&parent=2387"}],"wp:term":[{"taxonomy":"brand","embeddable":true,"href":"https:\/\/www.babyelf.de\/index.php?rest_route=%2Fwp%2Fv2%2Fetheme_brands&post=2387"},{"taxonomy":"product_cat","embeddable":true,"href":"https:\/\/www.babyelf.de\/index.php?rest_route=%2Fwp%2Fv2%2Fproduct_cat&post=2387"},{"taxonomy":"product_tag","embeddable":true,"href":"https:\/\/www.babyelf.de\/index.php?rest_route=%2Fwp%2Fv2%2Fproduct_tag&post=2387"}],"curies":[{"name":"wp","href":"https:\/\/api.w.org\/{rel}","templated":true}]}}