{"id":2385,"date":"2020-08-21T08:41:09","date_gmt":"2020-08-21T08:41:09","guid":{"rendered":"https:\/\/www.babyelf.de\/?product=amscan-ballongewicht-babyflasche-80-g-blau"},"modified":"2026-01-16T08:03:10","modified_gmt":"2026-01-16T07:03:10","slug":"amscan-ballongewicht-babyflasche-80-g-blau","status":"publish","type":"product","link":"https:\/\/www.babyelf.de\/?product=amscan-ballongewicht-babyflasche-80-g-blau","title":{"rendered":"Amscan 114539-108 &#8211; Ballongewicht Babyflasche, 80 g, Gr\u00f6\u00dfe circa 4 x 4 x 9 cm, Folienballon, Heliumballon"},"content":{"rendered":"<p><!-- show up to 2 reviews by default --> <\/p>\n<h3>Produktbeschreibung<\/h3>\n<p>Das Ballongewicht der Firma Amscan sichert Ballons gegen Wegfliegen und ist zudem auch eine sch\u00f6ne Raumdekoration. Das Gewicht sieht wie eine kleine Babyflasche aus und wird in der Farbe Hellblau geliefert. Das Ballongewicht wiegt 80 g und hat die Ma\u00dfe von ca. 4 x 4 x 9 cm. Es h\u00e4lt ca. 10 Luftballons aus Latex oder 12 Folienballons am Boden. Das Gewicht f\u00fcgt sich prima als Dekoration f\u00fcr Ihre Baby Party oder Taufe ein. Amscan ist der weltweit gr\u00f6\u00dfte Hersteller und Anbieter von Partyartikeln aller Art. Mit den Marken Anagram (Folienballons), Riethm\u00fcller (Partyartikel), Everts (Latexballons), Christys + Travis (Kost\u00fcme und Accessories) und dem umfassenden Amscan Partysortiment decken wir alle Partyanl\u00e4sse und \u2013kategorien ab. Egal ob Pi\u00f1atas, Kost\u00fcme, Girlanden, Folienballons, Konfetti, Latexballons oder Luftschlangen \u2013 Amscan bietet alles, was man f\u00fcr einen Kindergeburtstag, eine Gartenparty oder Anl\u00e4sse wie Valentinstag, Karneval, Ostern, Mutter- und Vatertag, Schulanfang, Oktoberfest, Halloween, St. Martin, Nikolaus, Weihnachten oder Silvester braucht. <\/p>\n<h3>Warnhinweise<\/h3>\n<p>Nicht f\u00fcr Kinder unter 3 Jahren geeignet <\/p>\n<p>Das Ballongewicht der Firma Amscan sichert Ballons gegen Wegfliegen und ist zudem auch eine sch\u00f6ne Raumdekoration<br \/>\nDas Gewicht sieht wie eine kleine Babyflasche aus und wird in der Farbe Hellblau geliefert<br \/>\nDas Ballongewicht wiegt 80 g und hat die Ma\u00dfe von ca. 4 x 4 x 9 cm<br \/>\nEs h\u00e4lt ca. 10 Luftballons aus Latex oder 12 Folienballons am Boden<br \/>\nDas Gewicht f\u00fcgt sich prima als Dekoration f\u00fcr Ihre Baby Party oder Taufe ein<br \/>\n<div class=\"main-cross-sell\" data-asin=\"B0050OWESM\">\n\n\t<div class=\"WooZone-cross-sell-loader\">\n\t\t<div>\n\t\t\t<div id=\"floatingBarsG\">\n\t\t\t\t<div class=\"blockG\" id=\"rotateG_01\"><\/div>\n\t\t\t\t<div class=\"blockG\" id=\"rotateG_02\"><\/div>\n\t\t\t\t<div class=\"blockG\" id=\"rotateG_03\"><\/div>\n\t\t\t\t<div class=\"blockG\" id=\"rotateG_04\"><\/div>\n\t\t\t\t<div class=\"blockG\" id=\"rotateG_05\"><\/div>\n\t\t\t\t<div class=\"blockG\" id=\"rotateG_06\"><\/div>\n\t\t\t\t<div class=\"blockG\" id=\"rotateG_07\"><\/div>\n\t\t\t\t<div class=\"blockG\" id=\"rotateG_08\"><\/div>\n\t\t\t<\/div>\n\t\t\t<div class=\"WooZone-cross-sell-loader-text\"><\/div>\n\t\t<\/div>\n\t<\/div>\n\n\t\t\n<\/div>\n<div style=\"clear:both;\"><\/div>\n","protected":false},"excerpt":{"rendered":"<p>Das Ballongewicht der Firma Amscan sichert Ballons gegen Wegfliegen und ist zudem auch eine sch\u00f6ne Raumdekoration<br \/>\nDas Gewicht sieht wie eine kleine Babyflasche aus und wird in der Farbe Hellblau geliefert<br \/>\nDas Ballongewicht wiegt 80 g und hat die Ma\u00dfe von ca. 4 x 4 x 9 cm<\/p>\n","protected":false},"featured_media":2386,"comment_status":"open","ping_status":"closed","template":"","meta":{"rs_blank_template":"","rs_page_bg_color":"","slide_template_v7":""},"etheme_brands":[],"product_cat":[20],"product_tag":[],"class_list":{"0":"post-2385","1":"product","2":"type-product","3":"status-publish","4":"has-post-thumbnail","6":"product_cat-flaschen","7":"pa_brand-amscan","9":"first","10":"instock","11":"shipping-taxable","12":"product-type-simple"},"_links":{"self":[{"href":"https:\/\/www.babyelf.de\/index.php?rest_route=\/wp\/v2\/product\/2385","targetHints":{"allow":["GET"]}}],"collection":[{"href":"https:\/\/www.babyelf.de\/index.php?rest_route=\/wp\/v2\/product"}],"about":[{"href":"https:\/\/www.babyelf.de\/index.php?rest_route=\/wp\/v2\/types\/product"}],"replies":[{"embeddable":true,"href":"https:\/\/www.babyelf.de\/index.php?rest_route=%2Fwp%2Fv2%2Fcomments&post=2385"}],"wp:featuredmedia":[{"embeddable":true,"href":"https:\/\/www.babyelf.de\/index.php?rest_route=\/wp\/v2\/media\/2386"}],"wp:attachment":[{"href":"https:\/\/www.babyelf.de\/index.php?rest_route=%2Fwp%2Fv2%2Fmedia&parent=2385"}],"wp:term":[{"taxonomy":"brand","embeddable":true,"href":"https:\/\/www.babyelf.de\/index.php?rest_route=%2Fwp%2Fv2%2Fetheme_brands&post=2385"},{"taxonomy":"product_cat","embeddable":true,"href":"https:\/\/www.babyelf.de\/index.php?rest_route=%2Fwp%2Fv2%2Fproduct_cat&post=2385"},{"taxonomy":"product_tag","embeddable":true,"href":"https:\/\/www.babyelf.de\/index.php?rest_route=%2Fwp%2Fv2%2Fproduct_tag&post=2385"}],"curies":[{"name":"wp","href":"https:\/\/api.w.org\/{rel}","templated":true}]}}