{"id":2305,"date":"2020-08-21T08:30:49","date_gmt":"2020-08-21T08:30:49","guid":{"rendered":"https:\/\/www.babyelf.de\/?product=nuk-spuelmittel-fuer-babyflaschen-sauger-500-ml-mit-naturbasierten-inhaltsstoffen"},"modified":"2026-01-16T08:02:58","modified_gmt":"2026-01-16T07:02:58","slug":"nuk-spuelmittel-fuer-babyflaschen-sauger-500-ml-mit-naturbasierten-inhaltsstoffen","status":"publish","type":"product","link":"https:\/\/www.babyelf.de\/?product=nuk-spuelmittel-fuer-babyflaschen-sauger-500-ml-mit-naturbasierten-inhaltsstoffen","title":{"rendered":"NUK Sp\u00fclreiniger"},"content":{"rendered":"<div class=\"disclaim\"> Gr\u00f6\u00dfe:<strong>500 ml<\/strong> <\/div>\n<p> <!-- show up to 2 reviews by default --> <\/p>\n<h3>Produktbeschreibung<\/h3>\n<p><b>NUK Sp\u00fclreiniger 500 ml f\u00fcr Sauger und Flaschen, babygerecht und unbedenklich, frei von Parf\u00fcm und Farbstoffen, 30% gratis*<\/b><\/p>\n<p>NUK Sp\u00fclreiniger wurde speziell zur Reinigung von Babyartikeln entwickelt. Die Rezeptur basiert auf nat\u00fcrlichen Inhaltsstoffen, die aufgrund von Enzymen insbesondere Milch, Brei- und Saftr\u00fcckst\u00e4nde zuverl\u00e4ssig entfernt. <\/p>\n<p>Dabei ist der NUK Sp\u00fclreiniger so mild, dass Sie Babygeschirr wie Babyflaschen und Sauger, Cups, Esslerngeschirr, aber auch Milchpumpenteile und abwaschbare Spielzeuge und andere Teile, die mit dem Mund in Ber\u00fchrung kommen, ganz bedenkenlos und babygerecht reinigen k\u00f6nnen.<\/p>\n<p> <b>Wie wirkt NUK Sp\u00fclreiniger?<\/b><\/p>\n<p>Babys Nahrung besteht in den ersten Lebensmonaten aus Milch- und Breinahrung. Die hartn\u00e4ckigen Milcheiwei\u00dfe bleiben als Reste in Flaschen, den Trinksaugern sowie auf dem Babygeschirr zur\u00fcck und bilden dort Keime, Bakterien und schlechte Ger\u00fcche. NUK Sp\u00fclreiniger ist deshalb so mild, weil wir auf Inhaltsstoffe, die f\u00fcr die Reinigung von Babynahrung nicht notwendig sind, verzichtet haben. Stattdessen enth\u00e4lt der NUK Sp\u00fclreiniger Enzyme, die insbesondere gegen Milcheiwei\u00df und Verdicker wirken. <\/p>\n<p>Auch in der Natur, z.B. bei der Verdauung, helfen Enzyme, Eiwei\u00dfe zu spalten und zu l\u00f6sen. An diesem Vorbild aus der Natur orientiert sich die Rezeptur des neuen Sp\u00fclreinigers. Dank der d\u00fcnnfl\u00fcssigen Konsistenz verteilt sich der Reiniger schnell. Die festsitzenden Eiwei\u00dfe werden von den Enzymen aufgeknackt und k\u00f6nnen dann leicht und restlos ausgesp\u00fclt werden.<\/p>\n<p>*gegen\u00fcber Sp\u00fclreiniger 380 ml <\/p>\n<h3>Inhaltsstoffe \/ Zutaten<\/h3>\n<p>Anionische Tenside, nichtionische Tenside, Enzyme, Sodium Formate, Potassium Sorbate <\/p>\n<div data-a-expander-name=\"toggle_description\" class=\"a-row a-expander-container a-expander-extend-container\">\n<div class=\"a-expander-content a-expander-extend-content\">\n<h3>Anschrift Hersteller\/Importeur<\/h3>\n<p>Industriestra\u00dfe 21-25 27404 <\/p>\n<\/p><\/div>\n<p> <a href=\"void(0)\" data-action=\"a-expander-toggle\" class=\"a-expander-header a-declarative a-expander-extend-header\" data-a-expander-toggle=\"{\"><i class=\"a-icon a-icon-extender-expand\"><\/i><span class=\"a-expander-prompt\">Weitere Informationen<\/span><\/a> <\/div>\n<p>Naturbasierte Inhaltsstoffe, frei von Parf\u00fcm und Farbstoffen<br \/>\nBesonders wirksam gegen Milcheiwei\u00df, Brei und Saft-R\u00fcckst\u00e4nde<br \/>\nLeicht und restlos aussp\u00fclbar<br \/>\nph-hautneutral (dermatologisch getestet)<br \/>\nWirkstoffe auf Basis nachwachsender Rohstoffe und biologisch leicht abbaubar<br \/>\n<div class=\"main-cross-sell\" data-asin=\"B00I2KYSPI\">\n\n\t<div class=\"WooZone-cross-sell-loader\">\n\t\t<div>\n\t\t\t<div id=\"floatingBarsG\">\n\t\t\t\t<div class=\"blockG\" id=\"rotateG_01\"><\/div>\n\t\t\t\t<div class=\"blockG\" id=\"rotateG_02\"><\/div>\n\t\t\t\t<div class=\"blockG\" id=\"rotateG_03\"><\/div>\n\t\t\t\t<div class=\"blockG\" id=\"rotateG_04\"><\/div>\n\t\t\t\t<div class=\"blockG\" id=\"rotateG_05\"><\/div>\n\t\t\t\t<div class=\"blockG\" id=\"rotateG_06\"><\/div>\n\t\t\t\t<div class=\"blockG\" id=\"rotateG_07\"><\/div>\n\t\t\t\t<div class=\"blockG\" id=\"rotateG_08\"><\/div>\n\t\t\t<\/div>\n\t\t\t<div class=\"WooZone-cross-sell-loader-text\"><\/div>\n\t\t<\/div>\n\t<\/div>\n\n\t\t\n<\/div>\n<div style=\"clear:both;\"><\/div>\n","protected":false},"excerpt":{"rendered":"<p>Naturbasierte Inhaltsstoffe, frei von Parf\u00fcm und Farbstoffen<br \/>\nBesonders wirksam gegen Milcheiwei\u00df, Brei und Saft-R\u00fcckst\u00e4nde<br \/>\nLeicht und restlos aussp\u00fclbar<\/p>\n","protected":false},"featured_media":2306,"comment_status":"open","ping_status":"closed","template":"","meta":{"rs_blank_template":"","rs_page_bg_color":"","slide_template_v7":""},"etheme_brands":[],"product_cat":[20],"product_tag":[],"class_list":{"0":"post-2305","1":"product","2":"type-product","3":"status-publish","4":"has-post-thumbnail","6":"product_cat-flaschen","7":"pa_brand-nuk","9":"first","10":"instock","11":"shipping-taxable","12":"product-type-simple"},"_links":{"self":[{"href":"https:\/\/www.babyelf.de\/index.php?rest_route=\/wp\/v2\/product\/2305","targetHints":{"allow":["GET"]}}],"collection":[{"href":"https:\/\/www.babyelf.de\/index.php?rest_route=\/wp\/v2\/product"}],"about":[{"href":"https:\/\/www.babyelf.de\/index.php?rest_route=\/wp\/v2\/types\/product"}],"replies":[{"embeddable":true,"href":"https:\/\/www.babyelf.de\/index.php?rest_route=%2Fwp%2Fv2%2Fcomments&post=2305"}],"wp:featuredmedia":[{"embeddable":true,"href":"https:\/\/www.babyelf.de\/index.php?rest_route=\/wp\/v2\/media\/2306"}],"wp:attachment":[{"href":"https:\/\/www.babyelf.de\/index.php?rest_route=%2Fwp%2Fv2%2Fmedia&parent=2305"}],"wp:term":[{"taxonomy":"brand","embeddable":true,"href":"https:\/\/www.babyelf.de\/index.php?rest_route=%2Fwp%2Fv2%2Fetheme_brands&post=2305"},{"taxonomy":"product_cat","embeddable":true,"href":"https:\/\/www.babyelf.de\/index.php?rest_route=%2Fwp%2Fv2%2Fproduct_cat&post=2305"},{"taxonomy":"product_tag","embeddable":true,"href":"https:\/\/www.babyelf.de\/index.php?rest_route=%2Fwp%2Fv2%2Fproduct_tag&post=2305"}],"curies":[{"name":"wp","href":"https:\/\/api.w.org\/{rel}","templated":true}]}}