{"id":2209,"date":"2020-08-21T08:30:06","date_gmt":"2020-08-21T08:30:06","guid":{"rendered":"https:\/\/www.babyelf.de\/?product=reer-vapomax-grosser-vaporisator-platz-fuer-6-flaeschchen-und-zubehoer"},"modified":"2026-01-16T07:55:20","modified_gmt":"2026-01-16T06:55:20","slug":"reer-vapomax-grosser-vaporisator-platz-fuer-6-flaeschchen-und-zubehoer","status":"publish","type":"product","link":"https:\/\/www.babyelf.de\/?product=reer-vapomax-grosser-vaporisator-platz-fuer-6-flaeschchen-und-zubehoer","title":{"rendered":"Reer VapoMax gro\u00dfer Vaporisator, Platz f\u00fcr 6 Fl\u00e4schchen und Zubeh\u00f6r, \u200eWei\u00df\/anthrazit, 1 St\u00fcck (1er Pack)"},"content":{"rendered":"<p><!-- show up to 2 reviews by default --> <\/p>\n<p>Sterilisation energiesparend und effizient: Weniger Wasser- und Energieverbrauch als beim Aufkochen auf dem Herd, kein Warten neben dem kochenden Topf. Der VapoMax von reer erledigt seine Aufgabe ganz von allein.<br \/>Neugeborene, Babys und Kleinkinder haben zu Beginn ihres Lebens noch nicht gen\u00fcgend Abwehrstoffe, um sich vor Infektionen zu sch\u00fctzen. Der VapoMax von reer sterilisiert bis zu 6 Fl\u00e4schchen in nur 10 Minuten. Anschlie\u00dfend schaltet sich der Vaporisator automatisch ab. Bei\u00dfringe, Sauger, Schnuller und andere Kleinteile finden im gro\u00dfen abnehmbaren Korbeinsatz Platz. Der VapoMax ist gleicherma\u00dfen f\u00fcr Glasflaschen wie Plastikflaschen geeignet.<br \/>Die Desinfektion erfolgt ganz ohne Chemie, der hei\u00dfe Wasserdampf t\u00f6tet zuverl\u00e4ssig 99,9% der sch\u00e4dlichen Keime ab. Bleibt der Deckel nach dem Desinfektions-Vorgang geschlossen, bleiben die Fl\u00e4schchen im Sterilisator mindestens 3 Stunden lang desinfiziert. Der Dampfauslass ist mit dem HeatColour-Indikator ausgestattet und signalisiert Ihnen eine hei\u00dfe Oberfl\u00e4che.<br \/>Zum Lieferumfang geh\u00f6ren der Vaporisator mit herausnehmbarem Korbeinsatz, Gebrauchsanleitung und eine praktische Greifzange, mit dem Sie die desinfizierten Teile ganz einfach entnehmen k\u00f6nnen. <\/p>\n<p>Schnelle, einfache &amp; sichere Desinfektion von Fl\u00e4schchen, Schnullern und Zubeh\u00f6r mit Wasserdampf in nur 10 Minuten<br \/>\nHerausnehmbare Flaschenhalterung bietet Platz f\u00fcr bis zu 6 Fl\u00e4schchen, auch Greif-, Weithalsflaschen, Glasflaschen<br \/>\nGro\u00dfer abnehmbarer Korbeinsatz f\u00fcr Kleinteile wie Schnuller, Bei\u00dfringe, usw.<br \/>\nAutomatische Abschaltfunktion, praktische Greifzange zum Herausnehmen, Hitze-Indikator warnt vor hei\u00dfer Oberfl\u00e4che<br \/>\nUmweltfreundlicher Wasserdampf-Sterilisator, Inhalt bleibt mind. 3 Stunden desinfiziert. Ma\u00dfe: \u00d8 23,5 cm, H: 33,0 cm<br \/>\n<div class=\"main-cross-sell\" data-asin=\"B017VBB9BY\">\n\n\t<div class=\"WooZone-cross-sell-loader\">\n\t\t<div>\n\t\t\t<div id=\"floatingBarsG\">\n\t\t\t\t<div class=\"blockG\" id=\"rotateG_01\"><\/div>\n\t\t\t\t<div class=\"blockG\" id=\"rotateG_02\"><\/div>\n\t\t\t\t<div class=\"blockG\" id=\"rotateG_03\"><\/div>\n\t\t\t\t<div class=\"blockG\" id=\"rotateG_04\"><\/div>\n\t\t\t\t<div class=\"blockG\" id=\"rotateG_05\"><\/div>\n\t\t\t\t<div class=\"blockG\" id=\"rotateG_06\"><\/div>\n\t\t\t\t<div class=\"blockG\" id=\"rotateG_07\"><\/div>\n\t\t\t\t<div class=\"blockG\" id=\"rotateG_08\"><\/div>\n\t\t\t<\/div>\n\t\t\t<div class=\"WooZone-cross-sell-loader-text\"><\/div>\n\t\t<\/div>\n\t<\/div>\n\n\t\t\n<\/div>\n<div style=\"clear:both;\"><\/div>\n","protected":false},"excerpt":{"rendered":"<p>Schnelle, einfache &amp; sichere Desinfektion von Fl\u00e4schchen, Schnullern und Zubeh\u00f6r mit Wasserdampf in nur 10 Minuten<br \/>\nHerausnehmbare Flaschenhalterung bietet Platz f\u00fcr bis zu 6 Fl\u00e4schchen, auch Greif-, Weithalsflaschen, Glasflaschen<br \/>\nGro\u00dfer abnehmbarer Korbeinsatz f\u00fcr Kleinteile wie Schnuller, Bei\u00dfringe, usw.<\/p>\n","protected":false},"featured_media":2210,"comment_status":"open","ping_status":"closed","template":"","meta":{"rs_blank_template":"","rs_page_bg_color":"","slide_template_v7":""},"etheme_brands":[],"product_cat":[20],"product_tag":[],"class_list":{"0":"post-2209","1":"product","2":"type-product","3":"status-publish","4":"has-post-thumbnail","6":"product_cat-flaschen","7":"pa_brand-reer","9":"first","10":"instock","11":"sale","12":"shipping-taxable","13":"purchasable","14":"product-type-simple"},"_links":{"self":[{"href":"https:\/\/www.babyelf.de\/index.php?rest_route=\/wp\/v2\/product\/2209","targetHints":{"allow":["GET"]}}],"collection":[{"href":"https:\/\/www.babyelf.de\/index.php?rest_route=\/wp\/v2\/product"}],"about":[{"href":"https:\/\/www.babyelf.de\/index.php?rest_route=\/wp\/v2\/types\/product"}],"replies":[{"embeddable":true,"href":"https:\/\/www.babyelf.de\/index.php?rest_route=%2Fwp%2Fv2%2Fcomments&post=2209"}],"wp:featuredmedia":[{"embeddable":true,"href":"https:\/\/www.babyelf.de\/index.php?rest_route=\/wp\/v2\/media\/2210"}],"wp:attachment":[{"href":"https:\/\/www.babyelf.de\/index.php?rest_route=%2Fwp%2Fv2%2Fmedia&parent=2209"}],"wp:term":[{"taxonomy":"brand","embeddable":true,"href":"https:\/\/www.babyelf.de\/index.php?rest_route=%2Fwp%2Fv2%2Fetheme_brands&post=2209"},{"taxonomy":"product_cat","embeddable":true,"href":"https:\/\/www.babyelf.de\/index.php?rest_route=%2Fwp%2Fv2%2Fproduct_cat&post=2209"},{"taxonomy":"product_tag","embeddable":true,"href":"https:\/\/www.babyelf.de\/index.php?rest_route=%2Fwp%2Fv2%2Fproduct_tag&post=2209"}],"curies":[{"name":"wp","href":"https:\/\/api.w.org\/{rel}","templated":true}]}}