{"id":2089,"date":"2020-08-21T08:29:16","date_gmt":"2020-08-21T08:29:16","guid":{"rendered":"https:\/\/www.babyelf.de\/?product=medela-babyflaschen-set-150-ml-3-stueck"},"modified":"2026-01-16T07:52:50","modified_gmt":"2026-01-16T06:52:50","slug":"medela-babyflaschen-set-150-ml-3-stueck","status":"publish","type":"product","link":"https:\/\/www.babyelf.de\/?product=medela-babyflaschen-set-150-ml-3-stueck","title":{"rendered":"Medela Flaschen zur Aufbewahrung von Muttermilch | BPA-frei | Packung \u00e0 3 \u00d7 150 ml"},"content":{"rendered":"<div class=\"disclaim\"> Gr\u00f6\u00dfe:<strong>150 ml (3er Pack)<\/strong> <\/div>\n<p> <!-- show up to 2 reviews by default --> <\/p>\n<h3>Produktbeschreibung<\/h3>\n<p>Medela Muttermilchflaschen Set mit 3 Flaschen a 150 ml. Die Muttermilchflasche von Medela ist vielseitig einsetzbar und eignet sich zum Auffangen Aufbewahren und F\u00fcttern von Muttermilch. Die Milchflaschen von Medela sind bruchsicher und in zwei Gr\u00f6\u00dfen erh\u00e4ltlich: 150 ml und 250. Ersatzsauger sind separat erh\u00e4ltlich. Die Muttermilchflaschen von Medela sind BPA-frei sp\u00fclmaschinen- und auch mikrowellenfest. Die Milchflaschen passen zu jeder Milchpumpe und jedem Sauger von Medela. Vielseitig &#8211; optimal zum Abpumpen Aufbewahren Einfrieren und F\u00fcttern von Muttermilch Dieselbe Flasche zum Aufbewahren und F\u00fcttern &#8211; kein Verlust von wertvoller Muttermilch Einfache Reinigung Best\u00e4ndig &#8211; zerbricht und zerspringt nicht beim Herunterfallen Sicheres Material f\u00fcr Sie und Ihr Baby. <\/p>\n<h3>Rechtliche Hinweise<\/h3>\n<p>Privatverkauf, keine R\u00fccknahme <\/p>\n<div data-a-expander-name=\"toggle_description\" class=\"a-row a-expander-container a-expander-extend-container\">\n<div class=\"a-expander-content a-expander-extend-content\">\n<h3>Set enth\u00e4lt:<\/h3>\n<p>Saugflasche f\u00fcr Muttermilch &#8211; 3 St\u00fcck <\/p>\n<\/p><\/div>\n<p> <a href=\"void(0)\" data-action=\"a-expander-toggle\" class=\"a-expander-header a-declarative a-expander-extend-header\" data-a-expander-toggle=\"{\"><i class=\"a-icon a-icon-extender-expand\"><\/i><span class=\"a-expander-prompt\">Weitere Informationen<\/span><\/a> <\/div>\n<p>Das praktische 3er-Set der bew\u00e4hrten Muttermilchflaschen von Medela<br \/>\nDie ideale L\u00f6sung zum Auffangen, Aufbewahren, Einfrieren und F\u00fcttern von Muttermilch<br \/>\nKein Tropfen der kostbaren Milch geht verloren<br \/>\nFrei von Bisphenol A (BPA)<br \/>\nLeicht zu reinigen, da Geschirrsp\u00fclmaschinen- und Mikrowellenfest<br \/>\n<div class=\"main-cross-sell\" data-asin=\"B000OE2XFC\">\n\n\t<div class=\"WooZone-cross-sell-loader\">\n\t\t<div>\n\t\t\t<div id=\"floatingBarsG\">\n\t\t\t\t<div class=\"blockG\" id=\"rotateG_01\"><\/div>\n\t\t\t\t<div class=\"blockG\" id=\"rotateG_02\"><\/div>\n\t\t\t\t<div class=\"blockG\" id=\"rotateG_03\"><\/div>\n\t\t\t\t<div class=\"blockG\" id=\"rotateG_04\"><\/div>\n\t\t\t\t<div class=\"blockG\" id=\"rotateG_05\"><\/div>\n\t\t\t\t<div class=\"blockG\" id=\"rotateG_06\"><\/div>\n\t\t\t\t<div class=\"blockG\" id=\"rotateG_07\"><\/div>\n\t\t\t\t<div class=\"blockG\" id=\"rotateG_08\"><\/div>\n\t\t\t<\/div>\n\t\t\t<div class=\"WooZone-cross-sell-loader-text\"><\/div>\n\t\t<\/div>\n\t<\/div>\n\n\t\t\n<\/div>\n<div style=\"clear:both;\"><\/div>\n","protected":false},"excerpt":{"rendered":"<p>Das praktische 3er-Set der bew\u00e4hrten Muttermilchflaschen von Medela<br \/>\nDie ideale L\u00f6sung zum Auffangen, Aufbewahren, Einfrieren und F\u00fcttern von Muttermilch<br \/>\nKein Tropfen der kostbaren Milch geht verloren<\/p>\n","protected":false},"featured_media":2090,"comment_status":"open","ping_status":"closed","template":"","meta":{"rs_blank_template":"","rs_page_bg_color":"","slide_template_v7":""},"etheme_brands":[],"product_cat":[20],"product_tag":[],"class_list":{"0":"post-2089","1":"product","2":"type-product","3":"status-publish","4":"has-post-thumbnail","6":"product_cat-flaschen","7":"pa_brand-medela","9":"first","10":"instock","11":"sale","12":"shipping-taxable","13":"purchasable","14":"product-type-simple"},"_links":{"self":[{"href":"https:\/\/www.babyelf.de\/index.php?rest_route=\/wp\/v2\/product\/2089","targetHints":{"allow":["GET"]}}],"collection":[{"href":"https:\/\/www.babyelf.de\/index.php?rest_route=\/wp\/v2\/product"}],"about":[{"href":"https:\/\/www.babyelf.de\/index.php?rest_route=\/wp\/v2\/types\/product"}],"replies":[{"embeddable":true,"href":"https:\/\/www.babyelf.de\/index.php?rest_route=%2Fwp%2Fv2%2Fcomments&post=2089"}],"wp:featuredmedia":[{"embeddable":true,"href":"https:\/\/www.babyelf.de\/index.php?rest_route=\/wp\/v2\/media\/2090"}],"wp:attachment":[{"href":"https:\/\/www.babyelf.de\/index.php?rest_route=%2Fwp%2Fv2%2Fmedia&parent=2089"}],"wp:term":[{"taxonomy":"brand","embeddable":true,"href":"https:\/\/www.babyelf.de\/index.php?rest_route=%2Fwp%2Fv2%2Fetheme_brands&post=2089"},{"taxonomy":"product_cat","embeddable":true,"href":"https:\/\/www.babyelf.de\/index.php?rest_route=%2Fwp%2Fv2%2Fproduct_cat&post=2089"},{"taxonomy":"product_tag","embeddable":true,"href":"https:\/\/www.babyelf.de\/index.php?rest_route=%2Fwp%2Fv2%2Fproduct_tag&post=2089"}],"curies":[{"name":"wp","href":"https:\/\/api.w.org\/{rel}","templated":true}]}}