{"id":2082,"date":"2020-08-21T08:29:13","date_gmt":"2020-08-21T08:29:13","guid":{"rendered":"https:\/\/www.babyelf.de\/?product=medela-babyflasche-mit-ersatzsauger-s-langsamer-fluss-150-ml"},"modified":"2026-01-24T10:13:08","modified_gmt":"2026-01-24T09:13:08","slug":"medela-babyflasche-mit-ersatzsauger-s-langsamer-fluss-150-ml","status":"publish","type":"product","link":"https:\/\/www.babyelf.de\/?product=medela-babyflasche-mit-ersatzsauger-s-langsamer-fluss-150-ml","title":{"rendered":"Medela Flasche mit langsamem Durchfluss, BPA-frei, 150 ml"},"content":{"rendered":"<div class=\"disclaim\"> Stil:<strong>Set: 150ml Flasche + Sauger Gr. S<\/strong> <\/div>\n<p> <!-- show up to 2 reviews by default --> <\/p>\n<h3>Produktbeschreibung<\/h3>\n<p>Medela Milchflasche 150 ml mit Sauger S (langsamer Fluss) Bestell-Nr.: 200.0597 Die Bisphenol-A-freie Milchflasche mit Sauger eignet sich zum Auffangen, Aufbewahren und F\u00fcttern von Muttermilch. Die Milchflaschen von Medela sind speziell auf die Bed\u00fcrfnisse von Mutter und Kind w\u00e4hrend der Stillzeit abgestimmt. Ihr Baby kommt nur mit BPA-freiem Material in Ber\u00fchrung. Sicher: f\u00fcr die Gesundheit Ihres Babies frei von Bisphenol A (BPA) Flexibel: ideal zum Auffangen, Aufbewahren, Einfrieren und F\u00fcttern Effizient: kein Tropfen der kostbaren Milch geht verloren Leicht zu reinigen: Geschirrsp\u00fclmaschinen- und Mikrowellenfest Sauger aus Silikon Milchflaschen f\u00fcr kostbare Muttermilch Muttermilch ist wichtig f\u00fcr die Entwicklung Ihres Babys. Gehen Sie dabei vorsichtig damit um, bleiben alle nat\u00fcrlichen Vitamine und N\u00e4hrstoffe erhalten. Die richtige Wahl der Milchflasche zur Aufbewahrung von Muttermilch ist deshalb sehr wichtig. Medela entwickelt seit jeher Milchflaschen aus BPA-freiem Material. Muttermilch richtig aufbewahren Die Milchflaschen von Medela sind f\u00fcr eine sichere und lange Aufbewahrung der Muttermilch konzipiert. Sie k\u00f6nnen die Muttermilch f\u00fcr Ihr Baby direkt in die Milchflaschen abpumpen und bis zur Mahlzeit aufbewahren. Das bedeutet: Kein Tropfen der Milch geht verloren und Sie haben weniger Arbeit beim Abwaschen. Nat\u00fcrlich sind unsere Milchflaschen bruchsicher. <\/p>\n<h3>Inhaltsstoffe \/ Zutaten<\/h3>\n<p>MEDELA Milchflasche 150 ml m.Sauger 1 St Flaschen <\/p>\n<div data-a-expander-name=\"toggle_description\" class=\"a-row a-expander-container a-expander-extend-container\">\n<div class=\"a-expander-content a-expander-extend-content\">\n<h3>Rechtliche Hinweise<\/h3>\n<p>Zu Risiken und Nebenwirkungen lesen Sie die Packungsbeilage und fragen Sie Ihren Arzt oder Apotheker. <\/p>\n<\/p><\/div>\n<p> <a href=\"void(0)\" data-action=\"a-expander-toggle\" class=\"a-expander-header a-declarative a-expander-extend-header\" data-a-expander-toggle=\"{\"><i class=\"a-icon a-icon-extender-expand\"><\/i><span class=\"a-expander-prompt\">Weitere Informationen<\/span><\/a> <\/div>\n<p>Ideal zum Auffangen, Aufbewahren, Einfrieren und F\u00fcttern von Muttermilch<br \/>\nInklusive Medela Sauger aus Silikon, Gr. S f\u00fcr langsamen Fluss<br \/>\nPasst zu allen Milchpumpen und Saugern von Medela<br \/>\nLeichte Reinigung in Sp\u00fclmaschine und Mikrowelle m\u00f6glich<br \/>\nBest\u00e4ndig: zerbricht und zerspringt nicht beim Herunterfallen<br \/>\n<div class=\"main-cross-sell\" data-asin=\"B0012U45H6\">\n\n\t<div class=\"WooZone-cross-sell-loader\">\n\t\t<div>\n\t\t\t<div id=\"floatingBarsG\">\n\t\t\t\t<div class=\"blockG\" id=\"rotateG_01\"><\/div>\n\t\t\t\t<div class=\"blockG\" id=\"rotateG_02\"><\/div>\n\t\t\t\t<div class=\"blockG\" id=\"rotateG_03\"><\/div>\n\t\t\t\t<div class=\"blockG\" id=\"rotateG_04\"><\/div>\n\t\t\t\t<div class=\"blockG\" id=\"rotateG_05\"><\/div>\n\t\t\t\t<div class=\"blockG\" id=\"rotateG_06\"><\/div>\n\t\t\t\t<div class=\"blockG\" id=\"rotateG_07\"><\/div>\n\t\t\t\t<div class=\"blockG\" id=\"rotateG_08\"><\/div>\n\t\t\t<\/div>\n\t\t\t<div class=\"WooZone-cross-sell-loader-text\"><\/div>\n\t\t<\/div>\n\t<\/div>\n\n\t\t\n<\/div>\n<div style=\"clear:both;\"><\/div>\n","protected":false},"excerpt":{"rendered":"<p>Ideal zum Auffangen, Aufbewahren, Einfrieren und F\u00fcttern von Muttermilch<br \/>\nInklusive Medela Sauger aus Silikon, Gr. S f\u00fcr langsamen Fluss<br \/>\nPasst zu allen Milchpumpen und Saugern von Medela<\/p>\n","protected":false},"featured_media":2083,"comment_status":"open","ping_status":"closed","template":"","meta":{"rs_blank_template":"","rs_page_bg_color":"","slide_template_v7":""},"etheme_brands":[],"product_cat":[20],"product_tag":[],"class_list":{"0":"post-2082","1":"product","2":"type-product","3":"status-publish","4":"has-post-thumbnail","6":"product_cat-flaschen","7":"pa_brand-medela","9":"first","10":"instock","11":"shipping-taxable","12":"product-type-simple"},"_links":{"self":[{"href":"https:\/\/www.babyelf.de\/index.php?rest_route=\/wp\/v2\/product\/2082","targetHints":{"allow":["GET"]}}],"collection":[{"href":"https:\/\/www.babyelf.de\/index.php?rest_route=\/wp\/v2\/product"}],"about":[{"href":"https:\/\/www.babyelf.de\/index.php?rest_route=\/wp\/v2\/types\/product"}],"replies":[{"embeddable":true,"href":"https:\/\/www.babyelf.de\/index.php?rest_route=%2Fwp%2Fv2%2Fcomments&post=2082"}],"wp:featuredmedia":[{"embeddable":true,"href":"https:\/\/www.babyelf.de\/index.php?rest_route=\/wp\/v2\/media\/2083"}],"wp:attachment":[{"href":"https:\/\/www.babyelf.de\/index.php?rest_route=%2Fwp%2Fv2%2Fmedia&parent=2082"}],"wp:term":[{"taxonomy":"brand","embeddable":true,"href":"https:\/\/www.babyelf.de\/index.php?rest_route=%2Fwp%2Fv2%2Fetheme_brands&post=2082"},{"taxonomy":"product_cat","embeddable":true,"href":"https:\/\/www.babyelf.de\/index.php?rest_route=%2Fwp%2Fv2%2Fproduct_cat&post=2082"},{"taxonomy":"product_tag","embeddable":true,"href":"https:\/\/www.babyelf.de\/index.php?rest_route=%2Fwp%2Fv2%2Fproduct_tag&post=2082"}],"curies":[{"name":"wp","href":"https:\/\/api.w.org\/{rel}","templated":true}]}}