{"id":2078,"date":"2020-08-21T08:29:12","date_gmt":"2020-08-21T08:29:12","guid":{"rendered":"https:\/\/www.babyelf.de\/?product=simba-105562487-new-born-baby-first-nursing-babyflaschen-set"},"modified":"2026-01-24T10:13:08","modified_gmt":"2026-01-24T09:13:08","slug":"simba-105562487-new-born-baby-first-nursing-babyflaschen-set","status":"publish","type":"product","link":"https:\/\/www.babyelf.de\/?product=simba-105562487-new-born-baby-first-nursing-babyflaschen-set","title":{"rendered":"Simba 105562487 &#8211; New Born Baby First Nursing Set, Schnuller, Windel und Milchfl\u00e4schchen mit verschwindendem Inhalt, f\u00fcr 38-43cm Puppen"},"content":{"rendered":"<p><!-- show up to 2 reviews by default --> <\/p>\n<p>New Born Baby l\u00e4dt mit ihren lebensechten Funktionen zum Rollenspiel ein. Die s\u00fcsse Puppe kann wie ein echtes Baby mit F\u00fcttern, Baden, chlafen, Wickeln und aufs T\u00f6pfchen Gehen liebevoll von den Puppenmamis umsorgt werden. Dem fantasievollen Rollenspiel sind keine Grenzen gesetzt und schult spielerisch Motorik, Verantwortungsbewusstsein &amp; Sozialkompetenz von Puppenmamis jeden Alters.Das New Born aby Erstes Pflegeset bringt zus\u00e4tzlichen Spielspass und regt zum erweiterten Rollenspiel an. Das Fl\u00e4schchen mit dem verschwindenden Inhalt fasziniert jede Puppenmami und macht das Flasche geben noch realistischer. Mit der zus\u00e4tzlichen Windel und dem Schnuller k\u00f6nnen Puppen liebevoll von ihren Mamis umpflegt werden.Der Artikel ist f\u00fcr Kinder ab 3 Jahren geeignet und ben\u00f6tigt keine Batterien. <\/p>\n<p>Material: Kunststoff<br \/>\n<div class=\"main-cross-sell\" data-asin=\"B00SFJ4T3W\">\n\n\t<div class=\"WooZone-cross-sell-loader\">\n\t\t<div>\n\t\t\t<div id=\"floatingBarsG\">\n\t\t\t\t<div class=\"blockG\" id=\"rotateG_01\"><\/div>\n\t\t\t\t<div class=\"blockG\" id=\"rotateG_02\"><\/div>\n\t\t\t\t<div class=\"blockG\" id=\"rotateG_03\"><\/div>\n\t\t\t\t<div class=\"blockG\" id=\"rotateG_04\"><\/div>\n\t\t\t\t<div class=\"blockG\" id=\"rotateG_05\"><\/div>\n\t\t\t\t<div class=\"blockG\" id=\"rotateG_06\"><\/div>\n\t\t\t\t<div class=\"blockG\" id=\"rotateG_07\"><\/div>\n\t\t\t\t<div class=\"blockG\" id=\"rotateG_08\"><\/div>\n\t\t\t<\/div>\n\t\t\t<div class=\"WooZone-cross-sell-loader-text\"><\/div>\n\t\t<\/div>\n\t<\/div>\n\n\t\t\n<\/div>\n<div style=\"clear:both;\"><\/div>\n","protected":false},"excerpt":{"rendered":"<p>Material: Kunststoff<\/p>\n","protected":false},"featured_media":2079,"comment_status":"open","ping_status":"closed","template":"","meta":{"rs_blank_template":"","rs_page_bg_color":"","slide_template_v7":""},"etheme_brands":[],"product_cat":[20],"product_tag":[],"class_list":{"0":"post-2078","1":"product","2":"type-product","3":"status-publish","4":"has-post-thumbnail","6":"product_cat-flaschen","7":"pa_brand-simba","9":"first","10":"instock","11":"shipping-taxable","12":"purchasable","13":"product-type-simple"},"_links":{"self":[{"href":"https:\/\/www.babyelf.de\/index.php?rest_route=\/wp\/v2\/product\/2078","targetHints":{"allow":["GET"]}}],"collection":[{"href":"https:\/\/www.babyelf.de\/index.php?rest_route=\/wp\/v2\/product"}],"about":[{"href":"https:\/\/www.babyelf.de\/index.php?rest_route=\/wp\/v2\/types\/product"}],"replies":[{"embeddable":true,"href":"https:\/\/www.babyelf.de\/index.php?rest_route=%2Fwp%2Fv2%2Fcomments&post=2078"}],"wp:featuredmedia":[{"embeddable":true,"href":"https:\/\/www.babyelf.de\/index.php?rest_route=\/wp\/v2\/media\/2079"}],"wp:attachment":[{"href":"https:\/\/www.babyelf.de\/index.php?rest_route=%2Fwp%2Fv2%2Fmedia&parent=2078"}],"wp:term":[{"taxonomy":"brand","embeddable":true,"href":"https:\/\/www.babyelf.de\/index.php?rest_route=%2Fwp%2Fv2%2Fetheme_brands&post=2078"},{"taxonomy":"product_cat","embeddable":true,"href":"https:\/\/www.babyelf.de\/index.php?rest_route=%2Fwp%2Fv2%2Fproduct_cat&post=2078"},{"taxonomy":"product_tag","embeddable":true,"href":"https:\/\/www.babyelf.de\/index.php?rest_route=%2Fwp%2Fv2%2Fproduct_tag&post=2078"}],"curies":[{"name":"wp","href":"https:\/\/api.w.org\/{rel}","templated":true}]}}