{"id":2054,"date":"2020-08-21T08:29:02","date_gmt":"2020-08-21T08:29:02","guid":{"rendered":"https:\/\/www.babyelf.de\/?product=dr-browns-27301-options-babyflasche-150-ml-blau"},"modified":"2026-01-24T10:13:08","modified_gmt":"2026-01-24T09:13:08","slug":"dr-browns-27301-options-babyflasche-150-ml-blau","status":"publish","type":"product","link":"https:\/\/www.babyelf.de\/?product=dr-browns-27301-options-babyflasche-150-ml-blau","title":{"rendered":"Dr Browns 27301 Options+ Babyflasche, 150 ml, blau, DRBPLUS-WB51600"},"content":{"rendered":"<p><!-- show up to 2 reviews by default --> <\/p>\n<h3>Produktbeschreibung<\/h3>\n<p>Das verbesserte Design der Dr brown&#8217;s options+ Anti-Kolik Flaschen reduziert, durch das einzigartige 100% vakuumfreie Bel\u00fcftungssystem von Dr brown, klinisch nachweislich Koliken. Die Dr brown&#8217;s options+ Flaschen bieten eine einfache und bequeme M\u00f6glichkeit Ihr Kleines zu f\u00fcttern, und sich an Seine Bed\u00fcrfnisse anzupassen w\u00e4hrend es w\u00e4chst. Mit dem einzigartigen Design kann diese Flasche mit oder ohne das herausnehmbare Bel\u00fcftungssystem verwendet werden, um Sie in eine einfache Trinkflasche mit Sauger zu verwandeln. Verwenden Sie DR. Brown&#8217;s options+ Flaschen von Geburt &#8211; warten Sie nicht bis Ihr Baby KOLIK entwickelt! Das einzigartige interne gr\u00fcne Bel\u00fcftungssystem erzeugt weiterhin 100% vakuumfreie F\u00fctterung, was klinisch nachweislich hilft, windbedingte Koliken zu reduzieren. Deswegen ist DR. Brown&#8217;s die erste Wahl von britischen Gesundheitsexperten zur Linderung von Koliken. Der brustnachempfundene Sauger ist richtig konturiert, f\u00fcr sicheres anlegen und ein nat\u00fcrlicheres Trinkerlebnis \u2013 perfekt f\u00fcr den Wechsel von Brust zu Flasche und wieder zur\u00fcck. Jeder Sauger ist speziell entwickelt, um den selben nat\u00fcrlichen Fluss zu bieten, so dass Sie und Ihr Baby wissen, was sie bei jedem F\u00fcttern erwartet. Dr brown&#8217;s Optionen+ w\u00e4chst mit dem Baby mit, so dass das Entl\u00fcftungssystem einfach entnommen werden kann, Wenn das Baby nicht mehr Probleme mit Koliken hat, oder Sie auf das System verzichten wollen. Die saugerentl\u00fcftung sorgt f\u00fcr einen kontrollierten Durchfluss, der Babys eine einfache und bequeme M\u00f6glichkeit bietet, in Ihrem eigenen Tempo zu trinken. Ein komplettes Federungssystem, das mit dem Baby mitw\u00e4chst und hilft, die Symptome von windbedingten Koliken zu lindern. Pr\u00e4vention ist besser als Heilung!. <\/p>\n<h3>Set enth\u00e4lt:<\/h3>\n<p>1 x item listed <\/p>\n<p>\u00dcber 20 Jahre Erfahrung hilft M\u00fcttern bei der Bek\u00e4mpfung von Koliken<br \/>\nKonturierter stillsauger f\u00fcr eine sichere Verriegelung und ein nat\u00fcrlicheres Flaschen F\u00fcttern<br \/>\nHilft bei der Verdauung f\u00fcr einen guten Schlaf<br \/>\n<div class=\"main-cross-sell\" data-asin=\"B07TW6JDV6\">\n\n\t<div class=\"WooZone-cross-sell-loader\">\n\t\t<div>\n\t\t\t<div id=\"floatingBarsG\">\n\t\t\t\t<div class=\"blockG\" id=\"rotateG_01\"><\/div>\n\t\t\t\t<div class=\"blockG\" id=\"rotateG_02\"><\/div>\n\t\t\t\t<div class=\"blockG\" id=\"rotateG_03\"><\/div>\n\t\t\t\t<div class=\"blockG\" id=\"rotateG_04\"><\/div>\n\t\t\t\t<div class=\"blockG\" id=\"rotateG_05\"><\/div>\n\t\t\t\t<div class=\"blockG\" id=\"rotateG_06\"><\/div>\n\t\t\t\t<div class=\"blockG\" id=\"rotateG_07\"><\/div>\n\t\t\t\t<div class=\"blockG\" id=\"rotateG_08\"><\/div>\n\t\t\t<\/div>\n\t\t\t<div class=\"WooZone-cross-sell-loader-text\"><\/div>\n\t\t<\/div>\n\t<\/div>\n\n\t\t\n<\/div>\n<div style=\"clear:both;\"><\/div>\n","protected":false},"excerpt":{"rendered":"<p>\u00dcber 20 Jahre Erfahrung hilft M\u00fcttern bei der Bek\u00e4mpfung von Koliken<br \/>\nKonturierter stillsauger f\u00fcr eine sichere Verriegelung und ein nat\u00fcrlicheres Flaschen F\u00fcttern<br \/>\nHilft bei der Verdauung f\u00fcr einen guten Schlaf<\/p>\n","protected":false},"featured_media":2055,"comment_status":"open","ping_status":"closed","template":"","meta":{"rs_blank_template":"","rs_page_bg_color":"","slide_template_v7":""},"etheme_brands":[],"product_cat":[20],"product_tag":[],"class_list":{"0":"post-2054","1":"product","2":"type-product","3":"status-publish","4":"has-post-thumbnail","6":"product_cat-flaschen","7":"pa_brand-dr-browns","9":"first","10":"instock","11":"shipping-taxable","12":"product-type-simple"},"_links":{"self":[{"href":"https:\/\/www.babyelf.de\/index.php?rest_route=\/wp\/v2\/product\/2054","targetHints":{"allow":["GET"]}}],"collection":[{"href":"https:\/\/www.babyelf.de\/index.php?rest_route=\/wp\/v2\/product"}],"about":[{"href":"https:\/\/www.babyelf.de\/index.php?rest_route=\/wp\/v2\/types\/product"}],"replies":[{"embeddable":true,"href":"https:\/\/www.babyelf.de\/index.php?rest_route=%2Fwp%2Fv2%2Fcomments&post=2054"}],"wp:featuredmedia":[{"embeddable":true,"href":"https:\/\/www.babyelf.de\/index.php?rest_route=\/wp\/v2\/media\/2055"}],"wp:attachment":[{"href":"https:\/\/www.babyelf.de\/index.php?rest_route=%2Fwp%2Fv2%2Fmedia&parent=2054"}],"wp:term":[{"taxonomy":"brand","embeddable":true,"href":"https:\/\/www.babyelf.de\/index.php?rest_route=%2Fwp%2Fv2%2Fetheme_brands&post=2054"},{"taxonomy":"product_cat","embeddable":true,"href":"https:\/\/www.babyelf.de\/index.php?rest_route=%2Fwp%2Fv2%2Fproduct_cat&post=2054"},{"taxonomy":"product_tag","embeddable":true,"href":"https:\/\/www.babyelf.de\/index.php?rest_route=%2Fwp%2Fv2%2Fproduct_tag&post=2054"}],"curies":[{"name":"wp","href":"https:\/\/api.w.org\/{rel}","templated":true}]}}