{"id":2052,"date":"2020-08-21T08:28:59","date_gmt":"2020-08-21T08:28:59","guid":{"rendered":"https:\/\/www.babyelf.de\/?product=pinata-baby-shower-babyflasche-blau"},"modified":"2026-01-24T10:13:08","modified_gmt":"2026-01-24T09:13:08","slug":"pinata-baby-shower-babyflasche-blau","status":"publish","type":"product","link":"https:\/\/www.babyelf.de\/?product=pinata-baby-shower-babyflasche-blau","title":{"rendered":"Pinata Baby Shower Babyflasche Blau"},"content":{"rendered":"<p><!-- show up to 2 reviews by default --> <\/p>\n<p>In Amerika ist es schon l\u00e4ngst der Trend. Bei uns immer mehr im Kommen. Baby Shower Partys! Es ist eine sch\u00f6ne Art das ungeborene Baby willkommen zu hei\u00dfen. Die Wohnung wird dekoriert und tolle Partyspiele werden vorbereitet. Alles wird in rosa oder blau geschm\u00fcckt und alle sitzen beisammen. Wenn man schon das Geschlecht verraten hat, kann man die Babyflasche zur Dekoration oder als Pinata verwenden. Sie k\u00f6nnen sie aber auch als Partyspiel umfunktionieren und viele kleine Babyartikel hineinf\u00fcllen und ein f\u00fchl und Tastspiel daraus machen, oder sie einfach schon gef\u00fcllt mit Babyartikeln verschenken! Es gibt viele M\u00f6glichkeiten. Suchen sie sich einfach ihre passende aus. Somit k\u00f6nnen alle diesen unvergesslichen Moment mit Ihnen teilen. Die Babyflasche ist ein Highlight auf jeder Party. Sie ist liebevoll in blau gestaltet und alle wichtigen Details sind vorhanden. Der Unterk\u00f6rper ist wei\u00df, da er in Mich Optik ist. Der Sauger stellt die Latex Farbe dar. Pi\u00f1atas sind bunt gestaltete Figuren aus Pappe, die mit Krepppapier umwickelt sind. Sie werden frei im Raum oder drau\u00dfen im Gr\u00fcnen an einem Baum angehangen. Machen Sie Ihre Feier zu einem unvergesslichen coolen Party. Zu jeder Pi\u00f1ata kann der passenden Pi\u00f1ata-Stab, sowie die passende Maske bestellt werden. Jede Pi\u00f1ata ist bereits mit einer Aufh\u00e4nge-Vorrichtung versehen. Zum Bef\u00fcllen befindet sich eine kleine \u00d6ffnung seitlich oder hinten, um alle Leckereien hinein f\u00fcllen zu k\u00f6nnen. Bitte beachten Sie, dass die Pinata ungef\u00fcllt ist. F\u00fcr Kinder unter 3 Jahren nicht geeignet, nur unter Aufsicht. Zum selbst bef\u00fcllen, nach Belieben zb. S\u00fc\u00dfigkeiten Kleine Spielzeuge Konfetti Spiele und Puzzles. <\/p>\n<div class=\"main-cross-sell\" data-asin=\"B07HW1MJC1\">\n\n\t<div class=\"WooZone-cross-sell-loader\">\n\t\t<div>\n\t\t\t<div id=\"floatingBarsG\">\n\t\t\t\t<div class=\"blockG\" id=\"rotateG_01\"><\/div>\n\t\t\t\t<div class=\"blockG\" id=\"rotateG_02\"><\/div>\n\t\t\t\t<div class=\"blockG\" id=\"rotateG_03\"><\/div>\n\t\t\t\t<div class=\"blockG\" id=\"rotateG_04\"><\/div>\n\t\t\t\t<div class=\"blockG\" id=\"rotateG_05\"><\/div>\n\t\t\t\t<div class=\"blockG\" id=\"rotateG_06\"><\/div>\n\t\t\t\t<div class=\"blockG\" id=\"rotateG_07\"><\/div>\n\t\t\t\t<div class=\"blockG\" id=\"rotateG_08\"><\/div>\n\t\t\t<\/div>\n\t\t\t<div class=\"WooZone-cross-sell-loader-text\"><\/div>\n\t\t<\/div>\n\t<\/div>\n\n\t\t\n<\/div>\n<div style=\"clear:both;\"><\/div>\n","protected":false},"excerpt":{"rendered":"<p>In Amerika ist es schon l\u00e4ngst der Trend. Bei uns immer mehr im Kommen. Baby<\/p>\n","protected":false},"featured_media":2053,"comment_status":"open","ping_status":"closed","template":"","meta":{"rs_blank_template":"","rs_page_bg_color":"","slide_template_v7":""},"etheme_brands":[],"product_cat":[20],"product_tag":[],"class_list":{"0":"post-2052","1":"product","2":"type-product","3":"status-publish","4":"has-post-thumbnail","6":"product_cat-flaschen","7":"pa_brand-pinata-store","9":"first","10":"instock","11":"shipping-taxable","12":"product-type-simple"},"_links":{"self":[{"href":"https:\/\/www.babyelf.de\/index.php?rest_route=\/wp\/v2\/product\/2052","targetHints":{"allow":["GET"]}}],"collection":[{"href":"https:\/\/www.babyelf.de\/index.php?rest_route=\/wp\/v2\/product"}],"about":[{"href":"https:\/\/www.babyelf.de\/index.php?rest_route=\/wp\/v2\/types\/product"}],"replies":[{"embeddable":true,"href":"https:\/\/www.babyelf.de\/index.php?rest_route=%2Fwp%2Fv2%2Fcomments&post=2052"}],"wp:featuredmedia":[{"embeddable":true,"href":"https:\/\/www.babyelf.de\/index.php?rest_route=\/wp\/v2\/media\/2053"}],"wp:attachment":[{"href":"https:\/\/www.babyelf.de\/index.php?rest_route=%2Fwp%2Fv2%2Fmedia&parent=2052"}],"wp:term":[{"taxonomy":"brand","embeddable":true,"href":"https:\/\/www.babyelf.de\/index.php?rest_route=%2Fwp%2Fv2%2Fetheme_brands&post=2052"},{"taxonomy":"product_cat","embeddable":true,"href":"https:\/\/www.babyelf.de\/index.php?rest_route=%2Fwp%2Fv2%2Fproduct_cat&post=2052"},{"taxonomy":"product_tag","embeddable":true,"href":"https:\/\/www.babyelf.de\/index.php?rest_route=%2Fwp%2Fv2%2Fproduct_tag&post=2052"}],"curies":[{"name":"wp","href":"https:\/\/api.w.org\/{rel}","templated":true}]}}