{"id":1974,"date":"2020-08-21T08:23:16","date_gmt":"2020-08-21T08:23:16","guid":{"rendered":"https:\/\/www.babyelf.de\/?product=name-it-unisex-baby-strampler-nbnbody-3p-ss-alloy-noos"},"modified":"2026-01-16T07:52:28","modified_gmt":"2026-01-16T06:52:28","slug":"name-it-unisex-baby-strampler-nbnbody-3p-ss-alloy-noos","status":"publish","type":"product","link":"https:\/\/www.babyelf.de\/?product=name-it-unisex-baby-strampler-nbnbody-3p-ss-alloy-noos","title":{"rendered":"NAME IT Unisex Baby Strampler NBNBODY 3P SS NOOS, 3er Pack, Mehrfarbig (Alloy), 56"},"content":{"rendered":"<p><!-- show up to 2 reviews by default --> <\/p>\n<p>Die simplen Bodys mit kurzem Arm, von NAME IT kommen im praktischen 3er Pack. Die weiche Baumwollqualit\u00e4t sorgt f\u00fcr ein angenehmes Tragegef\u00fchl- den ganzen Tag lang. Druckkn\u00f6pfe erleichtern das An- und Ausziehen. Die Muster verleihen jedem Body einen s\u00fc\u00dfen Touch. Die Bodys werden schnell nicht mehr aus dem Kleiderschrank ihres Kindes wegzudenken sein.<\/p>\n<\/p>\n<p>Baby Body 3er Set f\u00fcr M\u00e4dchen und Jungen<br \/>\nBody mit kurzen \u00c4rmeln aus reiner Baumwolle<br \/>\n100% Baumwolle<br \/>\nPflegehinweis: Maschinenw\u00e4sche bis 40\u00b0 trocknerungeeignet nicht b\u00fcgeln<br \/>\nModellnummer: 13163240<br \/>\nverschiedenen Motive<br \/>\nDruckkn\u00f6pfe im Schritt<br \/>\n<div class=\"main-cross-sell\" data-asin=\"B07GBRPMND\">\n\n\t<div class=\"WooZone-cross-sell-loader\">\n\t\t<div>\n\t\t\t<div id=\"floatingBarsG\">\n\t\t\t\t<div class=\"blockG\" id=\"rotateG_01\"><\/div>\n\t\t\t\t<div class=\"blockG\" id=\"rotateG_02\"><\/div>\n\t\t\t\t<div class=\"blockG\" id=\"rotateG_03\"><\/div>\n\t\t\t\t<div class=\"blockG\" id=\"rotateG_04\"><\/div>\n\t\t\t\t<div class=\"blockG\" id=\"rotateG_05\"><\/div>\n\t\t\t\t<div class=\"blockG\" id=\"rotateG_06\"><\/div>\n\t\t\t\t<div class=\"blockG\" id=\"rotateG_07\"><\/div>\n\t\t\t\t<div class=\"blockG\" id=\"rotateG_08\"><\/div>\n\t\t\t<\/div>\n\t\t\t<div class=\"WooZone-cross-sell-loader-text\"><\/div>\n\t\t<\/div>\n\t<\/div>\n\n\t\t\n<\/div>\n<div style=\"clear:both;\"><\/div>\n","protected":false},"excerpt":{"rendered":"<p>Baby Body 3er Set f\u00fcr M\u00e4dchen und Jungen<br \/>\nBody mit kurzen \u00c4rmeln aus reiner Baumwolle<br \/>\n100% Baumwolle<\/p>\n","protected":false},"featured_media":1975,"comment_status":"open","ping_status":"closed","template":"","meta":{"rs_blank_template":"","rs_page_bg_color":"","slide_template_v7":""},"etheme_brands":[],"product_cat":[16],"product_tag":[],"class_list":{"0":"post-1974","1":"product","2":"type-product","3":"status-publish","4":"has-post-thumbnail","6":"product_cat-bekleidung","7":"pa_brand-name-it","9":"first","10":"instock","11":"shipping-taxable","12":"product-type-simple"},"_links":{"self":[{"href":"https:\/\/www.babyelf.de\/index.php?rest_route=\/wp\/v2\/product\/1974","targetHints":{"allow":["GET"]}}],"collection":[{"href":"https:\/\/www.babyelf.de\/index.php?rest_route=\/wp\/v2\/product"}],"about":[{"href":"https:\/\/www.babyelf.de\/index.php?rest_route=\/wp\/v2\/types\/product"}],"replies":[{"embeddable":true,"href":"https:\/\/www.babyelf.de\/index.php?rest_route=%2Fwp%2Fv2%2Fcomments&post=1974"}],"wp:featuredmedia":[{"embeddable":true,"href":"https:\/\/www.babyelf.de\/index.php?rest_route=\/wp\/v2\/media\/1975"}],"wp:attachment":[{"href":"https:\/\/www.babyelf.de\/index.php?rest_route=%2Fwp%2Fv2%2Fmedia&parent=1974"}],"wp:term":[{"taxonomy":"brand","embeddable":true,"href":"https:\/\/www.babyelf.de\/index.php?rest_route=%2Fwp%2Fv2%2Fetheme_brands&post=1974"},{"taxonomy":"product_cat","embeddable":true,"href":"https:\/\/www.babyelf.de\/index.php?rest_route=%2Fwp%2Fv2%2Fproduct_cat&post=1974"},{"taxonomy":"product_tag","embeddable":true,"href":"https:\/\/www.babyelf.de\/index.php?rest_route=%2Fwp%2Fv2%2Fproduct_tag&post=1974"}],"curies":[{"name":"wp","href":"https:\/\/api.w.org\/{rel}","templated":true}]}}