{"id":1951,"date":"2020-08-21T08:23:08","date_gmt":"2020-08-21T08:23:08","guid":{"rendered":"https:\/\/www.babyelf.de\/?product=sterntaler-unisex-baby-pull-tricote-t-shirt"},"modified":"2026-01-16T07:48:43","modified_gmt":"2026-01-16T06:48:43","slug":"sterntaler-unisex-baby-pull-tricote-t-shirt","status":"publish","type":"product","link":"https:\/\/www.babyelf.de\/?product=sterntaler-unisex-baby-pull-tricote-t-shirt","title":{"rendered":"Sterntaler Strick-Pullover mit Stern und Kn\u00f6pfen, Alter: 12-18 Monate, Gr\u00f6\u00dfe: 86, Hellgr\u00fcn"},"content":{"rendered":"<p><!-- show up to 2 reviews by default --> <\/p>\n<p>Strick-Pullover f\u00fcr Jungen und M\u00e4dchen mit Streifenmuster und Stern, Vielseitig kombinierbar &#8211; Dezentes Design mit gerippten B\u00fcndchen an \u00c4rmeln, H\u00fcften und Halsausschnitt, Ideal im Alltag &#8211; Druckkn\u00f6pfe an der Schulter f\u00fcr schnelles und einfaches An- und Ausziehen, Hautfreundlich und angenehm zu tragen dank weicher Baumwolle &#8211; Hochwertige Verarbeitung, Leichte Reinigung und Pflege: Maschinenwaschbar bei 30\u00b0 <\/p>\n<p>Strick-Pullover f\u00fcr Jungen und M\u00e4dchen mit Streifenmuster und Stern, Vielseitig kombinierbar<br \/>\nDezentes Design mit gerippten B\u00fcndchen an \u00c4rmeln, H\u00fcften und Halsausschnitt, Ideal im Alltag<br \/>\nKragenform: Kent<br \/>\nKurzarm<br \/>\n100% Baumwolle<br \/>\nT-Shirt<br \/>\nPflegehinweis: Maschinenw\u00e4sche<br \/>\nModellnummer: 2651970<br \/>\nDruckkn\u00f6pfe an der Schulter f\u00fcr schnelles und einfaches An- und Ausziehen, Hautfreundlich und angenehm zu tragen dank weicher Baumwolle<br \/>\nHochwertige Verarbeitung, Leichte Reinigung und Pflege: Maschinenwaschbar bei 30\u00b0<br \/>\nLieferumfang: 1 Sterntaler Strick-Pullover, Alter: 3-4 Monate, Gr\u00f6\u00dfe: 56, Material: 100% Baumwolle, Farbe: Rosa<br \/>\n<div class=\"main-cross-sell\" data-asin=\"B07LGR9WYF\">\n\n\t<div class=\"WooZone-cross-sell-loader\">\n\t\t<div>\n\t\t\t<div id=\"floatingBarsG\">\n\t\t\t\t<div class=\"blockG\" id=\"rotateG_01\"><\/div>\n\t\t\t\t<div class=\"blockG\" id=\"rotateG_02\"><\/div>\n\t\t\t\t<div class=\"blockG\" id=\"rotateG_03\"><\/div>\n\t\t\t\t<div class=\"blockG\" id=\"rotateG_04\"><\/div>\n\t\t\t\t<div class=\"blockG\" id=\"rotateG_05\"><\/div>\n\t\t\t\t<div class=\"blockG\" id=\"rotateG_06\"><\/div>\n\t\t\t\t<div class=\"blockG\" id=\"rotateG_07\"><\/div>\n\t\t\t\t<div class=\"blockG\" id=\"rotateG_08\"><\/div>\n\t\t\t<\/div>\n\t\t\t<div class=\"WooZone-cross-sell-loader-text\"><\/div>\n\t\t<\/div>\n\t<\/div>\n\n\t\t\n<\/div>\n<div style=\"clear:both;\"><\/div>\n","protected":false},"excerpt":{"rendered":"<p>Strick-Pullover f\u00fcr Jungen und M\u00e4dchen mit Streifenmuster und Stern, Vielseitig kombinierbar<br \/>\nDezentes Design mit gerippten B\u00fcndchen an \u00c4rmeln, H\u00fcften und Halsausschnitt, Ideal im Alltag<br \/>\nKragenform: Kent<\/p>\n","protected":false},"featured_media":1952,"comment_status":"open","ping_status":"closed","template":"","meta":{"rs_blank_template":"","rs_page_bg_color":"","slide_template_v7":""},"etheme_brands":[],"product_cat":[16],"product_tag":[],"class_list":{"0":"post-1951","1":"product","2":"type-product","3":"status-publish","4":"has-post-thumbnail","6":"product_cat-bekleidung","7":"pa_brand-sterntaler","9":"first","10":"instock","11":"shipping-taxable","12":"product-type-simple"},"_links":{"self":[{"href":"https:\/\/www.babyelf.de\/index.php?rest_route=\/wp\/v2\/product\/1951","targetHints":{"allow":["GET"]}}],"collection":[{"href":"https:\/\/www.babyelf.de\/index.php?rest_route=\/wp\/v2\/product"}],"about":[{"href":"https:\/\/www.babyelf.de\/index.php?rest_route=\/wp\/v2\/types\/product"}],"replies":[{"embeddable":true,"href":"https:\/\/www.babyelf.de\/index.php?rest_route=%2Fwp%2Fv2%2Fcomments&post=1951"}],"wp:featuredmedia":[{"embeddable":true,"href":"https:\/\/www.babyelf.de\/index.php?rest_route=\/wp\/v2\/media\/1952"}],"wp:attachment":[{"href":"https:\/\/www.babyelf.de\/index.php?rest_route=%2Fwp%2Fv2%2Fmedia&parent=1951"}],"wp:term":[{"taxonomy":"brand","embeddable":true,"href":"https:\/\/www.babyelf.de\/index.php?rest_route=%2Fwp%2Fv2%2Fetheme_brands&post=1951"},{"taxonomy":"product_cat","embeddable":true,"href":"https:\/\/www.babyelf.de\/index.php?rest_route=%2Fwp%2Fv2%2Fproduct_cat&post=1951"},{"taxonomy":"product_tag","embeddable":true,"href":"https:\/\/www.babyelf.de\/index.php?rest_route=%2Fwp%2Fv2%2Fproduct_tag&post=1951"}],"curies":[{"name":"wp","href":"https:\/\/api.w.org\/{rel}","templated":true}]}}