{"id":1936,"date":"2020-08-21T08:23:02","date_gmt":"2020-08-21T08:23:02","guid":{"rendered":"https:\/\/www.babyelf.de\/?product=simple-joys-by-carters-strickjacke-2er-pack"},"modified":"2026-01-16T07:48:43","modified_gmt":"2026-01-16T06:48:43","slug":"simple-joys-by-carters-strickjacke-2er-pack","status":"publish","type":"product","link":"https:\/\/www.babyelf.de\/?product=simple-joys-by-carters-strickjacke-2er-pack","title":{"rendered":"Simple Joys by Carter&#8217;s Strickjacke, f\u00fcr Babys, 2er-Pack ,grau ,18 Months"},"content":{"rendered":"<p><!-- show up to 2 reviews by default --> <\/p>\n<p>Ein s\u00fc\u00dfer Einstieg in eine gem\u00fctliche Strickjacke. Dieses 2er-Pack-Cardigan-Set enth\u00e4lt eine Jacke mit Kapuze und eine ohne Kapuze. Beide haben braune Kn\u00f6pfe. <\/p>\n<p>Strickjacke Pullover<br \/>\nKnopfleiste vorne<br \/>\nVerschluss: Knopfleiste<br \/>\n55% Baumwolle, 45% Polyacryl<br \/>\nPflegehinweis: Maschinenw\u00e4sche<br \/>\nModellnummer: A26G122<br \/>\nMit Tier-Ohren auf der Strickjacke mit Kapuze<br \/>\nVertrauensw\u00fcrdige Carter-Qualit\u00e4t, t\u00e4glich g\u00fcnstige Preise und problemlose Verpackung \u2013 exklusiv f\u00fcr Amazon-Mitglieder<br \/>\nCarter\u2019s ist die Bestseller-Marke f\u00fcr Kleinkindmode in den USA. Generationen amerikanischer Familien vertrauen darauf, dass sie ihr Leben vereinfacht. Carter\u2019s bietet eine gro\u00dfe Bandbreite an Styles zu gro\u00dfartigen Preisen.<br \/>\n<div class=\"main-cross-sell\" data-asin=\"B0797M1QTW\">\n\n\t<div class=\"WooZone-cross-sell-loader\">\n\t\t<div>\n\t\t\t<div id=\"floatingBarsG\">\n\t\t\t\t<div class=\"blockG\" id=\"rotateG_01\"><\/div>\n\t\t\t\t<div class=\"blockG\" id=\"rotateG_02\"><\/div>\n\t\t\t\t<div class=\"blockG\" id=\"rotateG_03\"><\/div>\n\t\t\t\t<div class=\"blockG\" id=\"rotateG_04\"><\/div>\n\t\t\t\t<div class=\"blockG\" id=\"rotateG_05\"><\/div>\n\t\t\t\t<div class=\"blockG\" id=\"rotateG_06\"><\/div>\n\t\t\t\t<div class=\"blockG\" id=\"rotateG_07\"><\/div>\n\t\t\t\t<div class=\"blockG\" id=\"rotateG_08\"><\/div>\n\t\t\t<\/div>\n\t\t\t<div class=\"WooZone-cross-sell-loader-text\"><\/div>\n\t\t<\/div>\n\t<\/div>\n\n\t\t\n<\/div>\n<div style=\"clear:both;\"><\/div>\n","protected":false},"excerpt":{"rendered":"<p>Strickjacke Pullover<br \/>\nKnopfleiste vorne<br \/>\nVerschluss: Knopfleiste<\/p>\n","protected":false},"featured_media":1937,"comment_status":"open","ping_status":"closed","template":"","meta":{"rs_blank_template":"","rs_page_bg_color":"","slide_template_v7":""},"etheme_brands":[],"product_cat":[16],"product_tag":[],"class_list":{"0":"post-1936","1":"product","2":"type-product","3":"status-publish","4":"has-post-thumbnail","6":"product_cat-bekleidung","7":"pa_brand-simple-joys-by-carters","9":"first","10":"instock","11":"shipping-taxable","12":"purchasable","13":"product-type-simple"},"_links":{"self":[{"href":"https:\/\/www.babyelf.de\/index.php?rest_route=\/wp\/v2\/product\/1936","targetHints":{"allow":["GET"]}}],"collection":[{"href":"https:\/\/www.babyelf.de\/index.php?rest_route=\/wp\/v2\/product"}],"about":[{"href":"https:\/\/www.babyelf.de\/index.php?rest_route=\/wp\/v2\/types\/product"}],"replies":[{"embeddable":true,"href":"https:\/\/www.babyelf.de\/index.php?rest_route=%2Fwp%2Fv2%2Fcomments&post=1936"}],"wp:featuredmedia":[{"embeddable":true,"href":"https:\/\/www.babyelf.de\/index.php?rest_route=\/wp\/v2\/media\/1937"}],"wp:attachment":[{"href":"https:\/\/www.babyelf.de\/index.php?rest_route=%2Fwp%2Fv2%2Fmedia&parent=1936"}],"wp:term":[{"taxonomy":"brand","embeddable":true,"href":"https:\/\/www.babyelf.de\/index.php?rest_route=%2Fwp%2Fv2%2Fetheme_brands&post=1936"},{"taxonomy":"product_cat","embeddable":true,"href":"https:\/\/www.babyelf.de\/index.php?rest_route=%2Fwp%2Fv2%2Fproduct_cat&post=1936"},{"taxonomy":"product_tag","embeddable":true,"href":"https:\/\/www.babyelf.de\/index.php?rest_route=%2Fwp%2Fv2%2Fproduct_tag&post=1936"}],"curies":[{"name":"wp","href":"https:\/\/api.w.org\/{rel}","templated":true}]}}