{"id":1924,"date":"2020-08-21T08:22:57","date_gmt":"2020-08-21T08:22:57","guid":{"rendered":"https:\/\/www.babyelf.de\/?product=noppies-baby-und-kinder-maedchen-kleid-catalina"},"modified":"2026-01-16T07:48:43","modified_gmt":"2026-01-16T06:48:43","slug":"noppies-baby-und-kinder-maedchen-kleid-catalina","status":"publish","type":"product","link":"https:\/\/www.babyelf.de\/?product=noppies-baby-und-kinder-maedchen-kleid-catalina","title":{"rendered":"Noppies Baby-M\u00e4dchen G Dress ls Catalina AOP Kleid, Rosa (Peach Blossom P197), (Herstellergr\u00f6\u00dfe: 86)"},"content":{"rendered":"<p><!-- show up to 2 reviews by default --> <\/p>\n<p>Das Kleid Catalina von Noppies wurde speziell daf\u00fcr entwickelt, um es deinem Baby so bequem wie m\u00f6glich zu machen. Das Kleid besteht aus der weichsten Baumwolle, die verantwortungsbewusst produziert wurde. Dank der noch weicheren Innenseite tr\u00e4gt sich dieses Kleid super bequem. Der praktische Druckknopf sorgt daf\u00fcr, dass das Kleidungsst\u00fcck problemlos \u00fcber den Kopf deines Babys gezogen werden kann. Die Insekten-Stickerei sorgt dabei f\u00fcr einen besonderen Twist. W\u00e4hle salbeigr\u00fcn oder pfirsichrosa. Die Konfektionsgr\u00f6\u00dfe entspricht der K\u00f6rpergr\u00f6\u00dfe. <\/p>\n<p>Kleid Catalina von Noppies<br \/>\nHergestellt aus einer weichen Baumwollmischung<br \/>\nKragenform: Rundhals<br \/>\nLange \u00c4rmel<br \/>\nVerschluss: Druckknopf<br \/>\n70% Baumwolle, 20% Polyester, 10% Viskose<br \/>\nEtui<br \/>\nPflegehinweis: Maschinenw\u00e4sche kalt (30\u00b0 max)<br \/>\nModellnummer: 94567<br \/>\nSuper weiche Innenseite<br \/>\nInsekten-Stickerei<br \/>\nDruckknopf am Ausschnitt<br \/>\n<div class=\"main-cross-sell\" data-asin=\"B07N26K637\">\n\n\t<div class=\"WooZone-cross-sell-loader\">\n\t\t<div>\n\t\t\t<div id=\"floatingBarsG\">\n\t\t\t\t<div class=\"blockG\" id=\"rotateG_01\"><\/div>\n\t\t\t\t<div class=\"blockG\" id=\"rotateG_02\"><\/div>\n\t\t\t\t<div class=\"blockG\" id=\"rotateG_03\"><\/div>\n\t\t\t\t<div class=\"blockG\" id=\"rotateG_04\"><\/div>\n\t\t\t\t<div class=\"blockG\" id=\"rotateG_05\"><\/div>\n\t\t\t\t<div class=\"blockG\" id=\"rotateG_06\"><\/div>\n\t\t\t\t<div class=\"blockG\" id=\"rotateG_07\"><\/div>\n\t\t\t\t<div class=\"blockG\" id=\"rotateG_08\"><\/div>\n\t\t\t<\/div>\n\t\t\t<div class=\"WooZone-cross-sell-loader-text\"><\/div>\n\t\t<\/div>\n\t<\/div>\n\n\t\t\n<\/div>\n<div style=\"clear:both;\"><\/div>\n","protected":false},"excerpt":{"rendered":"<p>Kleid Catalina von Noppies<br \/>\nHergestellt aus einer weichen Baumwollmischung<br \/>\nKragenform: Rundhals<\/p>\n","protected":false},"featured_media":1925,"comment_status":"open","ping_status":"closed","template":"","meta":{"rs_blank_template":"","rs_page_bg_color":"","slide_template_v7":""},"etheme_brands":[],"product_cat":[16],"product_tag":[],"class_list":{"0":"post-1924","1":"product","2":"type-product","3":"status-publish","4":"has-post-thumbnail","6":"product_cat-bekleidung","7":"pa_brand-noppies","9":"first","10":"instock","11":"shipping-taxable","12":"product-type-simple"},"_links":{"self":[{"href":"https:\/\/www.babyelf.de\/index.php?rest_route=\/wp\/v2\/product\/1924","targetHints":{"allow":["GET"]}}],"collection":[{"href":"https:\/\/www.babyelf.de\/index.php?rest_route=\/wp\/v2\/product"}],"about":[{"href":"https:\/\/www.babyelf.de\/index.php?rest_route=\/wp\/v2\/types\/product"}],"replies":[{"embeddable":true,"href":"https:\/\/www.babyelf.de\/index.php?rest_route=%2Fwp%2Fv2%2Fcomments&post=1924"}],"wp:featuredmedia":[{"embeddable":true,"href":"https:\/\/www.babyelf.de\/index.php?rest_route=\/wp\/v2\/media\/1925"}],"wp:attachment":[{"href":"https:\/\/www.babyelf.de\/index.php?rest_route=%2Fwp%2Fv2%2Fmedia&parent=1924"}],"wp:term":[{"taxonomy":"brand","embeddable":true,"href":"https:\/\/www.babyelf.de\/index.php?rest_route=%2Fwp%2Fv2%2Fetheme_brands&post=1924"},{"taxonomy":"product_cat","embeddable":true,"href":"https:\/\/www.babyelf.de\/index.php?rest_route=%2Fwp%2Fv2%2Fproduct_cat&post=1924"},{"taxonomy":"product_tag","embeddable":true,"href":"https:\/\/www.babyelf.de\/index.php?rest_route=%2Fwp%2Fv2%2Fproduct_tag&post=1924"}],"curies":[{"name":"wp","href":"https:\/\/api.w.org\/{rel}","templated":true}]}}