{"id":1908,"date":"2020-08-21T08:22:52","date_gmt":"2020-08-21T08:22:52","guid":{"rendered":"https:\/\/www.babyelf.de\/?product=shirtgeil-lustiges-geschenk-vater-papas-problemloesung-baby-body-kurzarm-body"},"modified":"2026-01-16T07:48:36","modified_gmt":"2026-01-16T06:48:36","slug":"shirtgeil-lustiges-geschenk-vater-papas-problemloesung-baby-body-kurzarm-body","status":"publish","type":"product","link":"https:\/\/www.babyelf.de\/?product=shirtgeil-lustiges-geschenk-vater-papas-problemloesung-baby-body-kurzarm-body","title":{"rendered":"Shirtgeil Baby Body Neugeborene M\u00e4dchen Junge &#8211; Lustiges Geschenk Vater &#8211; Papas Probleml\u00f6sung 3-6 Monate Wei\u00df"},"content":{"rendered":"<p><!-- show up to 2 reviews by default --> <\/p>\n<p>Egal ob als Taufgeschenk Weihnachtsgeschenk, Geburtstagsgeschenk, Vatertagsgeschenk oder Geschenk f\u00fcr eine Babypartys, ankommen wird dieses s\u00fc\u00dfe Baby Body Kleidung Design &#8222;Papas Probleml\u00f6sung wenn ich schreie&#8220; ganz bestimmt. <\/p>\n<p><b>MATERIAL:<\/b><br \/>Unsere kompletten Bodys f\u00fcr Baby-Jungen und Bodys f\u00fcr Baby-M\u00e4dchen und unsere Babybekleidung hat keinerlei allergieausl\u00f6sendes Nickel in Rei\u00dfverschl\u00fcssen und in den Druckkn\u00f6pfen. Dies dient f\u00fcr bessere Vertr\u00e4glichkeit bei empfindlicher Babyhaut.<\/p>\n<p>Das Material unserer Baby Bekleidung besteht aus 100% Baumwolle (au\u00dfer bei der Farbe Grau sind es 85% Baumwolle und 15% Polyester).<\/p>\n<p>Die Interlockqualit\u00e4t, gew\u00e4hrleistet problemloses \u00fcberziehen bei empfindlichen Babyk\u00f6pfchen und die hochwertigen Druckkn\u00f6pfe zwischen den Beinen bieten perfekten Tragekomfort.<\/p>\n<p><b>DRUCK von Fun-Bodys &amp; Einteiler:<\/b><br \/>Hoher Qualit\u00e4tsstandard des Drucks durch branchenf\u00fchrendem W\u00e4rmebehandlungsverfahren. Farben verblassen oder l\u00f6sen sich nicht.<\/p>\n<p><b>GR\u00d6\u00dfEN:<\/b><br \/>Gr. 40\/56: 0-3 Monate<br \/>Gr. 57\/68: 3-6 Monate<br \/>Gr. 69\/80: 6-12 Monate<br \/>Gr. 81\/86: 12-18 Monate<\/p>\n<p><b>WASCHHINWEISE:<\/b>F\u00fcr lange haltbarkeit am Besten auf links waschen bei 30\u00b0C, Trocknergeeignet bei niedrigen Temperaturen<\/p>\n<\/p>\n<p>Dieser kurze Strampler mit Envelope-Halsausschnitt ist gut geeignet als Babygeschenk zum Vatertag, zur Taufe oder zum Geburtstag f\u00fcr junge V\u00e4ter.<br \/>\nDieses Geschenk f\u00fcr den Papa eignet sich super als Taufgeschenk, Geburtstagsgeschenk, Weihnachtsgeschen oder als Vatertagsgeschenk. Dieser Babystrampler f\u00fcr M\u00e4dchen und Jungen ist lieb zum Baby und angenehm zu tragen.<br \/>\nKurzarm<br \/>\n100% Baumwolle<br \/>\nPflegehinweis: Maschinenw\u00e4sche<br \/>\nModellnummer: VlCwl2g68ww81DO<br \/>\nUnsere Babystrampler bestehen aus 100% Gek\u00e4mmte und ringgesponnene Baumwolle (bei der Farbe Grau 85% Baumwolle und 15% Polyester)<br \/>\nUnsere Babybodys bestechen durch das bequeme An- und Ausziehen durch den praktischen Schlupfausschnitt und hochwertigen und nickelfreien Druckkn\u00f6pfen. Und sind somit ein tolle Geschenke Idee zur Geburt des Neugeborenen Babys oder auch zu Weihnachten vom Baby f\u00fcr den jungen Vater.<br \/>\nUnsere Babykleidung f\u00fcr Neugeborene Baby M\u00e4dchen und Baby Jungen sind als Babygeschenke gedacht und werden in deutschland entworfen und bedruckt.<br \/>\n<div class=\"main-cross-sell\" data-asin=\"B0777VQM9F\">\n\n\t<div class=\"WooZone-cross-sell-loader\">\n\t\t<div>\n\t\t\t<div id=\"floatingBarsG\">\n\t\t\t\t<div class=\"blockG\" id=\"rotateG_01\"><\/div>\n\t\t\t\t<div class=\"blockG\" id=\"rotateG_02\"><\/div>\n\t\t\t\t<div class=\"blockG\" id=\"rotateG_03\"><\/div>\n\t\t\t\t<div class=\"blockG\" id=\"rotateG_04\"><\/div>\n\t\t\t\t<div class=\"blockG\" id=\"rotateG_05\"><\/div>\n\t\t\t\t<div class=\"blockG\" id=\"rotateG_06\"><\/div>\n\t\t\t\t<div class=\"blockG\" id=\"rotateG_07\"><\/div>\n\t\t\t\t<div class=\"blockG\" id=\"rotateG_08\"><\/div>\n\t\t\t<\/div>\n\t\t\t<div class=\"WooZone-cross-sell-loader-text\"><\/div>\n\t\t<\/div>\n\t<\/div>\n\n\t\t\n<\/div>\n<div style=\"clear:both;\"><\/div>\n","protected":false},"excerpt":{"rendered":"<p>Dieser kurze Strampler mit Envelope-Halsausschnitt ist gut geeignet als Babygeschenk zum Vatertag, zur Taufe oder zum Geburtstag f\u00fcr junge V\u00e4ter.<br \/>\nDieses Geschenk f\u00fcr den Papa eignet sich super als Taufgeschenk, Geburtstagsgeschenk, Weihnachtsgeschen oder als Vatertagsgeschenk. Dieser Babystrampler f\u00fcr M\u00e4dchen und Jungen ist lieb zum Baby und angenehm zu tragen.<br \/>\nKurzarm<\/p>\n","protected":false},"featured_media":1909,"comment_status":"open","ping_status":"closed","template":"","meta":{"rs_blank_template":"","rs_page_bg_color":"","slide_template_v7":""},"etheme_brands":[],"product_cat":[16],"product_tag":[],"class_list":{"0":"post-1908","1":"product","2":"type-product","3":"status-publish","4":"has-post-thumbnail","6":"product_cat-bekleidung","7":"pa_brand-shirtgeil","9":"first","10":"instock","11":"shipping-taxable","12":"product-type-simple"},"_links":{"self":[{"href":"https:\/\/www.babyelf.de\/index.php?rest_route=\/wp\/v2\/product\/1908","targetHints":{"allow":["GET"]}}],"collection":[{"href":"https:\/\/www.babyelf.de\/index.php?rest_route=\/wp\/v2\/product"}],"about":[{"href":"https:\/\/www.babyelf.de\/index.php?rest_route=\/wp\/v2\/types\/product"}],"replies":[{"embeddable":true,"href":"https:\/\/www.babyelf.de\/index.php?rest_route=%2Fwp%2Fv2%2Fcomments&post=1908"}],"wp:featuredmedia":[{"embeddable":true,"href":"https:\/\/www.babyelf.de\/index.php?rest_route=\/wp\/v2\/media\/1909"}],"wp:attachment":[{"href":"https:\/\/www.babyelf.de\/index.php?rest_route=%2Fwp%2Fv2%2Fmedia&parent=1908"}],"wp:term":[{"taxonomy":"brand","embeddable":true,"href":"https:\/\/www.babyelf.de\/index.php?rest_route=%2Fwp%2Fv2%2Fetheme_brands&post=1908"},{"taxonomy":"product_cat","embeddable":true,"href":"https:\/\/www.babyelf.de\/index.php?rest_route=%2Fwp%2Fv2%2Fproduct_cat&post=1908"},{"taxonomy":"product_tag","embeddable":true,"href":"https:\/\/www.babyelf.de\/index.php?rest_route=%2Fwp%2Fv2%2Fproduct_tag&post=1908"}],"curies":[{"name":"wp","href":"https:\/\/api.w.org\/{rel}","templated":true}]}}