{"id":1878,"date":"2020-08-21T08:22:41","date_gmt":"2020-08-21T08:22:41","guid":{"rendered":"https:\/\/www.babyelf.de\/?product=noppies-unisex-baby-u-playsuit-dali-spieler"},"modified":"2026-01-16T07:48:36","modified_gmt":"2026-01-16T06:48:36","slug":"noppies-unisex-baby-u-playsuit-dali-spieler","status":"publish","type":"product","link":"https:\/\/www.babyelf.de\/?product=noppies-unisex-baby-u-playsuit-dali-spieler","title":{"rendered":"Noppies Unisex Baby U Playsuit Dali Spieler, Navy, 62 EU"},"content":{"rendered":"<p><!-- show up to 2 reviews by default --> <\/p>\n<p>Dieser sch\u00f6ne Spieler Dali von Noppies ist aus elastischer Bio-Baumwolle. Der Spieler hat au\u00dferdem ein ganzfl\u00e4chiges Sternen-Dessin. Das macht Ihr Baby zum echten Gl\u00fccksstern. Das Wickelmodell mit Druckkn\u00f6pfen oben erleichtert das An- und Ausziehen. Auch unten gibt es eine Druckknopfleiste. Die Konfektionsgr\u00f6\u00dfe entspricht der K\u00f6rpergr\u00f6\u00dfe. <\/p>\n<p>95% Baumwolle, 5% Elasthan<br \/>\nPflegehinweis: Maschinenw\u00e4sche kalt (30\u00b0 max)<br \/>\nModellnummer: 67393<br \/>\n<div class=\"main-cross-sell\" data-asin=\"B07HG9C55Q\">\n\n\t<div class=\"WooZone-cross-sell-loader\">\n\t\t<div>\n\t\t\t<div id=\"floatingBarsG\">\n\t\t\t\t<div class=\"blockG\" id=\"rotateG_01\"><\/div>\n\t\t\t\t<div class=\"blockG\" id=\"rotateG_02\"><\/div>\n\t\t\t\t<div class=\"blockG\" id=\"rotateG_03\"><\/div>\n\t\t\t\t<div class=\"blockG\" id=\"rotateG_04\"><\/div>\n\t\t\t\t<div class=\"blockG\" id=\"rotateG_05\"><\/div>\n\t\t\t\t<div class=\"blockG\" id=\"rotateG_06\"><\/div>\n\t\t\t\t<div class=\"blockG\" id=\"rotateG_07\"><\/div>\n\t\t\t\t<div class=\"blockG\" id=\"rotateG_08\"><\/div>\n\t\t\t<\/div>\n\t\t\t<div class=\"WooZone-cross-sell-loader-text\"><\/div>\n\t\t<\/div>\n\t<\/div>\n\n\t\t\n<\/div>\n<div style=\"clear:both;\"><\/div>\n","protected":false},"excerpt":{"rendered":"<p>95% Baumwolle, 5% Elasthan<br \/>\nPflegehinweis: Maschinenw\u00e4sche kalt (30\u00b0 max)<br \/>\nModellnummer: 67393<\/p>\n","protected":false},"featured_media":1879,"comment_status":"open","ping_status":"closed","template":"","meta":{"rs_blank_template":"","rs_page_bg_color":"","slide_template_v7":""},"etheme_brands":[],"product_cat":[16],"product_tag":[],"class_list":{"0":"post-1878","1":"product","2":"type-product","3":"status-publish","4":"has-post-thumbnail","6":"product_cat-bekleidung","7":"pa_brand-noppies","9":"first","10":"instock","11":"shipping-taxable","12":"product-type-simple"},"_links":{"self":[{"href":"https:\/\/www.babyelf.de\/index.php?rest_route=\/wp\/v2\/product\/1878","targetHints":{"allow":["GET"]}}],"collection":[{"href":"https:\/\/www.babyelf.de\/index.php?rest_route=\/wp\/v2\/product"}],"about":[{"href":"https:\/\/www.babyelf.de\/index.php?rest_route=\/wp\/v2\/types\/product"}],"replies":[{"embeddable":true,"href":"https:\/\/www.babyelf.de\/index.php?rest_route=%2Fwp%2Fv2%2Fcomments&post=1878"}],"wp:featuredmedia":[{"embeddable":true,"href":"https:\/\/www.babyelf.de\/index.php?rest_route=\/wp\/v2\/media\/1879"}],"wp:attachment":[{"href":"https:\/\/www.babyelf.de\/index.php?rest_route=%2Fwp%2Fv2%2Fmedia&parent=1878"}],"wp:term":[{"taxonomy":"brand","embeddable":true,"href":"https:\/\/www.babyelf.de\/index.php?rest_route=%2Fwp%2Fv2%2Fetheme_brands&post=1878"},{"taxonomy":"product_cat","embeddable":true,"href":"https:\/\/www.babyelf.de\/index.php?rest_route=%2Fwp%2Fv2%2Fproduct_cat&post=1878"},{"taxonomy":"product_tag","embeddable":true,"href":"https:\/\/www.babyelf.de\/index.php?rest_route=%2Fwp%2Fv2%2Fproduct_tag&post=1878"}],"curies":[{"name":"wp","href":"https:\/\/api.w.org\/{rel}","templated":true}]}}