{"id":1868,"date":"2020-08-21T08:22:36","date_gmt":"2020-08-21T08:22:36","guid":{"rendered":"https:\/\/www.babyelf.de\/?product=sanetta-320500-body-kurzarm-basic-collection-organic-cotton-weiss"},"modified":"2026-01-16T07:48:36","modified_gmt":"2026-01-16T06:48:36","slug":"sanetta-320500-body-kurzarm-basic-collection-organic-cotton-weiss","status":"publish","type":"product","link":"https:\/\/www.babyelf.de\/?product=sanetta-320500-body-kurzarm-basic-collection-organic-cotton-weiss","title":{"rendered":"Sanetta 320500 Unisex &#8211; Baby Babykleidung\/ Unterwsche\/ Bodys, Gr. 74 Wei"},"content":{"rendered":"<p><!-- show up to 2 reviews by default --> <\/p>\n<p>Als Hersteller und Marktf\u00fchrer f\u00fcr Kindermode steht Sanetta seit bald 50 Jahren f\u00fcr modische Kompetenz, h\u00f6chste Qualit\u00e4t, Innovationskraft und Verantwortung. Sanetta verk\u00f6rpert Lebensfreude, Modernit\u00e4t und die Liebe zum Detail.<\/p>\n<\/p>\n<p><b>F\u00fcnf Gr\u00fcnde, Sanetta zu kaufen:<\/b><\/p>\n<\/p>\n<p><b>1) Trocknerbest\u00e4ndigkeit: <\/b><\/p>\n<p>Die Trocknerbest\u00e4ndigkeit wurde vor \u00fcber 27 Jahren durch ein von Sanetta entwickeltes Verfahren ohne jegliche chemische Zus\u00e4tze erm\u00f6glicht. Dabei wird ausschlie\u00dflich mit Wasser, Dampf und Hitze gearbeitet. <\/p>\n<p><b>2) H\u00f6chster Tragekomfort: <\/b><\/p>\n<p>Alle Bodys, T-Shirts und Sweat-Shirts sind durch attraktive Knopfl\u00f6sungen ganz leicht \u00fcber den empfindlichen Kopf zu ziehen. Tragekomfort versprechen unterlegte Rei\u00dfverschl\u00fcsse und Bodys, die auf Rundstrickmaschinen und damit ohne st\u00f6rende Seitenn\u00e4hte gefertigt werden. Druckkn\u00f6pfe sind generell nickelfrei, damit Allergien keine Chance haben. F\u00fcr Sicherheit sorgen Baby-M\u00fctzchen und F\u00e4ustel, die neuerdings mit einem besonderen Verschluss-System ausgestattet sind, das sich bei st\u00e4rkerer Belastung von allein l\u00f6st und das Produktsicherheitsgesetzt (GPSG), dem alle sanetta-Babyartikel selbstverst\u00e4ndlich entsprechen. Dabei stehen immer wieder funktionale Details im Vordergrund. Wie zum Beispiel bei Hosen der hohe, sehr angenehme Softbund f\u00fcr den empfindlichen Baby-Bauch. <\/p>\n<p><b> 3) Zertifizierung \u201eHautsache K\u00f6rpervertr\u00e4glich\u201c: <\/b><\/p>\n<p>Nahezu alle Artikel in bew\u00e4hrter sanetta-Qualit\u00e4t bestehen aus 100% Baumwolle und sind nach \u00d6ko-Tex Standard 100 Produktklasse 1 f\u00fcr Baby zertifiziert. Viele W\u00e4scheteile tragen dar\u00fcber hinaus das Hautsache k\u00f6rpervertr\u00e4glich-Siegel und eine 2-Jahres-Garantie auf Material, Passform und Verarbeitung. Aus dem neuen Bekleidungsst\u00fcck werden keine Substanzen freigesetzt, die bedenklich sein k\u00f6nnten und eine Hautreizung verursachen k\u00f6nnten. <\/p>\n<p><b>4) UV-Schutz:<\/b><\/p>\n<p>Sowohl T-Shirts und Sweaties als auch Baby-Bodys und -Shirts verf\u00fcgen weitgehend \u00fcber den UV-Schutz 15+ oder sogar 30+ (nach Australisch neuseel\u00e4ndischem Standard) f\u00fcr sorgloses Toben und Spielen im Freien. Ohne Chemie verhindern sie Hautreizungen und R\u00f6tungen bei Sonneneinwirkung. <\/p>\n<p><b>5) Gepr\u00fcfte Qualit\u00e4t &amp; H\u00f6chste Standards:<\/b><\/p>\n<p>Unsere Kollektionen unterziehen wir Einlauftests und pr\u00fcfen sie auf Farbechtheit, Entflammbarkeit, Saumst\u00e4rke und den Nickelgehalt aller Metallteile \u2013 um nur einige harte Pr\u00fcfungen zu nennen, die unsere Kollektionen durchlaufen m\u00fcssen, bevor wir sie an Kinderhaut lassen. <\/p>\n<p>Eine Fabrikation ohne sch\u00e4dliche Chemikalien ist f\u00fcr uns genauso selbstverst\u00e4ndlich wie die Produktion unter guten Arbeitsbedingungen f\u00fcr unsere Mitarbeiter. Darauf achten wir im Inland, in unseren eigenen Produktionsst\u00e4tten in der T\u00fcrkei, Rum\u00e4nien, Griechenland, Bulgarien und bei unseren sorgf\u00e4ltig ausgew\u00e4hlten Produktionspartnern. Denn Kindermode ist Vertrauenssache. <\/p>\n<p>Feinripp aus Bio-Baumwolle<br \/>\nperfekte Pa\u00dfform ohne st\u00f6rende Seitennaht<br \/>\nVerschluss: Druckknopf<br \/>\nBody<br \/>\nPflegehinweis: Maschinenw\u00e4sche<br \/>\nModellnummer: 4005192480278<br \/>\nGOTS zertifiziert<br \/>\nBasic Sortiment<br \/>\nMade in Europe<br \/>\n<div class=\"main-cross-sell\" data-asin=\"B001D7JWGW\">\n\n\t<div class=\"WooZone-cross-sell-loader\">\n\t\t<div>\n\t\t\t<div id=\"floatingBarsG\">\n\t\t\t\t<div class=\"blockG\" id=\"rotateG_01\"><\/div>\n\t\t\t\t<div class=\"blockG\" id=\"rotateG_02\"><\/div>\n\t\t\t\t<div class=\"blockG\" id=\"rotateG_03\"><\/div>\n\t\t\t\t<div class=\"blockG\" id=\"rotateG_04\"><\/div>\n\t\t\t\t<div class=\"blockG\" id=\"rotateG_05\"><\/div>\n\t\t\t\t<div class=\"blockG\" id=\"rotateG_06\"><\/div>\n\t\t\t\t<div class=\"blockG\" id=\"rotateG_07\"><\/div>\n\t\t\t\t<div class=\"blockG\" id=\"rotateG_08\"><\/div>\n\t\t\t<\/div>\n\t\t\t<div class=\"WooZone-cross-sell-loader-text\"><\/div>\n\t\t<\/div>\n\t<\/div>\n\n\t\t\n<\/div>\n<div style=\"clear:both;\"><\/div>\n","protected":false},"excerpt":{"rendered":"<p>Feinripp aus Bio-Baumwolle<br \/>\nperfekte Pa\u00dfform ohne st\u00f6rende Seitennaht<br \/>\nVerschluss: Druckknopf<\/p>\n","protected":false},"featured_media":1869,"comment_status":"open","ping_status":"closed","template":"","meta":{"rs_blank_template":"","rs_page_bg_color":"","slide_template_v7":""},"etheme_brands":[],"product_cat":[16],"product_tag":[],"class_list":{"0":"post-1868","1":"product","2":"type-product","3":"status-publish","4":"has-post-thumbnail","6":"product_cat-bekleidung","7":"pa_brand-sanetta","9":"first","10":"instock","11":"shipping-taxable","12":"purchasable","13":"product-type-simple"},"_links":{"self":[{"href":"https:\/\/www.babyelf.de\/index.php?rest_route=\/wp\/v2\/product\/1868","targetHints":{"allow":["GET"]}}],"collection":[{"href":"https:\/\/www.babyelf.de\/index.php?rest_route=\/wp\/v2\/product"}],"about":[{"href":"https:\/\/www.babyelf.de\/index.php?rest_route=\/wp\/v2\/types\/product"}],"replies":[{"embeddable":true,"href":"https:\/\/www.babyelf.de\/index.php?rest_route=%2Fwp%2Fv2%2Fcomments&post=1868"}],"wp:featuredmedia":[{"embeddable":true,"href":"https:\/\/www.babyelf.de\/index.php?rest_route=\/wp\/v2\/media\/1869"}],"wp:attachment":[{"href":"https:\/\/www.babyelf.de\/index.php?rest_route=%2Fwp%2Fv2%2Fmedia&parent=1868"}],"wp:term":[{"taxonomy":"brand","embeddable":true,"href":"https:\/\/www.babyelf.de\/index.php?rest_route=%2Fwp%2Fv2%2Fetheme_brands&post=1868"},{"taxonomy":"product_cat","embeddable":true,"href":"https:\/\/www.babyelf.de\/index.php?rest_route=%2Fwp%2Fv2%2Fproduct_cat&post=1868"},{"taxonomy":"product_tag","embeddable":true,"href":"https:\/\/www.babyelf.de\/index.php?rest_route=%2Fwp%2Fv2%2Fproduct_tag&post=1868"}],"curies":[{"name":"wp","href":"https:\/\/api.w.org\/{rel}","templated":true}]}}