{"id":1861,"date":"2020-08-21T08:22:33","date_gmt":"2020-08-21T08:22:33","guid":{"rendered":"https:\/\/www.babyelf.de\/?product=sterntaler-baby-maedchen-rasselsoeckchen-socken"},"modified":"2026-01-16T07:48:26","modified_gmt":"2026-01-16T06:48:26","slug":"sterntaler-baby-maedchen-rasselsoeckchen-socken","status":"publish","type":"product","link":"https:\/\/www.babyelf.de\/?product=sterntaler-baby-maedchen-rasselsoeckchen-socken","title":{"rendered":"Sterntaler Baby-M\u00e4dchen Rassels\u00f6ckchen Katze Socken, Beerenrot Mel, 15\/16"},"content":{"rendered":"<p><!-- show up to 2 reviews by default --> <\/p>\n<p>S\u00f6ckchen f\u00fcr Babys aus Vollpl\u00fcsch mit integrierter Rassel, Katzen-Motiv, Ohne Rutschen, Ideal f\u00fcr jeden Tag &#8211; Geeignet f\u00fcr Babys von 4 bis 6 Monaten, Abschlie\u00dfendes B\u00fcndchen f\u00fcr besseren Halt, Ohne Gummidruck &#8211; Hochwertige Verarbeitung: 85 % Baumwolle, 12 % Polyamid, 3 % Elasthan &#8211; Leichte Reinigung und Pflege: Maschinenwaschbar bei 40\u00b0, Trocknergeeignet &#8211; Lieferumfang: 1 Sterntaler Rassels\u00f6ckchen, Schuhgr\u00f6\u00dfe: 15-16, Farbe: Rot (Beere) <\/p>\n<p>S\u00f6ckchen f\u00fcr Babys aus Vollpl\u00fcsch mit integrierter Rassel, Katzen-Motiv, Ohne Rutschen, Ideal f\u00fcr jeden Tag<br \/>\nGeeignet f\u00fcr Babys von 4 bis 6 Monaten, Abschlie\u00dfendes B\u00fcndchen f\u00fcr besseren Halt, Ohne Gummidruck<br \/>\n85% Baumwolle, 12% Polyamid, 3% Elasthan<br \/>\nPflegehinweis: Maschinenw\u00e4sche warm (40\u00b0 +)<br \/>\nModellnummer: 8441804<br \/>\nHochwertige Verarbeitung: 85 % Baumwolle, 12 % Polyamid, 3 % Elasthan<br \/>\nLeichte Reinigung und Pflege: Maschinenwaschbar bei 40\u00b0, Trocknergeeignet<br \/>\nLieferumfang: 1 Sterntaler Rassels\u00f6ckchen, Schuhgr\u00f6\u00dfe: 15-16, Farbe: Rot (Beere)<br \/>\n<div class=\"main-cross-sell\" data-asin=\"B078LSR14C\">\n\n\t<div class=\"WooZone-cross-sell-loader\">\n\t\t<div>\n\t\t\t<div id=\"floatingBarsG\">\n\t\t\t\t<div class=\"blockG\" id=\"rotateG_01\"><\/div>\n\t\t\t\t<div class=\"blockG\" id=\"rotateG_02\"><\/div>\n\t\t\t\t<div class=\"blockG\" id=\"rotateG_03\"><\/div>\n\t\t\t\t<div class=\"blockG\" id=\"rotateG_04\"><\/div>\n\t\t\t\t<div class=\"blockG\" id=\"rotateG_05\"><\/div>\n\t\t\t\t<div class=\"blockG\" id=\"rotateG_06\"><\/div>\n\t\t\t\t<div class=\"blockG\" id=\"rotateG_07\"><\/div>\n\t\t\t\t<div class=\"blockG\" id=\"rotateG_08\"><\/div>\n\t\t\t<\/div>\n\t\t\t<div class=\"WooZone-cross-sell-loader-text\"><\/div>\n\t\t<\/div>\n\t<\/div>\n\n\t\t\n<\/div>\n<div style=\"clear:both;\"><\/div>\n","protected":false},"excerpt":{"rendered":"<p>S\u00f6ckchen f\u00fcr Babys aus Vollpl\u00fcsch mit integrierter Rassel, Katzen-Motiv, Ohne Rutschen, Ideal f\u00fcr jeden Tag<br \/>\nGeeignet f\u00fcr Babys von 4 bis 6 Monaten, Abschlie\u00dfendes B\u00fcndchen f\u00fcr besseren Halt, Ohne Gummidruck<br \/>\n85% Baumwolle, 12% Polyamid, 3% Elasthan<\/p>\n","protected":false},"featured_media":1862,"comment_status":"open","ping_status":"closed","template":"","meta":{"rs_blank_template":"","rs_page_bg_color":"","slide_template_v7":""},"etheme_brands":[],"product_cat":[16],"product_tag":[],"class_list":{"0":"post-1861","1":"product","2":"type-product","3":"status-publish","4":"has-post-thumbnail","6":"product_cat-bekleidung","7":"pa_brand-sterntaler","9":"first","10":"instock","11":"shipping-taxable","12":"product-type-simple"},"_links":{"self":[{"href":"https:\/\/www.babyelf.de\/index.php?rest_route=\/wp\/v2\/product\/1861","targetHints":{"allow":["GET"]}}],"collection":[{"href":"https:\/\/www.babyelf.de\/index.php?rest_route=\/wp\/v2\/product"}],"about":[{"href":"https:\/\/www.babyelf.de\/index.php?rest_route=\/wp\/v2\/types\/product"}],"replies":[{"embeddable":true,"href":"https:\/\/www.babyelf.de\/index.php?rest_route=%2Fwp%2Fv2%2Fcomments&post=1861"}],"wp:featuredmedia":[{"embeddable":true,"href":"https:\/\/www.babyelf.de\/index.php?rest_route=\/wp\/v2\/media\/1862"}],"wp:attachment":[{"href":"https:\/\/www.babyelf.de\/index.php?rest_route=%2Fwp%2Fv2%2Fmedia&parent=1861"}],"wp:term":[{"taxonomy":"brand","embeddable":true,"href":"https:\/\/www.babyelf.de\/index.php?rest_route=%2Fwp%2Fv2%2Fetheme_brands&post=1861"},{"taxonomy":"product_cat","embeddable":true,"href":"https:\/\/www.babyelf.de\/index.php?rest_route=%2Fwp%2Fv2%2Fproduct_cat&post=1861"},{"taxonomy":"product_tag","embeddable":true,"href":"https:\/\/www.babyelf.de\/index.php?rest_route=%2Fwp%2Fv2%2Fproduct_tag&post=1861"}],"curies":[{"name":"wp","href":"https:\/\/api.w.org\/{rel}","templated":true}]}}