{"id":1832,"date":"2020-08-21T08:22:21","date_gmt":"2020-08-21T08:22:21","guid":{"rendered":"https:\/\/www.babyelf.de\/?product=bebone-baby-maedchen-stern-mond-kapuze-cartoon-vlies-strampler"},"modified":"2025-12-24T22:59:25","modified_gmt":"2025-12-24T21:59:25","slug":"bebone-baby-maedchen-stern-mond-kapuze-cartoon-vlies-strampler","status":"publish","type":"product","link":"https:\/\/www.babyelf.de\/?product=bebone-baby-maedchen-stern-mond-kapuze-cartoon-vlies-strampler","title":{"rendered":"Bebone Baby M\u00e4dchen Stern Mond Kapuze Cartoon Vlies Strampler (Gr\u00fcn, 0-3 Monate)"},"content":{"rendered":"<p><!-- show up to 2 reviews by default --> <\/p>\n<p>Bebone Baby M\u00e4dchen Stern Mond Kapuze Cartoon Vlies Strampler <\/p>\n<p>Kostenfreie R\u00fccksendung. Versand aus Amazon-Lager in Deutschland. Lieferzeit gew\u00f6hnlich 2-5 Werktagen.<br \/>\nAchtung: Verkauf durch FAMUKA HOME und Versand durch Amazon. Schauen Sie Ihre Bestellung mal bitte, ob der Verk\u00e4ufer \u201cFAMUKA HOME\u201d ist. Wenn nicht, sind wir f\u00fcr Ihre Bestellung nicht verantwortlich. Wir k\u00f6nnen die Qualit\u00e4t der billigen Produkte aus anderem Verk\u00e4ufer nicht kontrollieren.<br \/>\nBaumwolle<br \/>\nModellnummer: ETHY-234<br \/>\n<div class=\"main-cross-sell\" data-asin=\"B01LZYW5VL\">\n\n\t<div class=\"WooZone-cross-sell-loader\">\n\t\t<div>\n\t\t\t<div id=\"floatingBarsG\">\n\t\t\t\t<div class=\"blockG\" id=\"rotateG_01\"><\/div>\n\t\t\t\t<div class=\"blockG\" id=\"rotateG_02\"><\/div>\n\t\t\t\t<div class=\"blockG\" id=\"rotateG_03\"><\/div>\n\t\t\t\t<div class=\"blockG\" id=\"rotateG_04\"><\/div>\n\t\t\t\t<div class=\"blockG\" id=\"rotateG_05\"><\/div>\n\t\t\t\t<div class=\"blockG\" id=\"rotateG_06\"><\/div>\n\t\t\t\t<div class=\"blockG\" id=\"rotateG_07\"><\/div>\n\t\t\t\t<div class=\"blockG\" id=\"rotateG_08\"><\/div>\n\t\t\t<\/div>\n\t\t\t<div class=\"WooZone-cross-sell-loader-text\"><\/div>\n\t\t<\/div>\n\t<\/div>\n\n\t\t\n<\/div>\n<div style=\"clear:both;\"><\/div>\n","protected":false},"excerpt":{"rendered":"<p>Kostenfreie R\u00fccksendung. Versand aus Amazon-Lager in Deutschland. Lieferzeit gew\u00f6hnlich 2-5 Werktagen.<br \/>\nAchtung: Verkauf durch FAMUKA HOME und Versand durch Amazon. Schauen Sie Ihre Bestellung mal bitte, ob der Verk\u00e4ufer \u201cFAMUKA HOME\u201d ist. Wenn nicht, sind wir f\u00fcr Ihre Bestellung nicht verantwortlich. Wir k\u00f6nnen die Qualit\u00e4t der billigen Produkte aus anderem Verk\u00e4ufer nicht kontrollieren.<br \/>\nBaumwolle<\/p>\n","protected":false},"featured_media":1833,"comment_status":"open","ping_status":"closed","template":"","meta":{"rs_blank_template":"","rs_page_bg_color":"","slide_template_v7":""},"etheme_brands":[],"product_cat":[16],"product_tag":[],"class_list":{"0":"post-1832","1":"product","2":"type-product","3":"status-publish","4":"has-post-thumbnail","6":"product_cat-bekleidung","7":"pa_brand-bebone","9":"first","10":"instock","11":"shipping-taxable","12":"product-type-simple"},"_links":{"self":[{"href":"https:\/\/www.babyelf.de\/index.php?rest_route=\/wp\/v2\/product\/1832","targetHints":{"allow":["GET"]}}],"collection":[{"href":"https:\/\/www.babyelf.de\/index.php?rest_route=\/wp\/v2\/product"}],"about":[{"href":"https:\/\/www.babyelf.de\/index.php?rest_route=\/wp\/v2\/types\/product"}],"replies":[{"embeddable":true,"href":"https:\/\/www.babyelf.de\/index.php?rest_route=%2Fwp%2Fv2%2Fcomments&post=1832"}],"wp:featuredmedia":[{"embeddable":true,"href":"https:\/\/www.babyelf.de\/index.php?rest_route=\/wp\/v2\/media\/1833"}],"wp:attachment":[{"href":"https:\/\/www.babyelf.de\/index.php?rest_route=%2Fwp%2Fv2%2Fmedia&parent=1832"}],"wp:term":[{"taxonomy":"brand","embeddable":true,"href":"https:\/\/www.babyelf.de\/index.php?rest_route=%2Fwp%2Fv2%2Fetheme_brands&post=1832"},{"taxonomy":"product_cat","embeddable":true,"href":"https:\/\/www.babyelf.de\/index.php?rest_route=%2Fwp%2Fv2%2Fproduct_cat&post=1832"},{"taxonomy":"product_tag","embeddable":true,"href":"https:\/\/www.babyelf.de\/index.php?rest_route=%2Fwp%2Fv2%2Fproduct_tag&post=1832"}],"curies":[{"name":"wp","href":"https:\/\/api.w.org\/{rel}","templated":true}]}}