{"id":1824,"date":"2020-08-21T08:22:18","date_gmt":"2020-08-21T08:22:18","guid":{"rendered":"https:\/\/www.babyelf.de\/?product=simple-joys-by-carters-babykleid-baumwolle-3-stueck"},"modified":"2026-01-16T07:48:26","modified_gmt":"2026-01-16T06:48:26","slug":"simple-joys-by-carters-babykleid-baumwolle-3-stueck","status":"publish","type":"product","link":"https:\/\/www.babyelf.de\/?product=simple-joys-by-carters-babykleid-baumwolle-3-stueck","title":{"rendered":"Carter&#8217;s Simple Joys Nachthemd, f\u00fcr Babys, Baumwolle, 3 St\u00fcck ,Gray\/Green\/Yellow ,US NB (EU 56-62)"},"content":{"rendered":"<p><!-- show up to 2 reviews by default --> <\/p>\n<p>Ein Dreierpack lang\u00e4rmeliger Kleider besteht aus kuscheliger Baumwolle, einem Halsausschnitt, gefr\u00e4sten S\u00e4umen und verspielten Drucken. <\/p>\n<p>Drei lang\u00e4rmlige Kleider aus babyweicher Baumwolle mit dehnbaren Schultern<br \/>\nEingeschnittene S\u00e4ume halten die F\u00fc\u00dfe warm und bedeckt<br \/>\n100% Baumwolle<br \/>\n3-pack Neutral Cotton Sleeper Gown<br \/>\nPflegehinweis: Maschinenw\u00e4sche<br \/>\nModellnummer: A26G089<br \/>\nErleichtert das Wechseln der Nacht ohne Druckknopf oder Rei\u00dfverschl\u00fcsse.<br \/>\nUmklappbare Manschetten sind nur in den Gr\u00f6\u00dfen Fr\u00fchgeborene und Neugeborene enthalten. Produktgr\u00f6\u00dfen 0-3 m, 3-6 m und 6-9 M verf\u00fcgen nicht \u00fcber umklappbare Manschetten.<br \/>\nCarter\u2019s ist die Bestseller-Marke f\u00fcr Kleinkindmode in den USA. Generationen amerikanischer Familien vertrauen darauf, dass sie ihr Leben vereinfacht. Carter\u2019s bietet eine gro\u00dfe Bandbreite an Styles zu gro\u00dfartigen Preisen.<br \/>\n<div class=\"main-cross-sell\" data-asin=\"B01MFFW5WG\">\n\n\t<div class=\"WooZone-cross-sell-loader\">\n\t\t<div>\n\t\t\t<div id=\"floatingBarsG\">\n\t\t\t\t<div class=\"blockG\" id=\"rotateG_01\"><\/div>\n\t\t\t\t<div class=\"blockG\" id=\"rotateG_02\"><\/div>\n\t\t\t\t<div class=\"blockG\" id=\"rotateG_03\"><\/div>\n\t\t\t\t<div class=\"blockG\" id=\"rotateG_04\"><\/div>\n\t\t\t\t<div class=\"blockG\" id=\"rotateG_05\"><\/div>\n\t\t\t\t<div class=\"blockG\" id=\"rotateG_06\"><\/div>\n\t\t\t\t<div class=\"blockG\" id=\"rotateG_07\"><\/div>\n\t\t\t\t<div class=\"blockG\" id=\"rotateG_08\"><\/div>\n\t\t\t<\/div>\n\t\t\t<div class=\"WooZone-cross-sell-loader-text\"><\/div>\n\t\t<\/div>\n\t<\/div>\n\n\t\t\n<\/div>\n<div style=\"clear:both;\"><\/div>\n","protected":false},"excerpt":{"rendered":"<p>Drei lang\u00e4rmlige Kleider aus babyweicher Baumwolle mit dehnbaren Schultern<br \/>\nEingeschnittene S\u00e4ume halten die F\u00fc\u00dfe warm und bedeckt<br \/>\n100% Baumwolle<\/p>\n","protected":false},"featured_media":1825,"comment_status":"open","ping_status":"closed","template":"","meta":{"rs_blank_template":"","rs_page_bg_color":"","slide_template_v7":""},"etheme_brands":[],"product_cat":[16],"product_tag":[],"class_list":{"0":"post-1824","1":"product","2":"type-product","3":"status-publish","4":"has-post-thumbnail","6":"product_cat-bekleidung","7":"pa_brand-simple-joys-by-carters","9":"first","10":"instock","11":"sale","12":"shipping-taxable","13":"purchasable","14":"product-type-simple"},"_links":{"self":[{"href":"https:\/\/www.babyelf.de\/index.php?rest_route=\/wp\/v2\/product\/1824","targetHints":{"allow":["GET"]}}],"collection":[{"href":"https:\/\/www.babyelf.de\/index.php?rest_route=\/wp\/v2\/product"}],"about":[{"href":"https:\/\/www.babyelf.de\/index.php?rest_route=\/wp\/v2\/types\/product"}],"replies":[{"embeddable":true,"href":"https:\/\/www.babyelf.de\/index.php?rest_route=%2Fwp%2Fv2%2Fcomments&post=1824"}],"wp:featuredmedia":[{"embeddable":true,"href":"https:\/\/www.babyelf.de\/index.php?rest_route=\/wp\/v2\/media\/1825"}],"wp:attachment":[{"href":"https:\/\/www.babyelf.de\/index.php?rest_route=%2Fwp%2Fv2%2Fmedia&parent=1824"}],"wp:term":[{"taxonomy":"brand","embeddable":true,"href":"https:\/\/www.babyelf.de\/index.php?rest_route=%2Fwp%2Fv2%2Fetheme_brands&post=1824"},{"taxonomy":"product_cat","embeddable":true,"href":"https:\/\/www.babyelf.de\/index.php?rest_route=%2Fwp%2Fv2%2Fproduct_cat&post=1824"},{"taxonomy":"product_tag","embeddable":true,"href":"https:\/\/www.babyelf.de\/index.php?rest_route=%2Fwp%2Fv2%2Fproduct_tag&post=1824"}],"curies":[{"name":"wp","href":"https:\/\/api.w.org\/{rel}","templated":true}]}}