{"id":1816,"date":"2020-08-21T08:22:16","date_gmt":"2020-08-21T08:22:16","guid":{"rendered":"https:\/\/www.babyelf.de\/?product=dtailz-baby-kleidung-erweitern-baby-vest-extender"},"modified":"2026-01-17T07:37:20","modified_gmt":"2026-01-17T06:37:20","slug":"dtailz-baby-kleidung-erweitern-baby-vest-extender","status":"publish","type":"product","link":"https:\/\/www.babyelf.de\/?product=dtailz-baby-kleidung-erweitern-baby-vest-extender","title":{"rendered":"Dtailz Baby Kleidung Erweitern (Baby Vest Extender)"},"content":{"rendered":"<p><!-- show up to 2 reviews by default --> <\/p>\n<p>Diese wei\u00dfen Baby-Body-Extender nicht nur verl\u00e4ngern die L\u00e4nge Ihres kleinen eigenen Westen, sondern auch die Zeit verl\u00e4ngern Sie diese niedlichen Westen auf Ihr Baby zu sehen. Egal, ob Sie Stoffwindeln verwenden oder nicht, werden Sie bald diese kleinen Extender feststellen, so viel umweltfreundlicher als auch Ihre Tasche freundlich sind. Sie geben diese enge Windeln, wenn Ihr Baby w\u00e4chst schnell aus seinem \/ ihrem Westen, so dass weniger undichte Windeln weniger Sp\u00fclmittel. Au\u00dferdem ist, wie Babys wachsen schneller als der L\u00e4nge nach Brust weise, k\u00f6nnen Sie die gleichen Westen f\u00fcr viel mehr verwenden und m\u00f6glicherweise ein paar Gr\u00f6\u00dfen aufspringen, wenn seine Zeit neuen Westen zu kaufen !! Diese Streckmittel sind etwa 10 x 8 cm mit 9 mm Popper, die 16-20 mm voneinander entfernt sind. Die Poppers sind an der Au\u00dfenverkleidung positioniert zus\u00e4tzliche Festigkeit und Haltbarkeit zu unterst\u00fctzen. Sie passen die meisten Kettenbabykleidung einschlie\u00dflich: Stiefel, Next, Tesco, ASDA, Sainsbury, Mutter Pflege, John Lewis und M &amp; S. Leider haben sie passen nicht babyGap, Vertbaudet, Mamas &amp; Papas und gr\u00fcne Baby. Diese Extender sind so konzipiert, hergestellt und in Gro\u00dfbritannien von einem britischen mum versandt.. <\/p>\n<p>Lieferumfang: 3 St\u00fcck.<br \/>\n<div class=\"main-cross-sell\" data-asin=\"B00TNKFCPG\">\n\n\t<div class=\"WooZone-cross-sell-loader\">\n\t\t<div>\n\t\t\t<div id=\"floatingBarsG\">\n\t\t\t\t<div class=\"blockG\" id=\"rotateG_01\"><\/div>\n\t\t\t\t<div class=\"blockG\" id=\"rotateG_02\"><\/div>\n\t\t\t\t<div class=\"blockG\" id=\"rotateG_03\"><\/div>\n\t\t\t\t<div class=\"blockG\" id=\"rotateG_04\"><\/div>\n\t\t\t\t<div class=\"blockG\" id=\"rotateG_05\"><\/div>\n\t\t\t\t<div class=\"blockG\" id=\"rotateG_06\"><\/div>\n\t\t\t\t<div class=\"blockG\" id=\"rotateG_07\"><\/div>\n\t\t\t\t<div class=\"blockG\" id=\"rotateG_08\"><\/div>\n\t\t\t<\/div>\n\t\t\t<div class=\"WooZone-cross-sell-loader-text\"><\/div>\n\t\t<\/div>\n\t<\/div>\n\n\t\t\n<\/div>\n<div style=\"clear:both;\"><\/div>\n","protected":false},"excerpt":{"rendered":"<p>Lieferumfang: 3 St\u00fcck.<\/p>\n","protected":false},"featured_media":1817,"comment_status":"open","ping_status":"closed","template":"","meta":{"rs_blank_template":"","rs_page_bg_color":"","slide_template_v7":""},"etheme_brands":[],"product_cat":[16],"product_tag":[],"class_list":{"0":"post-1816","1":"product","2":"type-product","3":"status-publish","4":"has-post-thumbnail","6":"product_cat-bekleidung","7":"pa_brand-dtailz","9":"first","10":"instock","11":"shipping-taxable","12":"product-type-simple"},"_links":{"self":[{"href":"https:\/\/www.babyelf.de\/index.php?rest_route=\/wp\/v2\/product\/1816","targetHints":{"allow":["GET"]}}],"collection":[{"href":"https:\/\/www.babyelf.de\/index.php?rest_route=\/wp\/v2\/product"}],"about":[{"href":"https:\/\/www.babyelf.de\/index.php?rest_route=\/wp\/v2\/types\/product"}],"replies":[{"embeddable":true,"href":"https:\/\/www.babyelf.de\/index.php?rest_route=%2Fwp%2Fv2%2Fcomments&post=1816"}],"wp:featuredmedia":[{"embeddable":true,"href":"https:\/\/www.babyelf.de\/index.php?rest_route=\/wp\/v2\/media\/1817"}],"wp:attachment":[{"href":"https:\/\/www.babyelf.de\/index.php?rest_route=%2Fwp%2Fv2%2Fmedia&parent=1816"}],"wp:term":[{"taxonomy":"brand","embeddable":true,"href":"https:\/\/www.babyelf.de\/index.php?rest_route=%2Fwp%2Fv2%2Fetheme_brands&post=1816"},{"taxonomy":"product_cat","embeddable":true,"href":"https:\/\/www.babyelf.de\/index.php?rest_route=%2Fwp%2Fv2%2Fproduct_cat&post=1816"},{"taxonomy":"product_tag","embeddable":true,"href":"https:\/\/www.babyelf.de\/index.php?rest_route=%2Fwp%2Fv2%2Fproduct_tag&post=1816"}],"curies":[{"name":"wp","href":"https:\/\/api.w.org\/{rel}","templated":true}]}}