{"id":1764,"date":"2020-08-21T08:21:41","date_gmt":"2020-08-21T08:21:41","guid":{"rendered":"https:\/\/www.babyelf.de\/?product=noppies-unisex-baby-u-tee-overlap-taylor-t-shirt"},"modified":"2026-01-17T07:37:20","modified_gmt":"2026-01-17T06:37:20","slug":"noppies-unisex-baby-u-tee-overlap-taylor-t-shirt","status":"publish","type":"product","link":"https:\/\/www.babyelf.de\/?product=noppies-unisex-baby-u-tee-overlap-taylor-t-shirt","title":{"rendered":"Noppies Unisex Baby U Tee Overlap Taylor T Shirt, Honey Yellow, 68 EU"},"content":{"rendered":"<p><!-- show up to 2 reviews by default --> <\/p>\n<p>Longsleeve Taylor von Noppies ist aus weicher und biologischer Baumwolle. Dank Stretchanteil f\u00fchlt sich dieses Kleidungsst\u00fcck \u00e4u\u00dferst geschmeidig an. Das Modell hat ein ganzfl\u00e4chiges Sternen-Dessin und ein vierbl\u00e4ttriges Kleeblatt. So wird Ihr Baby zum echten Gl\u00fccksstern. Durch das Wickelmodell mit Druckkn\u00f6pfen ist das An- und Ausziehen Ihres Babys besonders einfach. Die Konfektionsgr\u00f6\u00dfe entspricht der K\u00f6rpergr\u00f6\u00dfe. <\/p>\n<p>Kragenform: V-Ausschnitt<br \/>\nLangarm<br \/>\n95% Baumwolle, 5% Elasthan<br \/>\nPflegehinweis: Maschinenw\u00e4sche<br \/>\nModellnummer: 67392<br \/>\n<div class=\"main-cross-sell\" data-asin=\"B07HGFZBF2\">\n\n\t<div class=\"WooZone-cross-sell-loader\">\n\t\t<div>\n\t\t\t<div id=\"floatingBarsG\">\n\t\t\t\t<div class=\"blockG\" id=\"rotateG_01\"><\/div>\n\t\t\t\t<div class=\"blockG\" id=\"rotateG_02\"><\/div>\n\t\t\t\t<div class=\"blockG\" id=\"rotateG_03\"><\/div>\n\t\t\t\t<div class=\"blockG\" id=\"rotateG_04\"><\/div>\n\t\t\t\t<div class=\"blockG\" id=\"rotateG_05\"><\/div>\n\t\t\t\t<div class=\"blockG\" id=\"rotateG_06\"><\/div>\n\t\t\t\t<div class=\"blockG\" id=\"rotateG_07\"><\/div>\n\t\t\t\t<div class=\"blockG\" id=\"rotateG_08\"><\/div>\n\t\t\t<\/div>\n\t\t\t<div class=\"WooZone-cross-sell-loader-text\"><\/div>\n\t\t<\/div>\n\t<\/div>\n\n\t\t\n<\/div>\n<div style=\"clear:both;\"><\/div>\n","protected":false},"excerpt":{"rendered":"<p>Kragenform: V-Ausschnitt<br \/>\nLangarm<br \/>\n95% Baumwolle, 5% Elasthan<\/p>\n","protected":false},"featured_media":1765,"comment_status":"open","ping_status":"closed","template":"","meta":{"rs_blank_template":"","rs_page_bg_color":"","slide_template_v7":""},"etheme_brands":[],"product_cat":[16],"product_tag":[],"class_list":{"0":"post-1764","1":"product","2":"type-product","3":"status-publish","4":"has-post-thumbnail","6":"product_cat-bekleidung","7":"pa_brand-noppies","9":"first","10":"instock","11":"shipping-taxable","12":"product-type-simple"},"_links":{"self":[{"href":"https:\/\/www.babyelf.de\/index.php?rest_route=\/wp\/v2\/product\/1764","targetHints":{"allow":["GET"]}}],"collection":[{"href":"https:\/\/www.babyelf.de\/index.php?rest_route=\/wp\/v2\/product"}],"about":[{"href":"https:\/\/www.babyelf.de\/index.php?rest_route=\/wp\/v2\/types\/product"}],"replies":[{"embeddable":true,"href":"https:\/\/www.babyelf.de\/index.php?rest_route=%2Fwp%2Fv2%2Fcomments&post=1764"}],"wp:featuredmedia":[{"embeddable":true,"href":"https:\/\/www.babyelf.de\/index.php?rest_route=\/wp\/v2\/media\/1765"}],"wp:attachment":[{"href":"https:\/\/www.babyelf.de\/index.php?rest_route=%2Fwp%2Fv2%2Fmedia&parent=1764"}],"wp:term":[{"taxonomy":"brand","embeddable":true,"href":"https:\/\/www.babyelf.de\/index.php?rest_route=%2Fwp%2Fv2%2Fetheme_brands&post=1764"},{"taxonomy":"product_cat","embeddable":true,"href":"https:\/\/www.babyelf.de\/index.php?rest_route=%2Fwp%2Fv2%2Fproduct_cat&post=1764"},{"taxonomy":"product_tag","embeddable":true,"href":"https:\/\/www.babyelf.de\/index.php?rest_route=%2Fwp%2Fv2%2Fproduct_tag&post=1764"}],"curies":[{"name":"wp","href":"https:\/\/api.w.org\/{rel}","templated":true}]}}