{"id":1741,"date":"2020-08-21T08:21:33","date_gmt":"2020-08-21T08:21:33","guid":{"rendered":"https:\/\/www.babyelf.de\/?product=noppies-baby-maedchen-g-tee-ls-roos-langarmshirt"},"modified":"2026-01-16T09:21:52","modified_gmt":"2026-01-16T08:21:52","slug":"noppies-baby-maedchen-g-tee-ls-roos-langarmshirt","status":"publish","type":"product","link":"https:\/\/www.babyelf.de\/?product=noppies-baby-maedchen-g-tee-ls-roos-langarmshirt","title":{"rendered":"Noppies Baby-M\u00e4dchen G Tee ls Roos Langarmshirt, Rosa (Light Rose C092), 56"},"content":{"rendered":"<p><!-- show up to 2 reviews by default --> <\/p>\n<p>Longsleeve Roos von Noppies ist aus weicher Baumwolle gefertigt und hat einen s\u00fc\u00dfen Print auf der Brust. Die Druckkn\u00f6pfe am Nacken machen das An- und Ausziehen bei Ihrem Kind besonders einfach. Kombinieren Sie dieses Shirt mit einer Hose in gestreiftem oder gepunktetem Dessin. Dieses Kleidungsst\u00fcck wurde umweltfreundlich hergestellt und ist aus biologischem Material mit GOTS-Zertifikat.Die Konfektionsgr\u00f6\u00dfe entspricht der K\u00f6rpergr\u00f6\u00dfe. <\/p>\n<p>Kragenform: Rundhals<br \/>\nLangarm<br \/>\n95% Baumwolle, 5% Elasthan<br \/>\nPflegehinweis: Maschinenw\u00e4sche<br \/>\nModellnummer: 67390<br \/>\n<div class=\"main-cross-sell\" data-asin=\"B07FL3J2J9\">\n\n\t<div class=\"WooZone-cross-sell-loader\">\n\t\t<div>\n\t\t\t<div id=\"floatingBarsG\">\n\t\t\t\t<div class=\"blockG\" id=\"rotateG_01\"><\/div>\n\t\t\t\t<div class=\"blockG\" id=\"rotateG_02\"><\/div>\n\t\t\t\t<div class=\"blockG\" id=\"rotateG_03\"><\/div>\n\t\t\t\t<div class=\"blockG\" id=\"rotateG_04\"><\/div>\n\t\t\t\t<div class=\"blockG\" id=\"rotateG_05\"><\/div>\n\t\t\t\t<div class=\"blockG\" id=\"rotateG_06\"><\/div>\n\t\t\t\t<div class=\"blockG\" id=\"rotateG_07\"><\/div>\n\t\t\t\t<div class=\"blockG\" id=\"rotateG_08\"><\/div>\n\t\t\t<\/div>\n\t\t\t<div class=\"WooZone-cross-sell-loader-text\"><\/div>\n\t\t<\/div>\n\t<\/div>\n\n\t\t\n<\/div>\n<div style=\"clear:both;\"><\/div>\n","protected":false},"excerpt":{"rendered":"<p>Kragenform: Rundhals<br \/>\nLangarm<br \/>\n95% Baumwolle, 5% Elasthan<\/p>\n","protected":false},"featured_media":1742,"comment_status":"open","ping_status":"closed","template":"","meta":{"rs_blank_template":"","rs_page_bg_color":"","slide_template_v7":""},"etheme_brands":[],"product_cat":[16],"product_tag":[],"class_list":{"0":"post-1741","1":"product","2":"type-product","3":"status-publish","4":"has-post-thumbnail","6":"product_cat-bekleidung","7":"pa_brand-noppies","9":"first","10":"instock","11":"shipping-taxable","12":"product-type-simple"},"_links":{"self":[{"href":"https:\/\/www.babyelf.de\/index.php?rest_route=\/wp\/v2\/product\/1741","targetHints":{"allow":["GET"]}}],"collection":[{"href":"https:\/\/www.babyelf.de\/index.php?rest_route=\/wp\/v2\/product"}],"about":[{"href":"https:\/\/www.babyelf.de\/index.php?rest_route=\/wp\/v2\/types\/product"}],"replies":[{"embeddable":true,"href":"https:\/\/www.babyelf.de\/index.php?rest_route=%2Fwp%2Fv2%2Fcomments&post=1741"}],"wp:featuredmedia":[{"embeddable":true,"href":"https:\/\/www.babyelf.de\/index.php?rest_route=\/wp\/v2\/media\/1742"}],"wp:attachment":[{"href":"https:\/\/www.babyelf.de\/index.php?rest_route=%2Fwp%2Fv2%2Fmedia&parent=1741"}],"wp:term":[{"taxonomy":"brand","embeddable":true,"href":"https:\/\/www.babyelf.de\/index.php?rest_route=%2Fwp%2Fv2%2Fetheme_brands&post=1741"},{"taxonomy":"product_cat","embeddable":true,"href":"https:\/\/www.babyelf.de\/index.php?rest_route=%2Fwp%2Fv2%2Fproduct_cat&post=1741"},{"taxonomy":"product_tag","embeddable":true,"href":"https:\/\/www.babyelf.de\/index.php?rest_route=%2Fwp%2Fv2%2Fproduct_tag&post=1741"}],"curies":[{"name":"wp","href":"https:\/\/api.w.org\/{rel}","templated":true}]}}