{"id":1707,"date":"2020-08-21T08:18:15","date_gmt":"2020-08-21T08:18:15","guid":{"rendered":"https:\/\/www.babyelf.de\/?product=tuptam-unisex-baby-pumphose-5er-pack"},"modified":"2026-01-16T09:21:52","modified_gmt":"2026-01-16T08:21:52","slug":"tuptam-unisex-baby-pumphose-5er-pack","status":"publish","type":"product","link":"https:\/\/www.babyelf.de\/?product=tuptam-unisex-baby-pumphose-5er-pack","title":{"rendered":"TupTam Pumphose Baby 5er Pack Unisex &#8211; Bequeme Baby Hose f\u00fcr Jungen und M\u00e4dchen aus Oeko-Tex Baumwolle, Farbe: Junge 5, Gr\u00f6\u00dfe: 56"},"content":{"rendered":"<p>Bunt gemusterte Baby Schlupfhose im 5er Vorteilspack &#8211; f\u00fcr Jungs und M\u00e4dchen<br \/>\nTolle farblich abgestimmte Sommerhose im Set zur Auswahl<br \/>\n100% Baumwolle, Strickb\u00fcndchen: 97% Baumwolle, 3% Elasthan<br \/>\nMit extra breitem, elastischem Bund<br \/>\nHautfreundliche reine Baumwolle f\u00fcr beste Atmungsaktivit\u00e4t<br \/>\nWeit geschnittene Hosenbeine<br \/>\n<div class=\"main-cross-sell\" data-asin=\"B07HWYXCTT\">\n\n\t<div class=\"WooZone-cross-sell-loader\">\n\t\t<div>\n\t\t\t<div id=\"floatingBarsG\">\n\t\t\t\t<div class=\"blockG\" id=\"rotateG_01\"><\/div>\n\t\t\t\t<div class=\"blockG\" id=\"rotateG_02\"><\/div>\n\t\t\t\t<div class=\"blockG\" id=\"rotateG_03\"><\/div>\n\t\t\t\t<div class=\"blockG\" id=\"rotateG_04\"><\/div>\n\t\t\t\t<div class=\"blockG\" id=\"rotateG_05\"><\/div>\n\t\t\t\t<div class=\"blockG\" id=\"rotateG_06\"><\/div>\n\t\t\t\t<div class=\"blockG\" id=\"rotateG_07\"><\/div>\n\t\t\t\t<div class=\"blockG\" id=\"rotateG_08\"><\/div>\n\t\t\t<\/div>\n\t\t\t<div class=\"WooZone-cross-sell-loader-text\"><\/div>\n\t\t<\/div>\n\t<\/div>\n\n\t\t\n<\/div>\n<div style=\"clear:both;\"><\/div>\n","protected":false},"excerpt":{"rendered":"<p>Bunt gemusterte Baby Schlupfhose im 5er Vorteilspack &#8211; f\u00fcr Jungs und M\u00e4dchen<br \/>\nTolle farblich abgestimmte Sommerhose im Set zur Auswahl<br \/>\n100% Baumwolle, Strickb\u00fcndchen: 97% Baumwolle, 3% Elasthan<\/p>\n","protected":false},"featured_media":1708,"comment_status":"open","ping_status":"closed","template":"","meta":{"rs_blank_template":"","rs_page_bg_color":"","slide_template_v7":""},"etheme_brands":[],"product_cat":[16],"product_tag":[],"class_list":{"0":"post-1707","1":"product","2":"type-product","3":"status-publish","4":"has-post-thumbnail","6":"product_cat-bekleidung","7":"pa_brand-tuptam","9":"first","10":"instock","11":"shipping-taxable","12":"product-type-simple"},"_links":{"self":[{"href":"https:\/\/www.babyelf.de\/index.php?rest_route=\/wp\/v2\/product\/1707","targetHints":{"allow":["GET"]}}],"collection":[{"href":"https:\/\/www.babyelf.de\/index.php?rest_route=\/wp\/v2\/product"}],"about":[{"href":"https:\/\/www.babyelf.de\/index.php?rest_route=\/wp\/v2\/types\/product"}],"replies":[{"embeddable":true,"href":"https:\/\/www.babyelf.de\/index.php?rest_route=%2Fwp%2Fv2%2Fcomments&post=1707"}],"wp:featuredmedia":[{"embeddable":true,"href":"https:\/\/www.babyelf.de\/index.php?rest_route=\/wp\/v2\/media\/1708"}],"wp:attachment":[{"href":"https:\/\/www.babyelf.de\/index.php?rest_route=%2Fwp%2Fv2%2Fmedia&parent=1707"}],"wp:term":[{"taxonomy":"brand","embeddable":true,"href":"https:\/\/www.babyelf.de\/index.php?rest_route=%2Fwp%2Fv2%2Fetheme_brands&post=1707"},{"taxonomy":"product_cat","embeddable":true,"href":"https:\/\/www.babyelf.de\/index.php?rest_route=%2Fwp%2Fv2%2Fproduct_cat&post=1707"},{"taxonomy":"product_tag","embeddable":true,"href":"https:\/\/www.babyelf.de\/index.php?rest_route=%2Fwp%2Fv2%2Fproduct_tag&post=1707"}],"curies":[{"name":"wp","href":"https:\/\/api.w.org\/{rel}","templated":true}]}}