{"id":1703,"date":"2020-08-21T08:18:15","date_gmt":"2020-08-21T08:18:15","guid":{"rendered":"https:\/\/www.babyelf.de\/?product=famuka-baby-junge-smoking-neugeborenen-anzug-taufe-hochzeit-babykleidung"},"modified":"2026-01-16T09:21:52","modified_gmt":"2026-01-16T08:21:52","slug":"famuka-baby-junge-smoking-neugeborenen-anzug-taufe-hochzeit-babykleidung","status":"publish","type":"product","link":"https:\/\/www.babyelf.de\/?product=famuka-baby-junge-smoking-neugeborenen-anzug-taufe-hochzeit-babykleidung","title":{"rendered":"Famuka Baby Junge Smoking Neugeborenen Anzug Taufe Hochzeit Babykleidung (Blau, 0-3 Monate\/59)"},"content":{"rendered":"<p>Dieser Anzug f\u00e4llt etwas gro\u00df aus, am besten eine Nummer kleiner bestellen.<br \/>\nKostenfreie R\u00fccksendung. Versand aus Amazon-Lager in Deutschland. Lieferzeit gew\u00f6hnlich 2-5 Werktagen.<br \/>\nBaumwolle<br \/>\nJumper<br \/>\nWenn Sie die dickere Version w\u00fcnschen, geben Sie bitte das Suchfeld ein \u201cB07Y1JYQFK\u201d<br \/>\nAchtung: Der Verk\u00e4ufer ist \u201cFAMUKA HOME\u201d. Schauen Sie Ihre Bestellung mal bitte, ob der Verk\u00e4ufer \u201cFAMUKA HOME\u201d ist. Wenn nicht, sind wir f\u00fcr Ihre Bestellung nicht verantwortlich. Wir k\u00f6nnen die Qualit\u00e4t der billigen Produkte aus anderem Verk\u00e4ufer nicht kontrollieren.<br \/>\n<div class=\"main-cross-sell\" data-asin=\"B07JLBMSL3\">\n\n\t<div class=\"WooZone-cross-sell-loader\">\n\t\t<div>\n\t\t\t<div id=\"floatingBarsG\">\n\t\t\t\t<div class=\"blockG\" id=\"rotateG_01\"><\/div>\n\t\t\t\t<div class=\"blockG\" id=\"rotateG_02\"><\/div>\n\t\t\t\t<div class=\"blockG\" id=\"rotateG_03\"><\/div>\n\t\t\t\t<div class=\"blockG\" id=\"rotateG_04\"><\/div>\n\t\t\t\t<div class=\"blockG\" id=\"rotateG_05\"><\/div>\n\t\t\t\t<div class=\"blockG\" id=\"rotateG_06\"><\/div>\n\t\t\t\t<div class=\"blockG\" id=\"rotateG_07\"><\/div>\n\t\t\t\t<div class=\"blockG\" id=\"rotateG_08\"><\/div>\n\t\t\t<\/div>\n\t\t\t<div class=\"WooZone-cross-sell-loader-text\"><\/div>\n\t\t<\/div>\n\t<\/div>\n\n\t\t\n<\/div>\n<div style=\"clear:both;\"><\/div>\n","protected":false},"excerpt":{"rendered":"<p>Dieser Anzug f\u00e4llt etwas gro\u00df aus, am besten eine Nummer kleiner bestellen.<br \/>\nKostenfreie R\u00fccksendung. Versand aus Amazon-Lager in Deutschland. Lieferzeit gew\u00f6hnlich 2-5 Werktagen.<br \/>\nBaumwolle<\/p>\n","protected":false},"featured_media":1704,"comment_status":"open","ping_status":"closed","template":"","meta":{"rs_blank_template":"","rs_page_bg_color":"","slide_template_v7":""},"etheme_brands":[],"product_cat":[16],"product_tag":[],"class_list":{"0":"post-1703","1":"product","2":"type-product","3":"status-publish","4":"has-post-thumbnail","6":"product_cat-bekleidung","7":"pa_brand-famuka","9":"first","10":"instock","11":"shipping-taxable","12":"product-type-simple"},"_links":{"self":[{"href":"https:\/\/www.babyelf.de\/index.php?rest_route=\/wp\/v2\/product\/1703","targetHints":{"allow":["GET"]}}],"collection":[{"href":"https:\/\/www.babyelf.de\/index.php?rest_route=\/wp\/v2\/product"}],"about":[{"href":"https:\/\/www.babyelf.de\/index.php?rest_route=\/wp\/v2\/types\/product"}],"replies":[{"embeddable":true,"href":"https:\/\/www.babyelf.de\/index.php?rest_route=%2Fwp%2Fv2%2Fcomments&post=1703"}],"wp:featuredmedia":[{"embeddable":true,"href":"https:\/\/www.babyelf.de\/index.php?rest_route=\/wp\/v2\/media\/1704"}],"wp:attachment":[{"href":"https:\/\/www.babyelf.de\/index.php?rest_route=%2Fwp%2Fv2%2Fmedia&parent=1703"}],"wp:term":[{"taxonomy":"brand","embeddable":true,"href":"https:\/\/www.babyelf.de\/index.php?rest_route=%2Fwp%2Fv2%2Fetheme_brands&post=1703"},{"taxonomy":"product_cat","embeddable":true,"href":"https:\/\/www.babyelf.de\/index.php?rest_route=%2Fwp%2Fv2%2Fproduct_cat&post=1703"},{"taxonomy":"product_tag","embeddable":true,"href":"https:\/\/www.babyelf.de\/index.php?rest_route=%2Fwp%2Fv2%2Fproduct_tag&post=1703"}],"curies":[{"name":"wp","href":"https:\/\/api.w.org\/{rel}","templated":true}]}}