{"id":1695,"date":"2020-08-21T08:18:12","date_gmt":"2020-08-21T08:18:12","guid":{"rendered":"https:\/\/www.babyelf.de\/?product=tuptam-unisex-baby-langarm-wickelshirt-5er-set"},"modified":"2026-01-25T09:44:59","modified_gmt":"2026-01-25T08:44:59","slug":"tuptam-unisex-baby-langarm-wickelshirt-5er-set","status":"publish","type":"product","link":"https:\/\/www.babyelf.de\/?product=tuptam-unisex-baby-langarm-wickelshirt-5er-set","title":{"rendered":"TupTam Baby Langarm Wickelshirt 5er Set aus Oeko-TEX zertifizierten Stoffen Unisex, Farbe: Junge 3, Gr\u00f6\u00dfe: 56"},"content":{"rendered":"<p>S\u00fc\u00dfes Fl\u00fcgelhemdchen f\u00fcr Neugeborene im 5er Vorteilspack &#8211; f\u00fcr M\u00e4dchen und Jungs<br \/>\nFarblich abgestimmte Sets zur Auswahl: M\u00e4dchen Unifarben Set (rosa, hellrosa, t\u00fcrkis, ecru, wei\u00df), Jungen Unifarben Set (blau, hellblau, gr\u00fcn, wei\u00df, ecru)<br \/>\nVerschluss: Druckknopf<br \/>\n100% Baumwolle<br \/>\nMit praktischem Druckknopfverschluss seitlich f\u00fcr einfaches An- und Ausziehen<br \/>\nDas langarm Wickelshirt ist aus hautfreundlicher, reiner Baumwolle gefertigt, f\u00fcr die beste Atmungsaktivit\u00e4t<br \/>\n5er Set M\u00e4dchen Hemdchen mit Aufdruck: wei\u00df I love Mum and Dad, ecru I love Mum and Dad, rosa\/pink Dino, wei\u00df\/schwarz Zebra, wei\u00df\/rosa Katzen<br \/>\n<div class=\"main-cross-sell\" data-asin=\"B079Z72BZ6\">\n\n\t<div class=\"WooZone-cross-sell-loader\">\n\t\t<div>\n\t\t\t<div id=\"floatingBarsG\">\n\t\t\t\t<div class=\"blockG\" id=\"rotateG_01\"><\/div>\n\t\t\t\t<div class=\"blockG\" id=\"rotateG_02\"><\/div>\n\t\t\t\t<div class=\"blockG\" id=\"rotateG_03\"><\/div>\n\t\t\t\t<div class=\"blockG\" id=\"rotateG_04\"><\/div>\n\t\t\t\t<div class=\"blockG\" id=\"rotateG_05\"><\/div>\n\t\t\t\t<div class=\"blockG\" id=\"rotateG_06\"><\/div>\n\t\t\t\t<div class=\"blockG\" id=\"rotateG_07\"><\/div>\n\t\t\t\t<div class=\"blockG\" id=\"rotateG_08\"><\/div>\n\t\t\t<\/div>\n\t\t\t<div class=\"WooZone-cross-sell-loader-text\"><\/div>\n\t\t<\/div>\n\t<\/div>\n\n\t\t\n<\/div>\n<div style=\"clear:both;\"><\/div>\n","protected":false},"excerpt":{"rendered":"<p>S\u00fc\u00dfes Fl\u00fcgelhemdchen f\u00fcr Neugeborene im 5er Vorteilspack &#8211; f\u00fcr M\u00e4dchen und Jungs<br \/>\nFarblich abgestimmte Sets zur Auswahl: M\u00e4dchen Unifarben Set (rosa, hellrosa, t\u00fcrkis, ecru, wei\u00df), Jungen Unifarben Set (blau, hellblau, gr\u00fcn, wei\u00df, ecru)<br \/>\nVerschluss: Druckknopf<\/p>\n","protected":false},"featured_media":1696,"comment_status":"open","ping_status":"closed","template":"","meta":{"rs_blank_template":"","rs_page_bg_color":"","slide_template_v7":""},"etheme_brands":[],"product_cat":[16],"product_tag":[],"class_list":{"0":"post-1695","1":"product","2":"type-product","3":"status-publish","4":"has-post-thumbnail","6":"product_cat-bekleidung","7":"pa_brand-tuptam","9":"first","10":"instock","11":"shipping-taxable","12":"product-type-simple"},"_links":{"self":[{"href":"https:\/\/www.babyelf.de\/index.php?rest_route=\/wp\/v2\/product\/1695","targetHints":{"allow":["GET"]}}],"collection":[{"href":"https:\/\/www.babyelf.de\/index.php?rest_route=\/wp\/v2\/product"}],"about":[{"href":"https:\/\/www.babyelf.de\/index.php?rest_route=\/wp\/v2\/types\/product"}],"replies":[{"embeddable":true,"href":"https:\/\/www.babyelf.de\/index.php?rest_route=%2Fwp%2Fv2%2Fcomments&post=1695"}],"wp:featuredmedia":[{"embeddable":true,"href":"https:\/\/www.babyelf.de\/index.php?rest_route=\/wp\/v2\/media\/1696"}],"wp:attachment":[{"href":"https:\/\/www.babyelf.de\/index.php?rest_route=%2Fwp%2Fv2%2Fmedia&parent=1695"}],"wp:term":[{"taxonomy":"brand","embeddable":true,"href":"https:\/\/www.babyelf.de\/index.php?rest_route=%2Fwp%2Fv2%2Fetheme_brands&post=1695"},{"taxonomy":"product_cat","embeddable":true,"href":"https:\/\/www.babyelf.de\/index.php?rest_route=%2Fwp%2Fv2%2Fproduct_cat&post=1695"},{"taxonomy":"product_tag","embeddable":true,"href":"https:\/\/www.babyelf.de\/index.php?rest_route=%2Fwp%2Fv2%2Fproduct_tag&post=1695"}],"curies":[{"name":"wp","href":"https:\/\/api.w.org\/{rel}","templated":true}]}}