{"id":1684,"date":"2020-08-21T08:18:07","date_gmt":"2020-08-21T08:18:07","guid":{"rendered":"https:\/\/www.babyelf.de\/?product=tuptam-unisex-baby-langarm-body-mit-aufdruck-5er-set"},"modified":"2026-01-25T09:44:58","modified_gmt":"2026-01-25T08:44:58","slug":"tuptam-unisex-baby-langarm-body-mit-aufdruck-5er-set","status":"publish","type":"product","link":"https:\/\/www.babyelf.de\/?product=tuptam-unisex-baby-langarm-body-mit-aufdruck-5er-set","title":{"rendered":"TupTam Unisex Baby Langarm-Body mit Aufdruck 5er Set, Farbe: Junge, Gr\u00f6\u00dfe: 86"},"content":{"rendered":"<p>Sch\u00f6ner langarm Babybody mit Motiv im 5er Pack<br \/>\nTolle farblich abgestimmte Sets zur Auswahl: f\u00fcr M\u00e4dchen und f\u00fcr Jungen<br \/>\nVerschluss: Druckknopf<br \/>\n100% Baumwolle<br \/>\n5er Set f\u00fcr M\u00e4dchen: 1 x rosa mit Giraffe, 1 x rosa mit Eichh\u00f6rnchen, 1 x wei\u00df mit Dino, 1 x ecru\/rot mit Pferdchen, 1 x gelb mit Katze (wie abgebildet)<br \/>\n5er Set f\u00fcr Junge: 1 x blau mit Hund, 1 x blau mit Eselchen, 1 x grau\/wei\u00df mit Hunde, 1 x gelb mit Giraffe, 1 x gr\u00fcn mit Schildkr\u00f6te (wie abgebildet)<br \/>\nAnschmiegsame, hautfreundliche reine Baumwolle f\u00fcr beste Atmungsaktivit\u00e4t<br \/>\n<div class=\"main-cross-sell\" data-asin=\"B01BNN8E6E\">\n\n\t<div class=\"WooZone-cross-sell-loader\">\n\t\t<div>\n\t\t\t<div id=\"floatingBarsG\">\n\t\t\t\t<div class=\"blockG\" id=\"rotateG_01\"><\/div>\n\t\t\t\t<div class=\"blockG\" id=\"rotateG_02\"><\/div>\n\t\t\t\t<div class=\"blockG\" id=\"rotateG_03\"><\/div>\n\t\t\t\t<div class=\"blockG\" id=\"rotateG_04\"><\/div>\n\t\t\t\t<div class=\"blockG\" id=\"rotateG_05\"><\/div>\n\t\t\t\t<div class=\"blockG\" id=\"rotateG_06\"><\/div>\n\t\t\t\t<div class=\"blockG\" id=\"rotateG_07\"><\/div>\n\t\t\t\t<div class=\"blockG\" id=\"rotateG_08\"><\/div>\n\t\t\t<\/div>\n\t\t\t<div class=\"WooZone-cross-sell-loader-text\"><\/div>\n\t\t<\/div>\n\t<\/div>\n\n\t\t\n<\/div>\n<div style=\"clear:both;\"><\/div>\n","protected":false},"excerpt":{"rendered":"<p>Sch\u00f6ner langarm Babybody mit Motiv im 5er Pack<br \/>\nTolle farblich abgestimmte Sets zur Auswahl: f\u00fcr M\u00e4dchen und f\u00fcr Jungen<br \/>\nVerschluss: Druckknopf<\/p>\n","protected":false},"featured_media":1685,"comment_status":"open","ping_status":"closed","template":"","meta":{"rs_blank_template":"","rs_page_bg_color":"","slide_template_v7":""},"etheme_brands":[],"product_cat":[16],"product_tag":[],"class_list":{"0":"post-1684","1":"product","2":"type-product","3":"status-publish","4":"has-post-thumbnail","6":"product_cat-bekleidung","7":"pa_brand-tuptam","9":"first","10":"instock","11":"shipping-taxable","12":"product-type-simple"},"_links":{"self":[{"href":"https:\/\/www.babyelf.de\/index.php?rest_route=\/wp\/v2\/product\/1684","targetHints":{"allow":["GET"]}}],"collection":[{"href":"https:\/\/www.babyelf.de\/index.php?rest_route=\/wp\/v2\/product"}],"about":[{"href":"https:\/\/www.babyelf.de\/index.php?rest_route=\/wp\/v2\/types\/product"}],"replies":[{"embeddable":true,"href":"https:\/\/www.babyelf.de\/index.php?rest_route=%2Fwp%2Fv2%2Fcomments&post=1684"}],"wp:featuredmedia":[{"embeddable":true,"href":"https:\/\/www.babyelf.de\/index.php?rest_route=\/wp\/v2\/media\/1685"}],"wp:attachment":[{"href":"https:\/\/www.babyelf.de\/index.php?rest_route=%2Fwp%2Fv2%2Fmedia&parent=1684"}],"wp:term":[{"taxonomy":"brand","embeddable":true,"href":"https:\/\/www.babyelf.de\/index.php?rest_route=%2Fwp%2Fv2%2Fetheme_brands&post=1684"},{"taxonomy":"product_cat","embeddable":true,"href":"https:\/\/www.babyelf.de\/index.php?rest_route=%2Fwp%2Fv2%2Fproduct_cat&post=1684"},{"taxonomy":"product_tag","embeddable":true,"href":"https:\/\/www.babyelf.de\/index.php?rest_route=%2Fwp%2Fv2%2Fproduct_tag&post=1684"}],"curies":[{"name":"wp","href":"https:\/\/api.w.org\/{rel}","templated":true}]}}