{"id":1677,"date":"2020-08-21T08:18:04","date_gmt":"2020-08-21T08:18:04","guid":{"rendered":"https:\/\/www.babyelf.de\/?product=bebone-baby-strampler-jungen-maedchen-overall-stern-und-mond-babykleidung"},"modified":"2026-01-25T09:44:58","modified_gmt":"2026-01-25T08:44:58","slug":"bebone-baby-strampler-jungen-maedchen-overall-stern-und-mond-babykleidung","status":"publish","type":"product","link":"https:\/\/www.babyelf.de\/?product=bebone-baby-strampler-jungen-maedchen-overall-stern-und-mond-babykleidung","title":{"rendered":"Bebone Baby Strampler Jungen M\u00e4dchen Overall Stern und Mond Babykleidung (0-3 Monate\/66, Gr\u00fcn)"},"content":{"rendered":"<p>Kostenfreie R\u00fccksendung. Versand aus Amazon-Lager in Deutschland. Lieferzeit gew\u00f6hnlich 2-5 Werktagen.<br \/>\nwenn Sie Fragen haben, schreiben Sie uns einfach eine Mail bitte. Wir sind immer da f\u00fcr Sie : )<br \/>\nBaumwolle<br \/>\n<div class=\"main-cross-sell\" data-asin=\"B06XFP8SRT\">\n\n\t<div class=\"WooZone-cross-sell-loader\">\n\t\t<div>\n\t\t\t<div id=\"floatingBarsG\">\n\t\t\t\t<div class=\"blockG\" id=\"rotateG_01\"><\/div>\n\t\t\t\t<div class=\"blockG\" id=\"rotateG_02\"><\/div>\n\t\t\t\t<div class=\"blockG\" id=\"rotateG_03\"><\/div>\n\t\t\t\t<div class=\"blockG\" id=\"rotateG_04\"><\/div>\n\t\t\t\t<div class=\"blockG\" id=\"rotateG_05\"><\/div>\n\t\t\t\t<div class=\"blockG\" id=\"rotateG_06\"><\/div>\n\t\t\t\t<div class=\"blockG\" id=\"rotateG_07\"><\/div>\n\t\t\t\t<div class=\"blockG\" id=\"rotateG_08\"><\/div>\n\t\t\t<\/div>\n\t\t\t<div class=\"WooZone-cross-sell-loader-text\"><\/div>\n\t\t<\/div>\n\t<\/div>\n\n\t\t\n<\/div>\n<div style=\"clear:both;\"><\/div>\n","protected":false},"excerpt":{"rendered":"<p>Kostenfreie R\u00fccksendung. Versand aus Amazon-Lager in Deutschland. Lieferzeit gew\u00f6hnlich 2-5 Werktagen.<br \/>\nwenn Sie Fragen haben, schreiben Sie uns einfach eine Mail bitte. Wir sind immer da f\u00fcr Sie : )<br \/>\nBaumwolle<\/p>\n","protected":false},"featured_media":1678,"comment_status":"open","ping_status":"closed","template":"","meta":{"rs_blank_template":"","rs_page_bg_color":"","slide_template_v7":""},"etheme_brands":[],"product_cat":[16],"product_tag":[],"class_list":{"0":"post-1677","1":"product","2":"type-product","3":"status-publish","4":"has-post-thumbnail","6":"product_cat-bekleidung","7":"pa_brand-bebone","9":"first","10":"instock","11":"shipping-taxable","12":"product-type-simple"},"_links":{"self":[{"href":"https:\/\/www.babyelf.de\/index.php?rest_route=\/wp\/v2\/product\/1677","targetHints":{"allow":["GET"]}}],"collection":[{"href":"https:\/\/www.babyelf.de\/index.php?rest_route=\/wp\/v2\/product"}],"about":[{"href":"https:\/\/www.babyelf.de\/index.php?rest_route=\/wp\/v2\/types\/product"}],"replies":[{"embeddable":true,"href":"https:\/\/www.babyelf.de\/index.php?rest_route=%2Fwp%2Fv2%2Fcomments&post=1677"}],"wp:featuredmedia":[{"embeddable":true,"href":"https:\/\/www.babyelf.de\/index.php?rest_route=\/wp\/v2\/media\/1678"}],"wp:attachment":[{"href":"https:\/\/www.babyelf.de\/index.php?rest_route=%2Fwp%2Fv2%2Fmedia&parent=1677"}],"wp:term":[{"taxonomy":"brand","embeddable":true,"href":"https:\/\/www.babyelf.de\/index.php?rest_route=%2Fwp%2Fv2%2Fetheme_brands&post=1677"},{"taxonomy":"product_cat","embeddable":true,"href":"https:\/\/www.babyelf.de\/index.php?rest_route=%2Fwp%2Fv2%2Fproduct_cat&post=1677"},{"taxonomy":"product_tag","embeddable":true,"href":"https:\/\/www.babyelf.de\/index.php?rest_route=%2Fwp%2Fv2%2Fproduct_tag&post=1677"}],"curies":[{"name":"wp","href":"https:\/\/api.w.org\/{rel}","templated":true}]}}