{"id":1673,"date":"2020-08-21T08:18:02","date_gmt":"2020-08-21T08:18:02","guid":{"rendered":"https:\/\/www.babyelf.de\/?product=playshoes-unisex-baby-pumphose-interlock-ringel-jogginghose"},"modified":"2026-01-25T09:44:58","modified_gmt":"2026-01-25T08:44:58","slug":"playshoes-unisex-baby-pumphose-interlock-ringel-jogginghose","status":"publish","type":"product","link":"https:\/\/www.babyelf.de\/?product=playshoes-unisex-baby-pumphose-interlock-ringel-jogginghose","title":{"rendered":"Playshoes Unisex Kinder Baby-pumphose Sweat-Hose Jogginghose, Natur Ringel, 44 EU"},"content":{"rendered":"<p><!-- show up to 2 reviews by default --> <\/p>\n<p><strong>Produkteigenschaften:<\/strong><\/p>\n<ul>\n<li>\n<p>Die bequeme Schlupfhose mit elastischem und breitem Komfortbund ist aus 100 Prozent Baumwolle.<\/p>\n<\/li>\n<li>\n<p>Das angenehme Material der Kinder-Hose bietet den Kleinen ein gem\u00fctliches Tragegef\u00fchl, die elastischen Fu\u00df-B\u00fcndchen sorgen f\u00fcr einen tollen Komfort.<\/p>\n<\/li>\n<li>\n<p>M\u00fchelos bei 40\u00b0 C in der Waschmaschine waschbar<\/p>\n<\/li>\n<li>\n<p>Textiles Vertrauen &#8211; Oeko-Tex-Standard 100 Klasse 1 vom Institut Hohenstein auf Schadstoffe gepr\u00fcft (Pr\u00fcf-Nr. 11.0.86164).<\/p>\n<\/li>\n<\/ul>\n<p><strong>Schnizler \ua7f7 kindgerechte Wohlf\u00fchlmode mit Liebe zum Detail<\/strong><\/p>\n<p>Die Firma Schnizler steht seit fast 100 Jahren f\u00fcr hochwertige und modische Kinderkleidung mit einem hohen Qualit\u00e4tsanspruch. Als im Jahr 1923 Eugen Schnizler mit seinem Gesch\u00e4ftspartner Jakob Weber das Unternehmen gr\u00fcndetet wurde ausschlie\u00dflich Baby-W\u00e4sche produziert. Heute ist das Sortiment viel umfangreicher und wurde immer wieder durch neue Artikel erweitert. Dank konsequenter Qualit\u00e4t, Produktentwicklung und Kundenn\u00e4he hat sich Schnizler zu einer bekannten Marke entwickelt, die die Kleinsten von der Geburt bis hin zum Kleinkindalter begleitet. <\/p>\n<p>Im Juni 2015 erfolgte die \u00dcbernahme der erfolgreichen Schnizler-Kollektion sowie die Markenrechte durch Playshoes. Diese beiden Marken erg\u00e4nzen sich wunderbar und k\u00f6nnen seitdem ihre Erfolgsgeschichte gemeinsam weiterschreiben.<\/p>\n<\/p>\n<p>Bequeme Kinder-Hose: Die Sweathose aus weichem Interlock-Stoff ist mit einem breiten Bund-Abschluss und elastischen Fu\u00df-B\u00fcndchen ausgestattet, die f\u00fcr ein angenehmes Tragegef\u00fchl sorgen<br \/>\nDie Strampel-Hose ist der ideale Begleiter f\u00fcr verschiedene Anl\u00e4sse &#8211; egal ob f\u00fcr zu Hause oder die Freizeit<br \/>\n100% Baumwolle<br \/>\nSchnizler Unisex Baby Jogginghose Babyhose Maritim mit Umschlagbund<br \/>\nPflegehinweis: Maschinenw\u00e4sche<br \/>\nModellnummer: 800911_11_44<br \/>\n<div class=\"main-cross-sell\" data-asin=\"B01LY5MI9R\">\n\n\t<div class=\"WooZone-cross-sell-loader\">\n\t\t<div>\n\t\t\t<div id=\"floatingBarsG\">\n\t\t\t\t<div class=\"blockG\" id=\"rotateG_01\"><\/div>\n\t\t\t\t<div class=\"blockG\" id=\"rotateG_02\"><\/div>\n\t\t\t\t<div class=\"blockG\" id=\"rotateG_03\"><\/div>\n\t\t\t\t<div class=\"blockG\" id=\"rotateG_04\"><\/div>\n\t\t\t\t<div class=\"blockG\" id=\"rotateG_05\"><\/div>\n\t\t\t\t<div class=\"blockG\" id=\"rotateG_06\"><\/div>\n\t\t\t\t<div class=\"blockG\" id=\"rotateG_07\"><\/div>\n\t\t\t\t<div class=\"blockG\" id=\"rotateG_08\"><\/div>\n\t\t\t<\/div>\n\t\t\t<div class=\"WooZone-cross-sell-loader-text\"><\/div>\n\t\t<\/div>\n\t<\/div>\n\n\t\t\n<\/div>\n<div style=\"clear:both;\"><\/div>\n","protected":false},"excerpt":{"rendered":"<p>Bequeme Kinder-Hose: Die Sweathose aus weichem Interlock-Stoff ist mit einem breiten Bund-Abschluss und elastischen Fu\u00df-B\u00fcndchen ausgestattet, die f\u00fcr ein angenehmes Tragegef\u00fchl sorgen<br \/>\nDie Strampel-Hose ist der ideale Begleiter f\u00fcr verschiedene Anl\u00e4sse &#8211; egal ob f\u00fcr zu Hause oder die Freizeit<br \/>\n100% Baumwolle<\/p>\n","protected":false},"featured_media":1674,"comment_status":"open","ping_status":"closed","template":"","meta":{"rs_blank_template":"","rs_page_bg_color":"","slide_template_v7":""},"etheme_brands":[],"product_cat":[16],"product_tag":[],"class_list":{"0":"post-1673","1":"product","2":"type-product","3":"status-publish","4":"has-post-thumbnail","6":"product_cat-bekleidung","7":"pa_brand-playshoes","9":"first","10":"instock","11":"shipping-taxable","12":"purchasable","13":"product-type-simple"},"_links":{"self":[{"href":"https:\/\/www.babyelf.de\/index.php?rest_route=\/wp\/v2\/product\/1673","targetHints":{"allow":["GET"]}}],"collection":[{"href":"https:\/\/www.babyelf.de\/index.php?rest_route=\/wp\/v2\/product"}],"about":[{"href":"https:\/\/www.babyelf.de\/index.php?rest_route=\/wp\/v2\/types\/product"}],"replies":[{"embeddable":true,"href":"https:\/\/www.babyelf.de\/index.php?rest_route=%2Fwp%2Fv2%2Fcomments&post=1673"}],"wp:featuredmedia":[{"embeddable":true,"href":"https:\/\/www.babyelf.de\/index.php?rest_route=\/wp\/v2\/media\/1674"}],"wp:attachment":[{"href":"https:\/\/www.babyelf.de\/index.php?rest_route=%2Fwp%2Fv2%2Fmedia&parent=1673"}],"wp:term":[{"taxonomy":"brand","embeddable":true,"href":"https:\/\/www.babyelf.de\/index.php?rest_route=%2Fwp%2Fv2%2Fetheme_brands&post=1673"},{"taxonomy":"product_cat","embeddable":true,"href":"https:\/\/www.babyelf.de\/index.php?rest_route=%2Fwp%2Fv2%2Fproduct_cat&post=1673"},{"taxonomy":"product_tag","embeddable":true,"href":"https:\/\/www.babyelf.de\/index.php?rest_route=%2Fwp%2Fv2%2Fproduct_tag&post=1673"}],"curies":[{"name":"wp","href":"https:\/\/api.w.org\/{rel}","templated":true}]}}