{"id":1663,"date":"2020-08-21T08:17:59","date_gmt":"2020-08-21T08:17:59","guid":{"rendered":"https:\/\/www.babyelf.de\/?product=sterntaler-3er-pack-erstlingssocken"},"modified":"2026-01-25T09:44:58","modified_gmt":"2026-01-25T08:44:58","slug":"sterntaler-3er-pack-erstlingssocken","status":"publish","type":"product","link":"https:\/\/www.babyelf.de\/?product=sterntaler-3er-pack-erstlingssocken","title":{"rendered":"Sterntaler Erstlingssocken 3er Pack uni &#8211; Baby Socken mit Innenfrottee und Umschlag &#8211; hautsympathische Neugeborenen Socken mit hohem Baumwollanteil &#8211; Unisex Str\u00fcmpfe einfarbig, silber melange, Gr\u00f6\u00dfe 0"},"content":{"rendered":"<p><!-- show up to 2 reviews by default --> <\/p>\n<p>Die Erstlingss\u00f6ckchen von Sterntaler sind nicht nur flauschig-soft, sie sehen auch sehr s\u00fc\u00df aus. praktischer 3er-Pack unifarben mit breitem Umschlag softe Feinstrick-Qualit\u00e4t hoher Baumwollanteil Babys erste S\u00f6ckchen sollen nat\u00fcrlich besonders weich und bequem sein. Sie sind unifarben, mit breitem Umschlag versehen und bestehen aus softer Feinstrick-Qualit\u00e4t. Ihr hoher Baumwollanteil gew\u00e4hrt hohen Tragekomfort. Das sorgt sofort f\u00fcr gute Laune bei den Kleinsten. Die S\u00f6ckchen kommen oft zum Einsatz und halten kleine Babyf\u00fc\u00dfchen warm. L\u00e4nge: 0,1 cm Breite: 0,1 cm H\u00f6he: 0,1 cm Pflegehinweise: * Bleichen: Nicht bleichen * Professionelle Textilpflege: Nicht trockenreinigen * Waschen: Normalwaschgang 40\u00b0 * B\u00fcgeln: Nicht b\u00fcgeln * Trocknen: Trocknen im Tumbler: 1 Punkt Material: 86% Baumwolle, 2% Elasthan, 12% Polyamid Geschlecht: Unisex <\/p>\n<p>Erstlingss\u00f6ckchen mit kuscheligem Vollpl\u00fcsch f\u00fcr langanhaltende W\u00e4rme und hohen Tragekomfort, Ideal f\u00fcr jeden Tag<br \/>\nGeeignet f\u00fcr Babys ab der Geburt, Abschlie\u00dfendes B\u00fcndchen f\u00fcr besseren Halt, Ohne Gummidruck<br \/>\n86% Baumwolle, 12% Polyester, 2% Elasthan<br \/>\nFreizeitsocken<br \/>\nPflegehinweis: Waschen 40\u00b0, nicht chemisch Reinigen, Trommeltrocknen schonend, nicht B\u00fcgeln, nicht Bleichen<br \/>\nModellnummer: 8201400<br \/>\nHochwertige Verarbeitung durch handgekettelte Methode, Material: 86% Baumwolle, 12 % Polyester, 2% Elasthan<br \/>\nLeichte Reinigung und Pflege: Maschinenwaschbar bei 40\u00b0, Trocknergeeignet<br \/>\nLieferumfang: 1 Sterntaler 3er-Pack Erstlingss\u00f6ckchen, Gr\u00f6\u00dfe: 0, Farbe: Hellgrau (Silber meliert)<br \/>\n<div class=\"main-cross-sell\" data-asin=\"B01MS95IQ9\">\n\n\t<div class=\"WooZone-cross-sell-loader\">\n\t\t<div>\n\t\t\t<div id=\"floatingBarsG\">\n\t\t\t\t<div class=\"blockG\" id=\"rotateG_01\"><\/div>\n\t\t\t\t<div class=\"blockG\" id=\"rotateG_02\"><\/div>\n\t\t\t\t<div class=\"blockG\" id=\"rotateG_03\"><\/div>\n\t\t\t\t<div class=\"blockG\" id=\"rotateG_04\"><\/div>\n\t\t\t\t<div class=\"blockG\" id=\"rotateG_05\"><\/div>\n\t\t\t\t<div class=\"blockG\" id=\"rotateG_06\"><\/div>\n\t\t\t\t<div class=\"blockG\" id=\"rotateG_07\"><\/div>\n\t\t\t\t<div class=\"blockG\" id=\"rotateG_08\"><\/div>\n\t\t\t<\/div>\n\t\t\t<div class=\"WooZone-cross-sell-loader-text\"><\/div>\n\t\t<\/div>\n\t<\/div>\n\n\t\t\n<\/div>\n<div style=\"clear:both;\"><\/div>\n","protected":false},"excerpt":{"rendered":"<p>Erstlingss\u00f6ckchen mit kuscheligem Vollpl\u00fcsch f\u00fcr langanhaltende W\u00e4rme und hohen Tragekomfort, Ideal f\u00fcr jeden Tag<br \/>\nGeeignet f\u00fcr Babys ab der Geburt, Abschlie\u00dfendes B\u00fcndchen f\u00fcr besseren Halt, Ohne Gummidruck<br \/>\n86% Baumwolle, 12% Polyester, 2% Elasthan<\/p>\n","protected":false},"featured_media":1664,"comment_status":"open","ping_status":"closed","template":"","meta":{"rs_blank_template":"","rs_page_bg_color":"","slide_template_v7":""},"etheme_brands":[],"product_cat":[16],"product_tag":[],"class_list":{"0":"post-1663","1":"product","2":"type-product","3":"status-publish","4":"has-post-thumbnail","6":"product_cat-bekleidung","7":"pa_brand-sterntaler","9":"first","10":"instock","11":"shipping-taxable","12":"purchasable","13":"product-type-simple"},"_links":{"self":[{"href":"https:\/\/www.babyelf.de\/index.php?rest_route=\/wp\/v2\/product\/1663","targetHints":{"allow":["GET"]}}],"collection":[{"href":"https:\/\/www.babyelf.de\/index.php?rest_route=\/wp\/v2\/product"}],"about":[{"href":"https:\/\/www.babyelf.de\/index.php?rest_route=\/wp\/v2\/types\/product"}],"replies":[{"embeddable":true,"href":"https:\/\/www.babyelf.de\/index.php?rest_route=%2Fwp%2Fv2%2Fcomments&post=1663"}],"wp:featuredmedia":[{"embeddable":true,"href":"https:\/\/www.babyelf.de\/index.php?rest_route=\/wp\/v2\/media\/1664"}],"wp:attachment":[{"href":"https:\/\/www.babyelf.de\/index.php?rest_route=%2Fwp%2Fv2%2Fmedia&parent=1663"}],"wp:term":[{"taxonomy":"brand","embeddable":true,"href":"https:\/\/www.babyelf.de\/index.php?rest_route=%2Fwp%2Fv2%2Fetheme_brands&post=1663"},{"taxonomy":"product_cat","embeddable":true,"href":"https:\/\/www.babyelf.de\/index.php?rest_route=%2Fwp%2Fv2%2Fproduct_cat&post=1663"},{"taxonomy":"product_tag","embeddable":true,"href":"https:\/\/www.babyelf.de\/index.php?rest_route=%2Fwp%2Fv2%2Fproduct_tag&post=1663"}],"curies":[{"name":"wp","href":"https:\/\/api.w.org\/{rel}","templated":true}]}}