{"id":1655,"date":"2020-08-21T08:17:55","date_gmt":"2020-08-21T08:17:55","guid":{"rendered":"https:\/\/www.babyelf.de\/?product=tuptam-unisex-baby-strampler-mit-aufdruck-5er-set"},"modified":"2026-01-29T09:50:12","modified_gmt":"2026-01-29T08:50:12","slug":"tuptam-unisex-baby-strampler-mit-aufdruck-5er-set","status":"publish","type":"product","link":"https:\/\/www.babyelf.de\/?product=tuptam-unisex-baby-strampler-mit-aufdruck-5er-set","title":{"rendered":"TupTam Unisex Baby Strampler mit Aufdruck 5er Set, Farbe: M\u00e4dchen 2, Gr\u00f6\u00dfe: 56"},"content":{"rendered":"<p>Coole Baby Strampler mit Motiv und ausrei\u00dffesten Druckkn\u00f6pfen im 5er Pack<br \/>\nTolle farblich abgestimmte Sets zur Auswahl: f\u00fcr M\u00e4dchen und f\u00fcr Jungen<br \/>\nVerschluss: Druckknopf<br \/>\n100% Baumwolle<br \/>\n5er Set f\u00fcr M\u00e4dchen: gelb mit Rehlein, rosa mit Sch\u00e4fchen, gr\u00fcn mit H\u00e4schen, wei\u00df mit Giraffe, rosa mit Katze (wie abgebildet)<br \/>\n5er Set f\u00fcr Junge: wei\u00df mit B\u00e4rchen, gr\u00fcn mit Hubschrauber, gelb mit B\u00e4rchen, blau mit H\u00fcndchen, blau mit Schiff (wie abgebildet)<br \/>\n5er Set f\u00fcr M\u00e4dchen 2: wei\u00df mit Spruch &#8222;Mamas &amp; Papas Schatz&#8220;, ecru mit Elefant, rosa mit Maus, grau mit Flusspferd, wei\u00df mit B\u00e4rchen (wie abgebildet)<br \/>\n<div class=\"main-cross-sell\" data-asin=\"B01D0EGM9U\">\n\n\t<div class=\"WooZone-cross-sell-loader\">\n\t\t<div>\n\t\t\t<div id=\"floatingBarsG\">\n\t\t\t\t<div class=\"blockG\" id=\"rotateG_01\"><\/div>\n\t\t\t\t<div class=\"blockG\" id=\"rotateG_02\"><\/div>\n\t\t\t\t<div class=\"blockG\" id=\"rotateG_03\"><\/div>\n\t\t\t\t<div class=\"blockG\" id=\"rotateG_04\"><\/div>\n\t\t\t\t<div class=\"blockG\" id=\"rotateG_05\"><\/div>\n\t\t\t\t<div class=\"blockG\" id=\"rotateG_06\"><\/div>\n\t\t\t\t<div class=\"blockG\" id=\"rotateG_07\"><\/div>\n\t\t\t\t<div class=\"blockG\" id=\"rotateG_08\"><\/div>\n\t\t\t<\/div>\n\t\t\t<div class=\"WooZone-cross-sell-loader-text\"><\/div>\n\t\t<\/div>\n\t<\/div>\n\n\t\t\n<\/div>\n<div style=\"clear:both;\"><\/div>\n","protected":false},"excerpt":{"rendered":"<p>Coole Baby Strampler mit Motiv und ausrei\u00dffesten Druckkn\u00f6pfen im 5er Pack<br \/>\nTolle farblich abgestimmte Sets zur Auswahl: f\u00fcr M\u00e4dchen und f\u00fcr Jungen<br \/>\nVerschluss: Druckknopf<\/p>\n","protected":false},"featured_media":1656,"comment_status":"open","ping_status":"closed","template":"","meta":{"rs_blank_template":"","rs_page_bg_color":"","slide_template_v7":""},"etheme_brands":[],"product_cat":[16],"product_tag":[],"class_list":{"0":"post-1655","1":"product","2":"type-product","3":"status-publish","4":"has-post-thumbnail","6":"product_cat-bekleidung","7":"pa_brand-tuptam","9":"first","10":"instock","11":"shipping-taxable","12":"product-type-simple"},"_links":{"self":[{"href":"https:\/\/www.babyelf.de\/index.php?rest_route=\/wp\/v2\/product\/1655","targetHints":{"allow":["GET"]}}],"collection":[{"href":"https:\/\/www.babyelf.de\/index.php?rest_route=\/wp\/v2\/product"}],"about":[{"href":"https:\/\/www.babyelf.de\/index.php?rest_route=\/wp\/v2\/types\/product"}],"replies":[{"embeddable":true,"href":"https:\/\/www.babyelf.de\/index.php?rest_route=%2Fwp%2Fv2%2Fcomments&post=1655"}],"wp:featuredmedia":[{"embeddable":true,"href":"https:\/\/www.babyelf.de\/index.php?rest_route=\/wp\/v2\/media\/1656"}],"wp:attachment":[{"href":"https:\/\/www.babyelf.de\/index.php?rest_route=%2Fwp%2Fv2%2Fmedia&parent=1655"}],"wp:term":[{"taxonomy":"brand","embeddable":true,"href":"https:\/\/www.babyelf.de\/index.php?rest_route=%2Fwp%2Fv2%2Fetheme_brands&post=1655"},{"taxonomy":"product_cat","embeddable":true,"href":"https:\/\/www.babyelf.de\/index.php?rest_route=%2Fwp%2Fv2%2Fproduct_cat&post=1655"},{"taxonomy":"product_tag","embeddable":true,"href":"https:\/\/www.babyelf.de\/index.php?rest_route=%2Fwp%2Fv2%2Fproduct_tag&post=1655"}],"curies":[{"name":"wp","href":"https:\/\/api.w.org\/{rel}","templated":true}]}}