{"id":1596,"date":"2020-08-21T08:17:35","date_gmt":"2020-08-21T08:17:35","guid":{"rendered":"https:\/\/www.babyelf.de\/?product=noppies-baby-und-kinder-unisex-langarmshirt-hester"},"modified":"2026-01-08T05:03:10","modified_gmt":"2026-01-08T04:03:10","slug":"noppies-baby-und-kinder-unisex-langarmshirt-hester","status":"publish","type":"product","link":"https:\/\/www.babyelf.de\/?product=noppies-baby-und-kinder-unisex-langarmshirt-hester","title":{"rendered":"Noppies Unisex Baby U Tee Ls Hester Text T-Shirt, Grey Mint, 68 EU"},"content":{"rendered":"<p><!-- show up to 2 reviews by default --> <\/p>\n<p>Klischee, aber es stimmt: Ihr Baby wird so schnell gro\u00df. Dieses Longsleeve Hester von Noppies erinnert Sie daran, Ihr Baby ganz besonders zu genie\u00dfen. Das Kleidungsst\u00fcck mit Text-Print ist aus weicher Baumwolle mit Stretchanteil. Dadurch f\u00fchlt sich das Longsleeve sch\u00f6n bequem an f\u00fcr Ihr Baby. Die Druckkn\u00f6pfe an beiden Seiten des Rundhalsausschnittes helfen beim An- und Ausziehen. Die Gl\u00fcckskleebl\u00e4tter auf den Kn\u00f6pfen bringen noch mehr Gl\u00fcck. Die Konfektionsgr\u00f6\u00dfe entspricht der K\u00f6rpergr\u00f6\u00dfe. <\/p>\n<p>Baby Shirt von Noppies<br \/>\nHergestellt aus Bio-Baumwolle<br \/>\nLangarm<br \/>\nVerschluss: Druckknopf<br \/>\n95% Bio Baumwolle, 5% Elasthan<br \/>\nT-Shirt<br \/>\nPflegehinweis: Maschinenw\u00e4sche<br \/>\nModellnummer: 67383<br \/>\nMit praktischen Druckkn\u00f6pfen<br \/>\nFeiner Stretchstoff<br \/>\nIn verschiedenen Farben erh\u00e4ltlich<br \/>\n<div class=\"main-cross-sell\" data-asin=\"B07FFF923Q\">\n\n\t<div class=\"WooZone-cross-sell-loader\">\n\t\t<div>\n\t\t\t<div id=\"floatingBarsG\">\n\t\t\t\t<div class=\"blockG\" id=\"rotateG_01\"><\/div>\n\t\t\t\t<div class=\"blockG\" id=\"rotateG_02\"><\/div>\n\t\t\t\t<div class=\"blockG\" id=\"rotateG_03\"><\/div>\n\t\t\t\t<div class=\"blockG\" id=\"rotateG_04\"><\/div>\n\t\t\t\t<div class=\"blockG\" id=\"rotateG_05\"><\/div>\n\t\t\t\t<div class=\"blockG\" id=\"rotateG_06\"><\/div>\n\t\t\t\t<div class=\"blockG\" id=\"rotateG_07\"><\/div>\n\t\t\t\t<div class=\"blockG\" id=\"rotateG_08\"><\/div>\n\t\t\t<\/div>\n\t\t\t<div class=\"WooZone-cross-sell-loader-text\"><\/div>\n\t\t<\/div>\n\t<\/div>\n\n\t\t\n<\/div>\n<div style=\"clear:both;\"><\/div>\n","protected":false},"excerpt":{"rendered":"<p>Baby Shirt von Noppies<br \/>\nHergestellt aus Bio-Baumwolle<br \/>\nLangarm<\/p>\n","protected":false},"featured_media":1597,"comment_status":"open","ping_status":"closed","template":"","meta":{"rs_blank_template":"","rs_page_bg_color":"","slide_template_v7":""},"etheme_brands":[],"product_cat":[16],"product_tag":[],"class_list":{"0":"post-1596","1":"product","2":"type-product","3":"status-publish","4":"has-post-thumbnail","6":"product_cat-bekleidung","7":"pa_brand-noppies","9":"first","10":"instock","11":"shipping-taxable","12":"product-type-simple"},"_links":{"self":[{"href":"https:\/\/www.babyelf.de\/index.php?rest_route=\/wp\/v2\/product\/1596","targetHints":{"allow":["GET"]}}],"collection":[{"href":"https:\/\/www.babyelf.de\/index.php?rest_route=\/wp\/v2\/product"}],"about":[{"href":"https:\/\/www.babyelf.de\/index.php?rest_route=\/wp\/v2\/types\/product"}],"replies":[{"embeddable":true,"href":"https:\/\/www.babyelf.de\/index.php?rest_route=%2Fwp%2Fv2%2Fcomments&post=1596"}],"wp:featuredmedia":[{"embeddable":true,"href":"https:\/\/www.babyelf.de\/index.php?rest_route=\/wp\/v2\/media\/1597"}],"wp:attachment":[{"href":"https:\/\/www.babyelf.de\/index.php?rest_route=%2Fwp%2Fv2%2Fmedia&parent=1596"}],"wp:term":[{"taxonomy":"brand","embeddable":true,"href":"https:\/\/www.babyelf.de\/index.php?rest_route=%2Fwp%2Fv2%2Fetheme_brands&post=1596"},{"taxonomy":"product_cat","embeddable":true,"href":"https:\/\/www.babyelf.de\/index.php?rest_route=%2Fwp%2Fv2%2Fproduct_cat&post=1596"},{"taxonomy":"product_tag","embeddable":true,"href":"https:\/\/www.babyelf.de\/index.php?rest_route=%2Fwp%2Fv2%2Fproduct_tag&post=1596"}],"curies":[{"name":"wp","href":"https:\/\/api.w.org\/{rel}","templated":true}]}}