{"id":1584,"date":"2020-08-21T08:17:31","date_gmt":"2020-08-21T08:17:31","guid":{"rendered":"https:\/\/www.babyelf.de\/?product=noppies-baby-jungen-strickjacke-b-cardigan-jersey-rev-joke"},"modified":"2026-01-08T05:03:10","modified_gmt":"2026-01-08T04:03:10","slug":"noppies-baby-jungen-strickjacke-b-cardigan-jersey-rev-joke","status":"publish","type":"product","link":"https:\/\/www.babyelf.de\/?product=noppies-baby-jungen-strickjacke-b-cardigan-jersey-rev-joke","title":{"rendered":"Noppies Baby &#8211; Jungen B Cardigan Jersey Rev Joke Strickjacke, Navy, 74 EU"},"content":{"rendered":"<p><!-- show up to 2 reviews by default --> <\/p>\n<p>Eine Jacke, zwei Looks: Die raffinierte Wendejacke von noppies ist ein tolles Basic f\u00fcr jeden Tag. Wendejacke von noppies Seite 1 geringelt, Seite 2 unifarben mit Eingrifftaschen angesetzte Kapuze durchgehende Druckknopfleiste weicher Baumwoll-Mix \u00dcber die durchgehende Druckknopfleiste l\u00e4sst sich die Wendejacke komplett \u00f6ffnen \u2013 perfekt zum schnellen An- und Ausziehen. Ein hoher Baumwoll-Anteil sorgt daf\u00fcr, dass sich Dein Baby rundum wohlf\u00fchlt. Eine leichte Elasthan-Beigabe garantiert viel Bewegungsfreiheit und eine gute Passform. Die angesetzte Kapuze h\u00e4lt Babys Kopf bei Bedarf zuverl\u00e4ssig warm. L\u00e4nge: 0,1 cm Breite: 0,1 cm H\u00f6he: 0,1 cm Pflegehinweise: * Bleichen: Nicht bleichen * Professionelle Textilpflege: Nicht trockenreinigen * Waschen: Normalwaschgang 30\u00b0 * B\u00fcgeln: B\u00fcgeln mit einer H\u00f6chsttemperatur der B\u00fcgeleisensohle von 110 \u00b0C * Trocknen: Nicht im Tumbler trocknen Material: 95% Baumwolle, 5% Elasthan Geschlecht: Junge <\/p>\n<p>Wendejacke Joke ist gleich doppelt s\u00fc\u00df! Unsere Designer konnten sich einfach nicht entscheiden. Beide Seiten sehen toll aus!<br \/>\nDein Baby kann die Jacke einfarbig hellblau oder aber im klassischen, blau-wei\u00dfen Streifenmuster tragen. S\u00fc\u00dfes Detail: Das h\u00fcbsche Kleeblatt-Motiv, das unsere Designer als Verzierung gew\u00e4hlt haben.<br \/>\n95% Baumwolle, 5% Elasthan<br \/>\nPflegehinweis: Maschinenw\u00e4sche kalt (30\u00b0 max)<br \/>\nNoppies J\u00e4ckchen Joke ist nicht nur wundersch\u00f6n, sondern auch traumhaft weich und anschmiegsam. Die praktischen Druckkn\u00f6pfe erleichtern das An- und Ausziehen.<br \/>\nWeste Lou von Noppies ist aus weicher Baumwolle und dank dem superweichen Teddyfutter wunderbar warm. Die grob gestrickte Weste hat lange Raglan\u00e4rmel und schlie\u00dft mit Kn\u00f6pfen.<br \/>\nDie elastischen B\u00fcndchen sorgen daf\u00fcr, dass die Strickjacke gut sitzen bleibt, wenn Ihr Kind aktiv ist. Auf der Brust ist zudem ein kleines Logo aufgestickt. Dieses Kleidungsst\u00fcck wurde umweltfreundlich hergestellt und ist aus biologischem Material mit GOTS-Zertifikat.<br \/>\n<div class=\"main-cross-sell\" data-asin=\"B00N8W3DKG\">\n\n\t<div class=\"WooZone-cross-sell-loader\">\n\t\t<div>\n\t\t\t<div id=\"floatingBarsG\">\n\t\t\t\t<div class=\"blockG\" id=\"rotateG_01\"><\/div>\n\t\t\t\t<div class=\"blockG\" id=\"rotateG_02\"><\/div>\n\t\t\t\t<div class=\"blockG\" id=\"rotateG_03\"><\/div>\n\t\t\t\t<div class=\"blockG\" id=\"rotateG_04\"><\/div>\n\t\t\t\t<div class=\"blockG\" id=\"rotateG_05\"><\/div>\n\t\t\t\t<div class=\"blockG\" id=\"rotateG_06\"><\/div>\n\t\t\t\t<div class=\"blockG\" id=\"rotateG_07\"><\/div>\n\t\t\t\t<div class=\"blockG\" id=\"rotateG_08\"><\/div>\n\t\t\t<\/div>\n\t\t\t<div class=\"WooZone-cross-sell-loader-text\"><\/div>\n\t\t<\/div>\n\t<\/div>\n\n\t\t\n<\/div>\n<div style=\"clear:both;\"><\/div>\n","protected":false},"excerpt":{"rendered":"<p>Wendejacke Joke ist gleich doppelt s\u00fc\u00df! Unsere Designer konnten sich einfach nicht entscheiden. Beide Seiten sehen toll aus!<br \/>\nDein Baby kann die Jacke einfarbig hellblau oder aber im klassischen, blau-wei\u00dfen Streifenmuster tragen. S\u00fc\u00dfes Detail: Das h\u00fcbsche Kleeblatt-Motiv, das unsere Designer als Verzierung gew\u00e4hlt haben.<br \/>\n95% Baumwolle, 5% Elasthan<\/p>\n","protected":false},"featured_media":1585,"comment_status":"open","ping_status":"closed","template":"","meta":{"rs_blank_template":"","rs_page_bg_color":"","slide_template_v7":""},"etheme_brands":[],"product_cat":[16],"product_tag":[],"class_list":{"0":"post-1584","1":"product","2":"type-product","3":"status-publish","4":"has-post-thumbnail","6":"product_cat-bekleidung","7":"pa_brand-noppies","9":"first","10":"instock","11":"shipping-taxable","12":"product-type-simple"},"_links":{"self":[{"href":"https:\/\/www.babyelf.de\/index.php?rest_route=\/wp\/v2\/product\/1584","targetHints":{"allow":["GET"]}}],"collection":[{"href":"https:\/\/www.babyelf.de\/index.php?rest_route=\/wp\/v2\/product"}],"about":[{"href":"https:\/\/www.babyelf.de\/index.php?rest_route=\/wp\/v2\/types\/product"}],"replies":[{"embeddable":true,"href":"https:\/\/www.babyelf.de\/index.php?rest_route=%2Fwp%2Fv2%2Fcomments&post=1584"}],"wp:featuredmedia":[{"embeddable":true,"href":"https:\/\/www.babyelf.de\/index.php?rest_route=\/wp\/v2\/media\/1585"}],"wp:attachment":[{"href":"https:\/\/www.babyelf.de\/index.php?rest_route=%2Fwp%2Fv2%2Fmedia&parent=1584"}],"wp:term":[{"taxonomy":"brand","embeddable":true,"href":"https:\/\/www.babyelf.de\/index.php?rest_route=%2Fwp%2Fv2%2Fetheme_brands&post=1584"},{"taxonomy":"product_cat","embeddable":true,"href":"https:\/\/www.babyelf.de\/index.php?rest_route=%2Fwp%2Fv2%2Fproduct_cat&post=1584"},{"taxonomy":"product_tag","embeddable":true,"href":"https:\/\/www.babyelf.de\/index.php?rest_route=%2Fwp%2Fv2%2Fproduct_tag&post=1584"}],"curies":[{"name":"wp","href":"https:\/\/api.w.org\/{rel}","templated":true}]}}