{"id":1563,"date":"2020-08-21T08:17:22","date_gmt":"2020-08-21T08:17:22","guid":{"rendered":"https:\/\/www.babyelf.de\/?product=steiff-unisex-baby-sweatshirt-0006617"},"modified":"2026-01-08T05:03:10","modified_gmt":"2026-01-08T04:03:10","slug":"steiff-unisex-baby-sweatshirt-0006617","status":"publish","type":"product","link":"https:\/\/www.babyelf.de\/?product=steiff-unisex-baby-sweatshirt-0006617","title":{"rendered":"Steiff Baby-Unisex 6617 Sweatshirt, Blau Marine|Blue 3032, (Herstellergr\u00f6\u00dfe: 74)"},"content":{"rendered":"<p><!-- show up to 2 reviews by default --> <\/p>\n<p>Das feine STEIFF Babyj\u00e4ckchen begleitet komfortabel und w\u00e4rmend die ersten Wochen des Lebens und setzt mit zarten Ringeln modische Akzente. Feiner Jersey w\u00e4rmt sanft und bietet viel Bewegungsfreiheit und Tragekomfort. Der STEIFF Teddyb\u00e4r l\u00e4chelt fr\u00f6hlich. <\/p>\n<p>TREUER BEGLEITER F\u00dcR NEUGEBORENE: Mit dem kuscheligen Jerseyfutter h\u00e4lt das niedliche Babyj\u00e4ckchen warm und l\u00e4dt zum wohlf\u00fchlen ein &#8211; Ideal f\u00fcr kurze und l\u00e4ngere Spazierg\u00e4nge an der frischen Luft<br \/>\nDIE RICHTIGE PASSFORM: W\u00e4hlen Sie jetzt die richtige Gr\u00f6\u00dfe mit Hilfe von unserem Gr\u00f6\u00dfenberater in den Produktbildern. Unsere Kinderkleidung bietet erstklassige Verarbeitung und Qualit\u00e4t<br \/>\nKragenform: V-Ausschnitt<br \/>\nLangarm<br \/>\nVerschluss: Knopfleiste<br \/>\n100% Baumwolle<br \/>\nPflegehinweis: Maschinenw\u00e4sche warm (40\u00b0 +)<br \/>\nModellnummer: 6617<br \/>\nPRAKTISCH: Mit der Knopfleiste aus Druckkn\u00f6pfen wird das an- und ausziehen der Jacke zum Kinderspiel. Dank des weiten Schnitts passt problemlos ein Pullover unter das J\u00e4ckchen<br \/>\nF\u00dcR KLEINE ENTDECKER: Die lockere Passform der Babystrickjacke bietet Raum f\u00fcr Aktivit\u00e4t und Bewegung, um die Welt zu entdecken. Die flexiblen Kontrastb\u00fcndchen f\u00f6rdern die Bewegungsfreiheit zus\u00e4tzlich<br \/>\nUNISEX: Das schlichte Design in navyblau ist zeitlos und sowohl f\u00fcr Jungen als auch f\u00fcr M\u00e4dchen geeignet. Der kleine Teddy auf der linken Brust macht den Babypullover zum niedlichen Hingucker<br \/>\nPFLEGELEICHT: Der Babypullover aus 100% Baumwolle kann unkompliziert bei 40\u00b0C in der Maschine gewaschen werden. Steiff Artikelnummer L000020206<br \/>\nORIGINAL STEIFF BABY MODE &#8211; Wir versprechen Ihnen Baby Bekleidung mit h\u00f6chsten Anforderungen an Qualit\u00e4t, Sicherheit, Verarbeitung und Material. Diese Tradition erhalten wir stolz seit 1887<br \/>\n<div class=\"main-cross-sell\" data-asin=\"B0067LEEWG\">\n\n\t<div class=\"WooZone-cross-sell-loader\">\n\t\t<div>\n\t\t\t<div id=\"floatingBarsG\">\n\t\t\t\t<div class=\"blockG\" id=\"rotateG_01\"><\/div>\n\t\t\t\t<div class=\"blockG\" id=\"rotateG_02\"><\/div>\n\t\t\t\t<div class=\"blockG\" id=\"rotateG_03\"><\/div>\n\t\t\t\t<div class=\"blockG\" id=\"rotateG_04\"><\/div>\n\t\t\t\t<div class=\"blockG\" id=\"rotateG_05\"><\/div>\n\t\t\t\t<div class=\"blockG\" id=\"rotateG_06\"><\/div>\n\t\t\t\t<div class=\"blockG\" id=\"rotateG_07\"><\/div>\n\t\t\t\t<div class=\"blockG\" id=\"rotateG_08\"><\/div>\n\t\t\t<\/div>\n\t\t\t<div class=\"WooZone-cross-sell-loader-text\"><\/div>\n\t\t<\/div>\n\t<\/div>\n\n\t\t\n<\/div>\n<div style=\"clear:both;\"><\/div>\n","protected":false},"excerpt":{"rendered":"<p>TREUER BEGLEITER F\u00dcR NEUGEBORENE: Mit dem kuscheligen Jerseyfutter h\u00e4lt das niedliche Babyj\u00e4ckchen warm und l\u00e4dt zum wohlf\u00fchlen ein &#8211; Ideal f\u00fcr kurze und l\u00e4ngere Spazierg\u00e4nge an der frischen Luft<br \/>\nDIE RICHTIGE PASSFORM: W\u00e4hlen Sie jetzt die richtige Gr\u00f6\u00dfe mit Hilfe von unserem Gr\u00f6\u00dfenberater in den Produktbildern. Unsere Kinderkleidung bietet erstklassige Verarbeitung und Qualit\u00e4t<br \/>\nKragenform: V-Ausschnitt<\/p>\n","protected":false},"featured_media":1564,"comment_status":"open","ping_status":"closed","template":"","meta":{"rs_blank_template":"","rs_page_bg_color":"","slide_template_v7":""},"etheme_brands":[],"product_cat":[16],"product_tag":[],"class_list":{"0":"post-1563","1":"product","2":"type-product","3":"status-publish","4":"has-post-thumbnail","6":"product_cat-bekleidung","7":"pa_brand-steiff","9":"first","10":"instock","11":"shipping-taxable","12":"product-type-simple"},"_links":{"self":[{"href":"https:\/\/www.babyelf.de\/index.php?rest_route=\/wp\/v2\/product\/1563","targetHints":{"allow":["GET"]}}],"collection":[{"href":"https:\/\/www.babyelf.de\/index.php?rest_route=\/wp\/v2\/product"}],"about":[{"href":"https:\/\/www.babyelf.de\/index.php?rest_route=\/wp\/v2\/types\/product"}],"replies":[{"embeddable":true,"href":"https:\/\/www.babyelf.de\/index.php?rest_route=%2Fwp%2Fv2%2Fcomments&post=1563"}],"wp:featuredmedia":[{"embeddable":true,"href":"https:\/\/www.babyelf.de\/index.php?rest_route=\/wp\/v2\/media\/1564"}],"wp:attachment":[{"href":"https:\/\/www.babyelf.de\/index.php?rest_route=%2Fwp%2Fv2%2Fmedia&parent=1563"}],"wp:term":[{"taxonomy":"brand","embeddable":true,"href":"https:\/\/www.babyelf.de\/index.php?rest_route=%2Fwp%2Fv2%2Fetheme_brands&post=1563"},{"taxonomy":"product_cat","embeddable":true,"href":"https:\/\/www.babyelf.de\/index.php?rest_route=%2Fwp%2Fv2%2Fproduct_cat&post=1563"},{"taxonomy":"product_tag","embeddable":true,"href":"https:\/\/www.babyelf.de\/index.php?rest_route=%2Fwp%2Fv2%2Fproduct_tag&post=1563"}],"curies":[{"name":"wp","href":"https:\/\/api.w.org\/{rel}","templated":true}]}}