{"id":1556,"date":"2020-08-21T08:17:19","date_gmt":"2020-08-21T08:17:19","guid":{"rendered":"https:\/\/www.babyelf.de\/?product=tuptam-baby-unisex-strampler-set-mit-aufdruck-spruch-2-tlg"},"modified":"2026-01-16T09:19:44","modified_gmt":"2026-01-16T08:19:44","slug":"tuptam-baby-unisex-strampler-set-mit-aufdruck-spruch-2-tlg","status":"publish","type":"product","link":"https:\/\/www.babyelf.de\/?product=tuptam-baby-unisex-strampler-set-mit-aufdruck-spruch-2-tlg","title":{"rendered":"TupTam Baby M\u00e4dchen Jungen Strampler mit Langarmshirt Aufdruck Spruch 2 teilig, Farbe: Giraffe, Gr\u00f6\u00dfe: 62"},"content":{"rendered":"<p>2 tlg. Set Babybekleidung: Strampler mit Tiermotiv (Giraffe, Zebra) oder mit Spruch (I love Mum and Dad) und Babyj\u00e4ckchen<br \/>\nHautfreundliche reine Baumwolle f\u00fcr beste Atmungsaktivit\u00e4t<br \/>\nVerschluss: Druckknopf<br \/>\n100% Baumwolle<br \/>\nStrampelanzug an den Schultern und im Schrittbereich kn\u00f6pfbar (Druckkn\u00f6pfe)<br \/>\nBaby J\u00e4ckchen vorne mit drei Druckkn\u00f6pfen<br \/>\nPflegehinweise: Maschinenw\u00e4sche bei 40\u00b0 C, Schonwaschgang<br \/>\n<div class=\"main-cross-sell\" data-asin=\"B01C4GX9ZU\">\n\n\t<div class=\"WooZone-cross-sell-loader\">\n\t\t<div>\n\t\t\t<div id=\"floatingBarsG\">\n\t\t\t\t<div class=\"blockG\" id=\"rotateG_01\"><\/div>\n\t\t\t\t<div class=\"blockG\" id=\"rotateG_02\"><\/div>\n\t\t\t\t<div class=\"blockG\" id=\"rotateG_03\"><\/div>\n\t\t\t\t<div class=\"blockG\" id=\"rotateG_04\"><\/div>\n\t\t\t\t<div class=\"blockG\" id=\"rotateG_05\"><\/div>\n\t\t\t\t<div class=\"blockG\" id=\"rotateG_06\"><\/div>\n\t\t\t\t<div class=\"blockG\" id=\"rotateG_07\"><\/div>\n\t\t\t\t<div class=\"blockG\" id=\"rotateG_08\"><\/div>\n\t\t\t<\/div>\n\t\t\t<div class=\"WooZone-cross-sell-loader-text\"><\/div>\n\t\t<\/div>\n\t<\/div>\n\n\t\t\n<\/div>\n<div style=\"clear:both;\"><\/div>\n","protected":false},"excerpt":{"rendered":"<p>2 tlg. Set Babybekleidung: Strampler mit Tiermotiv (Giraffe, Zebra) oder mit Spruch (I love Mum and Dad) und Babyj\u00e4ckchen<br \/>\nHautfreundliche reine Baumwolle f\u00fcr beste Atmungsaktivit\u00e4t<br \/>\nVerschluss: Druckknopf<\/p>\n","protected":false},"featured_media":1557,"comment_status":"open","ping_status":"closed","template":"","meta":{"rs_blank_template":"","rs_page_bg_color":"","slide_template_v7":""},"etheme_brands":[],"product_cat":[16],"product_tag":[],"class_list":{"0":"post-1556","1":"product","2":"type-product","3":"status-publish","4":"has-post-thumbnail","6":"product_cat-bekleidung","7":"pa_brand-tuptam","9":"first","10":"instock","11":"shipping-taxable","12":"product-type-simple"},"_links":{"self":[{"href":"https:\/\/www.babyelf.de\/index.php?rest_route=\/wp\/v2\/product\/1556","targetHints":{"allow":["GET"]}}],"collection":[{"href":"https:\/\/www.babyelf.de\/index.php?rest_route=\/wp\/v2\/product"}],"about":[{"href":"https:\/\/www.babyelf.de\/index.php?rest_route=\/wp\/v2\/types\/product"}],"replies":[{"embeddable":true,"href":"https:\/\/www.babyelf.de\/index.php?rest_route=%2Fwp%2Fv2%2Fcomments&post=1556"}],"wp:featuredmedia":[{"embeddable":true,"href":"https:\/\/www.babyelf.de\/index.php?rest_route=\/wp\/v2\/media\/1557"}],"wp:attachment":[{"href":"https:\/\/www.babyelf.de\/index.php?rest_route=%2Fwp%2Fv2%2Fmedia&parent=1556"}],"wp:term":[{"taxonomy":"brand","embeddable":true,"href":"https:\/\/www.babyelf.de\/index.php?rest_route=%2Fwp%2Fv2%2Fetheme_brands&post=1556"},{"taxonomy":"product_cat","embeddable":true,"href":"https:\/\/www.babyelf.de\/index.php?rest_route=%2Fwp%2Fv2%2Fproduct_cat&post=1556"},{"taxonomy":"product_tag","embeddable":true,"href":"https:\/\/www.babyelf.de\/index.php?rest_route=%2Fwp%2Fv2%2Fproduct_tag&post=1556"}],"curies":[{"name":"wp","href":"https:\/\/api.w.org\/{rel}","templated":true}]}}