{"id":1550,"date":"2020-08-21T08:17:15","date_gmt":"2020-08-21T08:17:15","guid":{"rendered":"https:\/\/www.babyelf.de\/?product=spruchreif24de-baby-body-strampler-anleitung-fuer-papa-geburt-geschenk"},"modified":"2025-12-24T22:55:46","modified_gmt":"2025-12-24T21:55:46","slug":"spruchreif24de-baby-body-strampler-anleitung-fuer-papa-geburt-geschenk","status":"publish","type":"product","link":"https:\/\/www.babyelf.de\/?product=spruchreif24de-baby-body-strampler-anleitung-fuer-papa-geburt-geschenk","title":{"rendered":"Spruchreif24de Baby Body Strampler Anleitung f\u00fcr Papa Geburt Geschenk (6-9 Monat 74cm)"},"content":{"rendered":"<p><!-- show up to 2 reviews by default --> <\/p>\n<p>Die perfekte Eltern Geschenk Idee zur Geburt eines Babys ist unser Babystrampler Anleitung f\u00fcr Papa. Die Baby Bekleidung ist ein echter Klassiker mit Witz! Auf dem Baby Strampler sind jeweils die wichtigsten Merkmale aufgedruckt die der Vater definitiv nicht vergessen sollte. Kommt bei Eltern, Freunden, Bekannten und Gro\u00dfeltern lustig an! <\/p>\n<p>Unser Unternehmen verwendet nur Markenfolien zum Druck Ihrer Baby Bekleidung, die Sie bei uns erwerben k\u00f6nnen. \u00d6kologisch unbedenklich und frei von PVC, Weichmachern und Schwermetallen!<\/p>\n<p>F\u00fcr die ideale Schonung des Aufdrucks empfehlen wir Ihnen unsern Babystrampler auf Links jeweils zu Waschen und zu B\u00fcgeln.<\/p>\n<p>Waschmaschinen tauglich bis zu 40\u00b0. Um sicher zu gehen empfehlen wir den Body Body bei einem Waschgang von 30\u00b0 zu t\u00e4tigen. <\/p>\n<p>Die Baby Bekleidung ist angenehm Hautvertr\u00e4glich, atmungsaktiv und nat\u00fcrlich.<br \/>\nDer stilvolle Babystrampler ist bequem sitzend f\u00fcrs Baby und besteht aus feinen Baumwollstoff.<br \/>\n100% Baumwolle aus Kontrolliertem Anbau<br \/>\nPflegehinweis: F\u00fcr die ideale Schonung des Aufdrucks empfehlen wir Ihnen unser Produkt auf Links jeweils zu Waschen und zu B\u00fcgeln. Waschmaschinen tauglich bis zu 40\u00b0.<br \/>\nUnsere elegante Manufaktur bietet nur qualitativ hochwertigen Druck an.<br \/>\nBereits \u00fcber 100 zufriedene Kunden, Geschenk f\u00fcr Jungen und M\u00e4dchen geeignet.<br \/>\n<div class=\"main-cross-sell\" data-asin=\"B0778PW82J\">\n\n\t<div class=\"WooZone-cross-sell-loader\">\n\t\t<div>\n\t\t\t<div id=\"floatingBarsG\">\n\t\t\t\t<div class=\"blockG\" id=\"rotateG_01\"><\/div>\n\t\t\t\t<div class=\"blockG\" id=\"rotateG_02\"><\/div>\n\t\t\t\t<div class=\"blockG\" id=\"rotateG_03\"><\/div>\n\t\t\t\t<div class=\"blockG\" id=\"rotateG_04\"><\/div>\n\t\t\t\t<div class=\"blockG\" id=\"rotateG_05\"><\/div>\n\t\t\t\t<div class=\"blockG\" id=\"rotateG_06\"><\/div>\n\t\t\t\t<div class=\"blockG\" id=\"rotateG_07\"><\/div>\n\t\t\t\t<div class=\"blockG\" id=\"rotateG_08\"><\/div>\n\t\t\t<\/div>\n\t\t\t<div class=\"WooZone-cross-sell-loader-text\"><\/div>\n\t\t<\/div>\n\t<\/div>\n\n\t\t\n<\/div>\n<div style=\"clear:both;\"><\/div>\n","protected":false},"excerpt":{"rendered":"<p>Die Baby Bekleidung ist angenehm Hautvertr\u00e4glich, atmungsaktiv und nat\u00fcrlich.<br \/>\nDer stilvolle Babystrampler ist bequem sitzend f\u00fcrs Baby und besteht aus feinen Baumwollstoff.<br \/>\n100% Baumwolle aus Kontrolliertem Anbau<\/p>\n","protected":false},"featured_media":1551,"comment_status":"open","ping_status":"closed","template":"","meta":{"rs_blank_template":"","rs_page_bg_color":"","slide_template_v7":""},"etheme_brands":[],"product_cat":[16],"product_tag":[],"class_list":{"0":"post-1550","1":"product","2":"type-product","3":"status-publish","4":"has-post-thumbnail","6":"product_cat-bekleidung","7":"pa_brand-spruchreif24de","9":"first","10":"instock","11":"shipping-taxable","12":"product-type-simple"},"_links":{"self":[{"href":"https:\/\/www.babyelf.de\/index.php?rest_route=\/wp\/v2\/product\/1550","targetHints":{"allow":["GET"]}}],"collection":[{"href":"https:\/\/www.babyelf.de\/index.php?rest_route=\/wp\/v2\/product"}],"about":[{"href":"https:\/\/www.babyelf.de\/index.php?rest_route=\/wp\/v2\/types\/product"}],"replies":[{"embeddable":true,"href":"https:\/\/www.babyelf.de\/index.php?rest_route=%2Fwp%2Fv2%2Fcomments&post=1550"}],"wp:featuredmedia":[{"embeddable":true,"href":"https:\/\/www.babyelf.de\/index.php?rest_route=\/wp\/v2\/media\/1551"}],"wp:attachment":[{"href":"https:\/\/www.babyelf.de\/index.php?rest_route=%2Fwp%2Fv2%2Fmedia&parent=1550"}],"wp:term":[{"taxonomy":"brand","embeddable":true,"href":"https:\/\/www.babyelf.de\/index.php?rest_route=%2Fwp%2Fv2%2Fetheme_brands&post=1550"},{"taxonomy":"product_cat","embeddable":true,"href":"https:\/\/www.babyelf.de\/index.php?rest_route=%2Fwp%2Fv2%2Fproduct_cat&post=1550"},{"taxonomy":"product_tag","embeddable":true,"href":"https:\/\/www.babyelf.de\/index.php?rest_route=%2Fwp%2Fv2%2Fproduct_tag&post=1550"}],"curies":[{"name":"wp","href":"https:\/\/api.w.org\/{rel}","templated":true}]}}