{"id":1512,"date":"2020-08-21T08:17:01","date_gmt":"2020-08-21T08:17:01","guid":{"rendered":"https:\/\/www.babyelf.de\/?product=noppies-baby-und-kinder-unisex-hose-humpie"},"modified":"2026-01-06T03:03:38","modified_gmt":"2026-01-06T02:03:38","slug":"noppies-baby-und-kinder-unisex-hose-humpie","status":"publish","type":"product","link":"https:\/\/www.babyelf.de\/?product=noppies-baby-und-kinder-unisex-hose-humpie","title":{"rendered":"Noppies Baby Und Kinder Unisex Hose Humpie, Honey Yellow, 68"},"content":{"rendered":"<p><!-- show up to 2 reviews by default --> <\/p>\n<p>Stilvoll relaxen war noch nie so einfach! Anschmiegsam, weich und super bequem, das ist Noppies Babyhose Humple. S\u00fc\u00dfes Detail: Das h\u00fcbsche Kleeblatt-Motiv, das unsere Designer als Verzierung gew\u00e4hlt haben. Super bequeme Babyhose mit Eingrifftaschen und weichem, elastischem Gummibund. Hose Humple ist aus dem allerweichsten Material hergestellt, das es bei Noppies je gab. <\/p>\n<p>Babyhose von Noppies<br \/>\nHergestellt aus Bio-Baumwolle<br \/>\n95% Baumwolle, 5% Elasthan<br \/>\nPflegehinweis: Maschinenw\u00e4sche<br \/>\nModellnummer: 67307<br \/>\nSch\u00f6n dehnbar<br \/>\nBequem f\u00fcr dein Kind<br \/>\nIn verschiedenen Farben erh\u00e4ltlich<br \/>\n<div class=\"main-cross-sell\" data-asin=\"B07HG9CT4K\">\n\n\t<div class=\"WooZone-cross-sell-loader\">\n\t\t<div>\n\t\t\t<div id=\"floatingBarsG\">\n\t\t\t\t<div class=\"blockG\" id=\"rotateG_01\"><\/div>\n\t\t\t\t<div class=\"blockG\" id=\"rotateG_02\"><\/div>\n\t\t\t\t<div class=\"blockG\" id=\"rotateG_03\"><\/div>\n\t\t\t\t<div class=\"blockG\" id=\"rotateG_04\"><\/div>\n\t\t\t\t<div class=\"blockG\" id=\"rotateG_05\"><\/div>\n\t\t\t\t<div class=\"blockG\" id=\"rotateG_06\"><\/div>\n\t\t\t\t<div class=\"blockG\" id=\"rotateG_07\"><\/div>\n\t\t\t\t<div class=\"blockG\" id=\"rotateG_08\"><\/div>\n\t\t\t<\/div>\n\t\t\t<div class=\"WooZone-cross-sell-loader-text\"><\/div>\n\t\t<\/div>\n\t<\/div>\n\n\t\t\n<\/div>\n<div style=\"clear:both;\"><\/div>\n","protected":false},"excerpt":{"rendered":"<p>Babyhose von Noppies<br \/>\nHergestellt aus Bio-Baumwolle<br \/>\n95% Baumwolle, 5% Elasthan<\/p>\n","protected":false},"featured_media":1513,"comment_status":"open","ping_status":"closed","template":"","meta":{"rs_blank_template":"","rs_page_bg_color":"","slide_template_v7":""},"etheme_brands":[],"product_cat":[16],"product_tag":[],"class_list":{"0":"post-1512","1":"product","2":"type-product","3":"status-publish","4":"has-post-thumbnail","6":"product_cat-bekleidung","7":"pa_brand-noppies","9":"first","10":"instock","11":"shipping-taxable","12":"purchasable","13":"product-type-simple"},"_links":{"self":[{"href":"https:\/\/www.babyelf.de\/index.php?rest_route=\/wp\/v2\/product\/1512","targetHints":{"allow":["GET"]}}],"collection":[{"href":"https:\/\/www.babyelf.de\/index.php?rest_route=\/wp\/v2\/product"}],"about":[{"href":"https:\/\/www.babyelf.de\/index.php?rest_route=\/wp\/v2\/types\/product"}],"replies":[{"embeddable":true,"href":"https:\/\/www.babyelf.de\/index.php?rest_route=%2Fwp%2Fv2%2Fcomments&post=1512"}],"wp:featuredmedia":[{"embeddable":true,"href":"https:\/\/www.babyelf.de\/index.php?rest_route=\/wp\/v2\/media\/1513"}],"wp:attachment":[{"href":"https:\/\/www.babyelf.de\/index.php?rest_route=%2Fwp%2Fv2%2Fmedia&parent=1512"}],"wp:term":[{"taxonomy":"brand","embeddable":true,"href":"https:\/\/www.babyelf.de\/index.php?rest_route=%2Fwp%2Fv2%2Fetheme_brands&post=1512"},{"taxonomy":"product_cat","embeddable":true,"href":"https:\/\/www.babyelf.de\/index.php?rest_route=%2Fwp%2Fv2%2Fproduct_cat&post=1512"},{"taxonomy":"product_tag","embeddable":true,"href":"https:\/\/www.babyelf.de\/index.php?rest_route=%2Fwp%2Fv2%2Fproduct_tag&post=1512"}],"curies":[{"name":"wp","href":"https:\/\/api.w.org\/{rel}","templated":true}]}}