{"id":1510,"date":"2020-08-21T08:17:00","date_gmt":"2020-08-21T08:17:00","guid":{"rendered":"https:\/\/www.babyelf.de\/?product=strampler-streifen-schwarz-senfgelb-baby-junge-maedchen"},"modified":"2026-01-06T03:03:38","modified_gmt":"2026-01-06T02:03:38","slug":"strampler-streifen-schwarz-senfgelb-baby-junge-maedchen","status":"publish","type":"product","link":"https:\/\/www.babyelf.de\/?product=strampler-streifen-schwarz-senfgelb-baby-junge-maedchen","title":{"rendered":"Strampler Streifen Schwarz &#8211; Senfgelb Baby Junge M\u00e4dchen"},"content":{"rendered":"<p><!-- show up to 2 reviews by default --> <\/p>\n<p><strong>Strampler:<\/strong><\/p>\n<p>Unsere Sharlene Strampler sind praktisch, bequem und die Kiddies sehen darin zum Knuddeln niedlich aus.<\/p>\n<p>Die sind superschnell angezogen.<\/p>\n<p> Unsere Strampler sind an den Beinchen etwas l\u00e4nger geschnitten, sodass die Beine zun\u00e4chst umgeschlagen werden und mit dem Wachstum eures Babys in die L\u00e4nge herunter gezogen werden k\u00f6nnen.<\/p>\n<p> An den Schultern befinden sich 2 Druckkn\u00f6pfe, durch die ihr auch hier noch einmal die L\u00e4nge im Oberk\u00f6rper verstellen k\u00f6nnt, sodass der Strampler seinen perfekten Halt findet. <\/p>\n<p> Duch die Option den Strampler zu wenden, entsteht bei uns in der N\u00e4herei eine kleine Naht, welche an den Beinen oder an der Seite des Stramplers zu finden ist.<\/p>\n<p>S\u00e4mtliche Sharlene Produkte und Stoffe werden grunds\u00e4tzlich <strong>speziell und hochwertig<\/strong> von unserer Designerin unter <strong>h\u00f6chsten Qualit\u00e4tsanspr\u00fcchen<\/strong> ausgew\u00e4hlt und zu wundervoller Babymode von unseren N\u00e4herinnen mit Liebe <strong>handgefertigt<\/strong>.<\/p>\n<p>Material: zertifizierter \u00d6ko-Tex Standard 100 Jerseystoff und B\u00fcndchenware (95% Baumwolle, 5% Elasthan) Pflegehinweis: Bei 30 Grad waschbar<\/p>\n<\/p>\n<div class=\"main-cross-sell\" data-asin=\"B07RHPJ348\">\n\n\t<div class=\"WooZone-cross-sell-loader\">\n\t\t<div>\n\t\t\t<div id=\"floatingBarsG\">\n\t\t\t\t<div class=\"blockG\" id=\"rotateG_01\"><\/div>\n\t\t\t\t<div class=\"blockG\" id=\"rotateG_02\"><\/div>\n\t\t\t\t<div class=\"blockG\" id=\"rotateG_03\"><\/div>\n\t\t\t\t<div class=\"blockG\" id=\"rotateG_04\"><\/div>\n\t\t\t\t<div class=\"blockG\" id=\"rotateG_05\"><\/div>\n\t\t\t\t<div class=\"blockG\" id=\"rotateG_06\"><\/div>\n\t\t\t\t<div class=\"blockG\" id=\"rotateG_07\"><\/div>\n\t\t\t\t<div class=\"blockG\" id=\"rotateG_08\"><\/div>\n\t\t\t<\/div>\n\t\t\t<div class=\"WooZone-cross-sell-loader-text\"><\/div>\n\t\t<\/div>\n\t<\/div>\n\n\t\t\n<\/div>\n<div style=\"clear:both;\"><\/div>\n","protected":false},"excerpt":{"rendered":"<p>Strampler: Unsere Sharlene Strampler sind praktisch, bequem und die Kiddies sehen darin zum Knuddeln niedlich<\/p>\n","protected":false},"featured_media":1511,"comment_status":"open","ping_status":"closed","template":"","meta":{"rs_blank_template":"","rs_page_bg_color":"","slide_template_v7":""},"etheme_brands":[],"product_cat":[16],"product_tag":[],"class_list":{"0":"post-1510","1":"product","2":"type-product","3":"status-publish","4":"has-post-thumbnail","6":"product_cat-bekleidung","7":"pa_brand-sharlene-babymode","9":"first","10":"instock","11":"shipping-taxable","12":"product-type-simple"},"_links":{"self":[{"href":"https:\/\/www.babyelf.de\/index.php?rest_route=\/wp\/v2\/product\/1510","targetHints":{"allow":["GET"]}}],"collection":[{"href":"https:\/\/www.babyelf.de\/index.php?rest_route=\/wp\/v2\/product"}],"about":[{"href":"https:\/\/www.babyelf.de\/index.php?rest_route=\/wp\/v2\/types\/product"}],"replies":[{"embeddable":true,"href":"https:\/\/www.babyelf.de\/index.php?rest_route=%2Fwp%2Fv2%2Fcomments&post=1510"}],"wp:featuredmedia":[{"embeddable":true,"href":"https:\/\/www.babyelf.de\/index.php?rest_route=\/wp\/v2\/media\/1511"}],"wp:attachment":[{"href":"https:\/\/www.babyelf.de\/index.php?rest_route=%2Fwp%2Fv2%2Fmedia&parent=1510"}],"wp:term":[{"taxonomy":"brand","embeddable":true,"href":"https:\/\/www.babyelf.de\/index.php?rest_route=%2Fwp%2Fv2%2Fetheme_brands&post=1510"},{"taxonomy":"product_cat","embeddable":true,"href":"https:\/\/www.babyelf.de\/index.php?rest_route=%2Fwp%2Fv2%2Fproduct_cat&post=1510"},{"taxonomy":"product_tag","embeddable":true,"href":"https:\/\/www.babyelf.de\/index.php?rest_route=%2Fwp%2Fv2%2Fproduct_tag&post=1510"}],"curies":[{"name":"wp","href":"https:\/\/api.w.org\/{rel}","templated":true}]}}