{"id":1506,"date":"2020-08-21T08:16:58","date_gmt":"2020-08-21T08:16:58","guid":{"rendered":"https:\/\/www.babyelf.de\/?product=sterntaler-baby-jungen-strumpfhose-waldtiere-leggings"},"modified":"2026-01-06T03:03:38","modified_gmt":"2026-01-06T02:03:38","slug":"sterntaler-baby-jungen-strumpfhose-waldtiere-leggings","status":"publish","type":"product","link":"https:\/\/www.babyelf.de\/?product=sterntaler-baby-jungen-strumpfhose-waldtiere-leggings","title":{"rendered":"Sterntaler Baby-Jungen Strumpfhose Waldtiere Leggings , Blau (Mittelblau Mel. 375) , 74"},"content":{"rendered":"<p><!-- show up to 2 reviews by default --> <\/p>\n<p>Strumpfhose aus strapazierf\u00e4higer Baumwollmischung, Ideal f\u00fcr jeden Tag und zu verschiedenen Anl\u00e4ssen, Besonders bei kalten Temperaturen &#8211; Geeignet f\u00fcr Kinder, Elastischer Bund f\u00fcr besseren Halt, Ohne Gummidruck &#8211; Hochwertige Verarbeitung und Materialien: 85% Baumwolle, 12% Polyamid, 3% Elasthan &#8211; Leichte Reinigung und Pflege: Maschinenwaschbar bei 40\u00b0, Trocknergeeignet &#8211; Lieferumfang: 1 x Sterntaler Strumpfhose, Waldtiere-Motiv, Gr\u00f6\u00dfe: 128, Alter: 7-8 Jahre, Farbe: Mittelblau <\/p>\n<p>Strumpfhose aus strapazierf\u00e4higer Baumwollmischung, Ideal f\u00fcr jeden Tag und zu verschiedenen Anl\u00e4ssen, Besonders bei kalten Temperaturen<br \/>\nGeeignet f\u00fcr Babys, Elastischer Bund f\u00fcr besseren Halt, Ohne Gummidruck<br \/>\nKragenform: Kent<br \/>\n85% Baumwolle, 12% Polyamid, 3% Elasthan<br \/>\nStrumpfhose<br \/>\nPflegehinweis: Maschinenw\u00e4sche warm (40\u00b0 +)<br \/>\nModellnummer: 8721902<br \/>\nHochwertige Verarbeitung und Materialien: 85% Baumwolle, 12% Polyamid, 3% Elasthan<br \/>\nLeichte Reinigung und Pflege: Maschinenwaschbar bei 40\u00b0, Trocknergeeignet<br \/>\nLieferumfang: 1 x Sterntaler Strumpfhose, Waldtiere-Motiv, Gr\u00f6\u00dfe: 74, Alter: 6-9 Monate, Farbe: Mittelblau<br \/>\n<div class=\"main-cross-sell\" data-asin=\"B07M8XQBBX\">\n\n\t<div class=\"WooZone-cross-sell-loader\">\n\t\t<div>\n\t\t\t<div id=\"floatingBarsG\">\n\t\t\t\t<div class=\"blockG\" id=\"rotateG_01\"><\/div>\n\t\t\t\t<div class=\"blockG\" id=\"rotateG_02\"><\/div>\n\t\t\t\t<div class=\"blockG\" id=\"rotateG_03\"><\/div>\n\t\t\t\t<div class=\"blockG\" id=\"rotateG_04\"><\/div>\n\t\t\t\t<div class=\"blockG\" id=\"rotateG_05\"><\/div>\n\t\t\t\t<div class=\"blockG\" id=\"rotateG_06\"><\/div>\n\t\t\t\t<div class=\"blockG\" id=\"rotateG_07\"><\/div>\n\t\t\t\t<div class=\"blockG\" id=\"rotateG_08\"><\/div>\n\t\t\t<\/div>\n\t\t\t<div class=\"WooZone-cross-sell-loader-text\"><\/div>\n\t\t<\/div>\n\t<\/div>\n\n\t\t\n<\/div>\n<div style=\"clear:both;\"><\/div>\n","protected":false},"excerpt":{"rendered":"<p>Strumpfhose aus strapazierf\u00e4higer Baumwollmischung, Ideal f\u00fcr jeden Tag und zu verschiedenen Anl\u00e4ssen, Besonders bei kalten Temperaturen<br \/>\nGeeignet f\u00fcr Babys, Elastischer Bund f\u00fcr besseren Halt, Ohne Gummidruck<br \/>\nKragenform: Kent<\/p>\n","protected":false},"featured_media":1507,"comment_status":"open","ping_status":"closed","template":"","meta":{"rs_blank_template":"","rs_page_bg_color":"","slide_template_v7":""},"etheme_brands":[],"product_cat":[16],"product_tag":[],"class_list":{"0":"post-1506","1":"product","2":"type-product","3":"status-publish","4":"has-post-thumbnail","6":"product_cat-bekleidung","7":"pa_brand-sterntaler","9":"first","10":"instock","11":"shipping-taxable","12":"product-type-simple"},"_links":{"self":[{"href":"https:\/\/www.babyelf.de\/index.php?rest_route=\/wp\/v2\/product\/1506","targetHints":{"allow":["GET"]}}],"collection":[{"href":"https:\/\/www.babyelf.de\/index.php?rest_route=\/wp\/v2\/product"}],"about":[{"href":"https:\/\/www.babyelf.de\/index.php?rest_route=\/wp\/v2\/types\/product"}],"replies":[{"embeddable":true,"href":"https:\/\/www.babyelf.de\/index.php?rest_route=%2Fwp%2Fv2%2Fcomments&post=1506"}],"wp:featuredmedia":[{"embeddable":true,"href":"https:\/\/www.babyelf.de\/index.php?rest_route=\/wp\/v2\/media\/1507"}],"wp:attachment":[{"href":"https:\/\/www.babyelf.de\/index.php?rest_route=%2Fwp%2Fv2%2Fmedia&parent=1506"}],"wp:term":[{"taxonomy":"brand","embeddable":true,"href":"https:\/\/www.babyelf.de\/index.php?rest_route=%2Fwp%2Fv2%2Fetheme_brands&post=1506"},{"taxonomy":"product_cat","embeddable":true,"href":"https:\/\/www.babyelf.de\/index.php?rest_route=%2Fwp%2Fv2%2Fproduct_cat&post=1506"},{"taxonomy":"product_tag","embeddable":true,"href":"https:\/\/www.babyelf.de\/index.php?rest_route=%2Fwp%2Fv2%2Fproduct_tag&post=1506"}],"curies":[{"name":"wp","href":"https:\/\/api.w.org\/{rel}","templated":true}]}}