{"id":1466,"date":"2020-08-21T08:16:41","date_gmt":"2020-08-21T08:16:41","guid":{"rendered":"https:\/\/www.babyelf.de\/?product=sterntaler-baby-maedchen-strumpfhose"},"modified":"2025-12-24T22:55:23","modified_gmt":"2025-12-24T21:55:23","slug":"sterntaler-baby-maedchen-strumpfhose","status":"publish","type":"product","link":"https:\/\/www.babyelf.de\/?product=sterntaler-baby-maedchen-strumpfhose","title":{"rendered":"Sterntaler Baby &#8211; M\u00e4dchen Krabbelstrumpfhose Emmi Girl Strumpfhose, Zartrosa, 74"},"content":{"rendered":"<p><!-- show up to 2 reviews by default --> <\/p>\n<p>Niedliche Krabbelstrumpfhose f\u00fcr Baby M\u00e4dchen von der Marke Sterntaler. Die Noppen an Bein und Fu\u00df unterst\u00fctzen die ersten Krabbelversuche. <\/p>\n<p>Gr\u00f6sse: 68 cm<br \/>\n85% Baumwolle, 13% Polyamid, 2% Elasthan<br \/>\nStrumpfhose<br \/>\nPflegehinweis: Waschen 40\u00b0, nicht chemisch Reinigen, Trommeltrocknen schonend, nicht B\u00fcgeln, nicht Bleichen<br \/>\nModellnummer: 8651888<br \/>\n<div class=\"main-cross-sell\" data-asin=\"B079KPM74K\">\n\n\t<div class=\"WooZone-cross-sell-loader\">\n\t\t<div>\n\t\t\t<div id=\"floatingBarsG\">\n\t\t\t\t<div class=\"blockG\" id=\"rotateG_01\"><\/div>\n\t\t\t\t<div class=\"blockG\" id=\"rotateG_02\"><\/div>\n\t\t\t\t<div class=\"blockG\" id=\"rotateG_03\"><\/div>\n\t\t\t\t<div class=\"blockG\" id=\"rotateG_04\"><\/div>\n\t\t\t\t<div class=\"blockG\" id=\"rotateG_05\"><\/div>\n\t\t\t\t<div class=\"blockG\" id=\"rotateG_06\"><\/div>\n\t\t\t\t<div class=\"blockG\" id=\"rotateG_07\"><\/div>\n\t\t\t\t<div class=\"blockG\" id=\"rotateG_08\"><\/div>\n\t\t\t<\/div>\n\t\t\t<div class=\"WooZone-cross-sell-loader-text\"><\/div>\n\t\t<\/div>\n\t<\/div>\n\n\t\t\n<\/div>\n<div style=\"clear:both;\"><\/div>\n","protected":false},"excerpt":{"rendered":"<p>Gr\u00f6sse: 68 cm<br \/>\n85% Baumwolle, 13% Polyamid, 2% Elasthan<br \/>\nStrumpfhose<\/p>\n","protected":false},"featured_media":1467,"comment_status":"open","ping_status":"closed","template":"","meta":{"rs_blank_template":"","rs_page_bg_color":"","slide_template_v7":""},"etheme_brands":[],"product_cat":[16],"product_tag":[],"class_list":{"0":"post-1466","1":"product","2":"type-product","3":"status-publish","4":"has-post-thumbnail","6":"product_cat-bekleidung","7":"pa_brand-sterntaler","9":"first","10":"instock","11":"shipping-taxable","12":"product-type-simple"},"_links":{"self":[{"href":"https:\/\/www.babyelf.de\/index.php?rest_route=\/wp\/v2\/product\/1466","targetHints":{"allow":["GET"]}}],"collection":[{"href":"https:\/\/www.babyelf.de\/index.php?rest_route=\/wp\/v2\/product"}],"about":[{"href":"https:\/\/www.babyelf.de\/index.php?rest_route=\/wp\/v2\/types\/product"}],"replies":[{"embeddable":true,"href":"https:\/\/www.babyelf.de\/index.php?rest_route=%2Fwp%2Fv2%2Fcomments&post=1466"}],"wp:featuredmedia":[{"embeddable":true,"href":"https:\/\/www.babyelf.de\/index.php?rest_route=\/wp\/v2\/media\/1467"}],"wp:attachment":[{"href":"https:\/\/www.babyelf.de\/index.php?rest_route=%2Fwp%2Fv2%2Fmedia&parent=1466"}],"wp:term":[{"taxonomy":"brand","embeddable":true,"href":"https:\/\/www.babyelf.de\/index.php?rest_route=%2Fwp%2Fv2%2Fetheme_brands&post=1466"},{"taxonomy":"product_cat","embeddable":true,"href":"https:\/\/www.babyelf.de\/index.php?rest_route=%2Fwp%2Fv2%2Fproduct_cat&post=1466"},{"taxonomy":"product_tag","embeddable":true,"href":"https:\/\/www.babyelf.de\/index.php?rest_route=%2Fwp%2Fv2%2Fproduct_tag&post=1466"}],"curies":[{"name":"wp","href":"https:\/\/api.w.org\/{rel}","templated":true}]}}