{"id":1444,"date":"2020-08-21T08:16:33","date_gmt":"2020-08-21T08:16:33","guid":{"rendered":"https:\/\/www.babyelf.de\/?product=noppies-baby-und-kinder-unisex-hose-lux"},"modified":"2025-12-24T22:55:23","modified_gmt":"2025-12-24T21:55:23","slug":"noppies-baby-und-kinder-unisex-hose-lux","status":"publish","type":"product","link":"https:\/\/www.babyelf.de\/?product=noppies-baby-und-kinder-unisex-hose-lux","title":{"rendered":"Noppies Unisex Baby U Pants Knit Reg Lux Hose, Grau (Dark Grey Melange C238), 56 EU"},"content":{"rendered":"<p><!-- show up to 2 reviews by default --> <\/p>\n<p>Die Hose Reg Lux von Noppies ist aus grob gestrickter Baumwolle gefertigt und hat eine \u00e4u\u00dferst bequeme Passform. Die elastischen B\u00fcndchen sorgen daf\u00fcr, dass die Hose gut sitzen bleibt, wenn Ihr Kind aktiv ist. Au\u00dferdem kann dieses Modell mit dem Kordelzug am Bund leicht gestrafft werden. Dieses Kleidungsst\u00fcck wurde umweltfreundlich hergestellt und ist aus biologischem Material mit GOTS-Zertifikat.Die Konfektionsgr\u00f6\u00dfe entspricht der K\u00f6rpergr\u00f6\u00dfe Ihres Kindes. <\/p>\n<p>Strickhose Reg Lux von Noppies<br \/>\nAus Bio-Baumwolle gefertigt<br \/>\n100% Baumwolle<br \/>\nPflegehinweis: Maschinenw\u00e4sche<br \/>\nModellnummer: 67403<br \/>\nMit Kordelzug am Bund<br \/>\nMit komfortabler Passform<br \/>\nRippstrickb\u00fcndchen<br \/>\n<div class=\"main-cross-sell\" data-asin=\"B07GX8H5D2\">\n\n\t<div class=\"WooZone-cross-sell-loader\">\n\t\t<div>\n\t\t\t<div id=\"floatingBarsG\">\n\t\t\t\t<div class=\"blockG\" id=\"rotateG_01\"><\/div>\n\t\t\t\t<div class=\"blockG\" id=\"rotateG_02\"><\/div>\n\t\t\t\t<div class=\"blockG\" id=\"rotateG_03\"><\/div>\n\t\t\t\t<div class=\"blockG\" id=\"rotateG_04\"><\/div>\n\t\t\t\t<div class=\"blockG\" id=\"rotateG_05\"><\/div>\n\t\t\t\t<div class=\"blockG\" id=\"rotateG_06\"><\/div>\n\t\t\t\t<div class=\"blockG\" id=\"rotateG_07\"><\/div>\n\t\t\t\t<div class=\"blockG\" id=\"rotateG_08\"><\/div>\n\t\t\t<\/div>\n\t\t\t<div class=\"WooZone-cross-sell-loader-text\"><\/div>\n\t\t<\/div>\n\t<\/div>\n\n\t\t\n<\/div>\n<div style=\"clear:both;\"><\/div>\n","protected":false},"excerpt":{"rendered":"<p>Strickhose Reg Lux von Noppies<br \/>\nAus Bio-Baumwolle gefertigt<br \/>\n100% Baumwolle<\/p>\n","protected":false},"featured_media":1445,"comment_status":"open","ping_status":"closed","template":"","meta":{"rs_blank_template":"","rs_page_bg_color":"","slide_template_v7":""},"etheme_brands":[],"product_cat":[16],"product_tag":[],"class_list":{"0":"post-1444","1":"product","2":"type-product","3":"status-publish","4":"has-post-thumbnail","6":"product_cat-bekleidung","7":"pa_brand-noppies","9":"first","10":"instock","11":"shipping-taxable","12":"product-type-simple"},"_links":{"self":[{"href":"https:\/\/www.babyelf.de\/index.php?rest_route=\/wp\/v2\/product\/1444","targetHints":{"allow":["GET"]}}],"collection":[{"href":"https:\/\/www.babyelf.de\/index.php?rest_route=\/wp\/v2\/product"}],"about":[{"href":"https:\/\/www.babyelf.de\/index.php?rest_route=\/wp\/v2\/types\/product"}],"replies":[{"embeddable":true,"href":"https:\/\/www.babyelf.de\/index.php?rest_route=%2Fwp%2Fv2%2Fcomments&post=1444"}],"wp:featuredmedia":[{"embeddable":true,"href":"https:\/\/www.babyelf.de\/index.php?rest_route=\/wp\/v2\/media\/1445"}],"wp:attachment":[{"href":"https:\/\/www.babyelf.de\/index.php?rest_route=%2Fwp%2Fv2%2Fmedia&parent=1444"}],"wp:term":[{"taxonomy":"brand","embeddable":true,"href":"https:\/\/www.babyelf.de\/index.php?rest_route=%2Fwp%2Fv2%2Fetheme_brands&post=1444"},{"taxonomy":"product_cat","embeddable":true,"href":"https:\/\/www.babyelf.de\/index.php?rest_route=%2Fwp%2Fv2%2Fproduct_cat&post=1444"},{"taxonomy":"product_tag","embeddable":true,"href":"https:\/\/www.babyelf.de\/index.php?rest_route=%2Fwp%2Fv2%2Fproduct_tag&post=1444"}],"curies":[{"name":"wp","href":"https:\/\/api.w.org\/{rel}","templated":true}]}}