{"id":1401,"date":"2020-08-21T08:16:19","date_gmt":"2020-08-21T08:16:19","guid":{"rendered":"https:\/\/www.babyelf.de\/?product=jungen-gentleman-smoking-anzug-fliege-4tlg-babykleidung-schicker-taufanzug"},"modified":"2026-01-27T08:58:10","modified_gmt":"2026-01-27T07:58:10","slug":"jungen-gentleman-smoking-anzug-fliege-4tlg-babykleidung-schicker-taufanzug","status":"publish","type":"product","link":"https:\/\/www.babyelf.de\/?product=jungen-gentleman-smoking-anzug-fliege-4tlg-babykleidung-schicker-taufanzug","title":{"rendered":"Jungen Gentleman Smoking Anzug Fliege 4tlg Babykleidung Schicker Taufanzug, Grau, Gr. 110"},"content":{"rendered":"<p><!-- show up to 2 reviews by default --> <\/p>\n<p><b>Produktspezifikation: <\/b><br \/> Tancurry Jungen Gentleman Smoking Anzug Fliege 4tlg Babykleidung Schicker Taufanzug<br \/> Super zur Taufe oder als Taufgeschenk f\u00fcr die Eltern.<br \/> Geeignet f\u00fcr Neugeborene 3-8 Jahre Alt Baby Jungen<br \/> Bitte erlauben Sie 1-3cm Messfehler Wegen der Alle Ma\u00dfe von Hand gemessen werden.<br \/><b>Warm Tipps :<\/b><br \/> \u263c\u263cZufiedenheit :Wir gew\u00e4hren Ihnen eine \u201e2 Monate Geld zur\u00fcck Garantie\u201c. Sollte sich innerhalb dieser Frist ein Grund zur R\u00fccksendung ergeben, wenden sie sich bitte umgehend an unseren Kundendienst.Auch f\u00fcr Fragen steht Ihnen unser Kundendienst immer gerne bereit.<\/p>\n<p>Tancurry Jungen Gentleman Smoking Anzug Fliege 4tlg Babykleidung Schicker Taufanzug<br \/>\nF\u00fcr viele festliche Anl\u00e4sse geeignet hochzeit, Geburtstag, Familienfeiern, Weihnachten, Silvester, Ostern etc.<br \/>\nBaumwolle<br \/>\nGeeignet f\u00fcr Neugeborene 3-8 Jahre Alt Baby Jungen<br \/>\nMaterial:90%Baumwolle, hohe Qualit\u00e4t und gut verarbeitet<br \/>\nZufiedenheit :Wir gew\u00e4hren Ihnen eine \u201e2 Monate Geld zur\u00fcck Garantie\u201c. Sollte sich innerhalb dieser Frist ein Grund zur R\u00fccksendung ergeben, wenden sie sich bitte umgehend an unseren Kundendienst und Ihnen wird der volle Kaufpreis zur\u00fcck erstattet. Auch f\u00fcr Fragen steht Ihnen unser Kundendienst immer gerne bereit.<br \/>\n<div class=\"main-cross-sell\" data-asin=\"B07NSVG8LP\">\n\n\t<div class=\"WooZone-cross-sell-loader\">\n\t\t<div>\n\t\t\t<div id=\"floatingBarsG\">\n\t\t\t\t<div class=\"blockG\" id=\"rotateG_01\"><\/div>\n\t\t\t\t<div class=\"blockG\" id=\"rotateG_02\"><\/div>\n\t\t\t\t<div class=\"blockG\" id=\"rotateG_03\"><\/div>\n\t\t\t\t<div class=\"blockG\" id=\"rotateG_04\"><\/div>\n\t\t\t\t<div class=\"blockG\" id=\"rotateG_05\"><\/div>\n\t\t\t\t<div class=\"blockG\" id=\"rotateG_06\"><\/div>\n\t\t\t\t<div class=\"blockG\" id=\"rotateG_07\"><\/div>\n\t\t\t\t<div class=\"blockG\" id=\"rotateG_08\"><\/div>\n\t\t\t<\/div>\n\t\t\t<div class=\"WooZone-cross-sell-loader-text\"><\/div>\n\t\t<\/div>\n\t<\/div>\n\n\t\t\n<\/div>\n<div style=\"clear:both;\"><\/div>\n","protected":false},"excerpt":{"rendered":"<p>Tancurry Jungen Gentleman Smoking Anzug Fliege 4tlg Babykleidung Schicker Taufanzug<br \/>\nF\u00fcr viele festliche Anl\u00e4sse geeignet hochzeit, Geburtstag, Familienfeiern, Weihnachten, Silvester, Ostern etc.<br \/>\nBaumwolle<\/p>\n","protected":false},"featured_media":1402,"comment_status":"open","ping_status":"closed","template":"","meta":{"rs_blank_template":"","rs_page_bg_color":"","slide_template_v7":""},"etheme_brands":[],"product_cat":[16],"product_tag":[],"class_list":{"0":"post-1401","1":"product","2":"type-product","3":"status-publish","4":"has-post-thumbnail","6":"product_cat-bekleidung","7":"pa_brand-tancurry","9":"first","10":"instock","11":"shipping-taxable","12":"product-type-simple"},"_links":{"self":[{"href":"https:\/\/www.babyelf.de\/index.php?rest_route=\/wp\/v2\/product\/1401","targetHints":{"allow":["GET"]}}],"collection":[{"href":"https:\/\/www.babyelf.de\/index.php?rest_route=\/wp\/v2\/product"}],"about":[{"href":"https:\/\/www.babyelf.de\/index.php?rest_route=\/wp\/v2\/types\/product"}],"replies":[{"embeddable":true,"href":"https:\/\/www.babyelf.de\/index.php?rest_route=%2Fwp%2Fv2%2Fcomments&post=1401"}],"wp:featuredmedia":[{"embeddable":true,"href":"https:\/\/www.babyelf.de\/index.php?rest_route=\/wp\/v2\/media\/1402"}],"wp:attachment":[{"href":"https:\/\/www.babyelf.de\/index.php?rest_route=%2Fwp%2Fv2%2Fmedia&parent=1401"}],"wp:term":[{"taxonomy":"brand","embeddable":true,"href":"https:\/\/www.babyelf.de\/index.php?rest_route=%2Fwp%2Fv2%2Fetheme_brands&post=1401"},{"taxonomy":"product_cat","embeddable":true,"href":"https:\/\/www.babyelf.de\/index.php?rest_route=%2Fwp%2Fv2%2Fproduct_cat&post=1401"},{"taxonomy":"product_tag","embeddable":true,"href":"https:\/\/www.babyelf.de\/index.php?rest_route=%2Fwp%2Fv2%2Fproduct_tag&post=1401"}],"curies":[{"name":"wp","href":"https:\/\/api.w.org\/{rel}","templated":true}]}}