{"id":1395,"date":"2020-08-21T08:16:17","date_gmt":"2020-08-21T08:16:17","guid":{"rendered":"https:\/\/www.babyelf.de\/?product=name-it-baby-maedchen-schlafstrampler-2er-pack"},"modified":"2026-01-27T08:58:10","modified_gmt":"2026-01-27T07:58:10","slug":"name-it-baby-maedchen-schlafstrampler-2er-pack","status":"publish","type":"product","link":"https:\/\/www.babyelf.de\/?product=name-it-baby-maedchen-schlafstrampler-2er-pack","title":{"rendered":"NAME IT Baby-M\u00e4dchen NMFNIGHTSUIT 2P NOOS Schlafstrampler, Mehrfarbig (Dry Rose), 92 (2er Pack)"},"content":{"rendered":"<p><!-- show up to 2 reviews by default --> <\/p>\n<p>Holt mich nie wieder raus! Diese s\u00fc\u00dfen Schlafanz\u00fcge im 2er Pack von NAME IT MINI aus 100% Baumwolle sind so kuschelig, dass das Aufstehen schwer fallen wird. Geschlossen wird der Strampler mit einer praktischen Druckknopfleiste vom Hals bis zum Fu\u00df. <\/p>\n<p>Doppelpack Schlafstrampler mit Druckkn\u00f6pfen f\u00fcr M\u00e4dchen von NAME IT.<br \/>\nBis Gr\u00f6\u00dfe 74 mit F\u00fc\u00dfen, ab Gr\u00f6\u00dfe 80 ohne F\u00fc\u00dfe.<br \/>\nKragenform: Rundhals<br \/>\nLangarm<br \/>\nVerschluss: Druckknopf<br \/>\n100% Baumwolle<br \/>\nPflegehinweis: Maschinenw\u00e4sche bei max. 40 \u00b0C, Nicht bleichen, Trockner nicht verwenden, Auf mittlerer Stufe b\u00fcgeln, Nicht chemisch reinigen.<br \/>\nModellnummer: 13145700<br \/>\nNiedlicher Schlaf-Overall im Doppelpack f\u00fcr eine kuschelig warme Nacht.<br \/>\nDie Strampler haben eine durchgehende Druckknopfleiste vom Kragen bis zum Fu\u00df, sodass sie bequem an- und ausgezogen werden k\u00f6nnen.<br \/>\nDas Material besteht aus hautfreundlicher Baumwolle, die weich auf der Haut liegt und durch ihre Elastizit\u00e4t ausreichend Bewegungsfreiheit bietet.<br \/>\n<div class=\"main-cross-sell\" data-asin=\"B06XH3BX2X\">\n\n\t<div class=\"WooZone-cross-sell-loader\">\n\t\t<div>\n\t\t\t<div id=\"floatingBarsG\">\n\t\t\t\t<div class=\"blockG\" id=\"rotateG_01\"><\/div>\n\t\t\t\t<div class=\"blockG\" id=\"rotateG_02\"><\/div>\n\t\t\t\t<div class=\"blockG\" id=\"rotateG_03\"><\/div>\n\t\t\t\t<div class=\"blockG\" id=\"rotateG_04\"><\/div>\n\t\t\t\t<div class=\"blockG\" id=\"rotateG_05\"><\/div>\n\t\t\t\t<div class=\"blockG\" id=\"rotateG_06\"><\/div>\n\t\t\t\t<div class=\"blockG\" id=\"rotateG_07\"><\/div>\n\t\t\t\t<div class=\"blockG\" id=\"rotateG_08\"><\/div>\n\t\t\t<\/div>\n\t\t\t<div class=\"WooZone-cross-sell-loader-text\"><\/div>\n\t\t<\/div>\n\t<\/div>\n\n\t\t\n<\/div>\n<div style=\"clear:both;\"><\/div>\n","protected":false},"excerpt":{"rendered":"<p>Doppelpack Schlafstrampler mit Druckkn\u00f6pfen f\u00fcr M\u00e4dchen von NAME IT.<br \/>\nBis Gr\u00f6\u00dfe 74 mit F\u00fc\u00dfen, ab Gr\u00f6\u00dfe 80 ohne F\u00fc\u00dfe.<br \/>\nKragenform: Rundhals<\/p>\n","protected":false},"featured_media":1396,"comment_status":"open","ping_status":"closed","template":"","meta":{"rs_blank_template":"","rs_page_bg_color":"","slide_template_v7":""},"etheme_brands":[],"product_cat":[16],"product_tag":[],"class_list":{"0":"post-1395","1":"product","2":"type-product","3":"status-publish","4":"has-post-thumbnail","6":"product_cat-bekleidung","7":"pa_brand-name-it","9":"first","10":"instock","11":"shipping-taxable","12":"product-type-simple"},"_links":{"self":[{"href":"https:\/\/www.babyelf.de\/index.php?rest_route=\/wp\/v2\/product\/1395","targetHints":{"allow":["GET"]}}],"collection":[{"href":"https:\/\/www.babyelf.de\/index.php?rest_route=\/wp\/v2\/product"}],"about":[{"href":"https:\/\/www.babyelf.de\/index.php?rest_route=\/wp\/v2\/types\/product"}],"replies":[{"embeddable":true,"href":"https:\/\/www.babyelf.de\/index.php?rest_route=%2Fwp%2Fv2%2Fcomments&post=1395"}],"wp:featuredmedia":[{"embeddable":true,"href":"https:\/\/www.babyelf.de\/index.php?rest_route=\/wp\/v2\/media\/1396"}],"wp:attachment":[{"href":"https:\/\/www.babyelf.de\/index.php?rest_route=%2Fwp%2Fv2%2Fmedia&parent=1395"}],"wp:term":[{"taxonomy":"brand","embeddable":true,"href":"https:\/\/www.babyelf.de\/index.php?rest_route=%2Fwp%2Fv2%2Fetheme_brands&post=1395"},{"taxonomy":"product_cat","embeddable":true,"href":"https:\/\/www.babyelf.de\/index.php?rest_route=%2Fwp%2Fv2%2Fproduct_cat&post=1395"},{"taxonomy":"product_tag","embeddable":true,"href":"https:\/\/www.babyelf.de\/index.php?rest_route=%2Fwp%2Fv2%2Fproduct_tag&post=1395"}],"curies":[{"name":"wp","href":"https:\/\/api.w.org\/{rel}","templated":true}]}}