{"id":1391,"date":"2020-08-21T08:12:25","date_gmt":"2020-08-21T08:12:25","guid":{"rendered":"https:\/\/www.babyelf.de\/?product=tuptam-baby-unisex-bekleidungsset-mit-aufdruck-3-tlg"},"modified":"2026-01-27T08:58:10","modified_gmt":"2026-01-27T07:58:10","slug":"tuptam-baby-unisex-bekleidungsset-mit-aufdruck-3-tlg","status":"publish","type":"product","link":"https:\/\/www.babyelf.de\/?product=tuptam-baby-unisex-bekleidungsset-mit-aufdruck-3-tlg","title":{"rendered":"TupTam Baby M\u00e4dchen Jungen Bekleidungsset Langarmbody Hose M\u00fctze mit Aufdruck Spruch 3 teilig, Farbe: B\u00e4rchen, Gr\u00f6\u00dfe: 62"},"content":{"rendered":"<p>Baby Kleidung 3er Set: Langarm-Body mit Aufdruck, M\u00fctze mit Aufdruck und passende Strampelhose f\u00fcr M\u00e4dchen und Jungen<br \/>\nBabybody mit Druckknopfverschluss am Halsausschnitt und im Schritt f\u00fcr einfaches An- und Ausziehen<br \/>\nVerschluss: Druckknopf<br \/>\n100% Baumwolle, B\u00fcndchen: 97% Baumwolle, 3% Elasthan<br \/>\nStramplerhose mit breitem elastischem Bund und Fu\u00df<br \/>\nBaby M\u00fctze mit elastischem, breitem Bund und tollem Aufdruck<br \/>\nHautfreundliche reine Baumwolle f\u00fcr beste Atmungsaktivit\u00e4t und hohen Tragekomfort<br \/>\n<div class=\"main-cross-sell\" data-asin=\"B073S3XHKY\">\n\n\t<div class=\"WooZone-cross-sell-loader\">\n\t\t<div>\n\t\t\t<div id=\"floatingBarsG\">\n\t\t\t\t<div class=\"blockG\" id=\"rotateG_01\"><\/div>\n\t\t\t\t<div class=\"blockG\" id=\"rotateG_02\"><\/div>\n\t\t\t\t<div class=\"blockG\" id=\"rotateG_03\"><\/div>\n\t\t\t\t<div class=\"blockG\" id=\"rotateG_04\"><\/div>\n\t\t\t\t<div class=\"blockG\" id=\"rotateG_05\"><\/div>\n\t\t\t\t<div class=\"blockG\" id=\"rotateG_06\"><\/div>\n\t\t\t\t<div class=\"blockG\" id=\"rotateG_07\"><\/div>\n\t\t\t\t<div class=\"blockG\" id=\"rotateG_08\"><\/div>\n\t\t\t<\/div>\n\t\t\t<div class=\"WooZone-cross-sell-loader-text\"><\/div>\n\t\t<\/div>\n\t<\/div>\n\n\t\t\n<\/div>\n<div style=\"clear:both;\"><\/div>\n","protected":false},"excerpt":{"rendered":"<p>Baby Kleidung 3er Set: Langarm-Body mit Aufdruck, M\u00fctze mit Aufdruck und passende Strampelhose f\u00fcr M\u00e4dchen und Jungen<br \/>\nBabybody mit Druckknopfverschluss am Halsausschnitt und im Schritt f\u00fcr einfaches An- und Ausziehen<br \/>\nVerschluss: Druckknopf<\/p>\n","protected":false},"featured_media":1392,"comment_status":"open","ping_status":"closed","template":"","meta":{"rs_blank_template":"","rs_page_bg_color":"","slide_template_v7":""},"etheme_brands":[],"product_cat":[16],"product_tag":[],"class_list":{"0":"post-1391","1":"product","2":"type-product","3":"status-publish","4":"has-post-thumbnail","6":"product_cat-bekleidung","7":"pa_brand-tuptam","9":"first","10":"instock","11":"shipping-taxable","12":"product-type-simple"},"_links":{"self":[{"href":"https:\/\/www.babyelf.de\/index.php?rest_route=\/wp\/v2\/product\/1391","targetHints":{"allow":["GET"]}}],"collection":[{"href":"https:\/\/www.babyelf.de\/index.php?rest_route=\/wp\/v2\/product"}],"about":[{"href":"https:\/\/www.babyelf.de\/index.php?rest_route=\/wp\/v2\/types\/product"}],"replies":[{"embeddable":true,"href":"https:\/\/www.babyelf.de\/index.php?rest_route=%2Fwp%2Fv2%2Fcomments&post=1391"}],"wp:featuredmedia":[{"embeddable":true,"href":"https:\/\/www.babyelf.de\/index.php?rest_route=\/wp\/v2\/media\/1392"}],"wp:attachment":[{"href":"https:\/\/www.babyelf.de\/index.php?rest_route=%2Fwp%2Fv2%2Fmedia&parent=1391"}],"wp:term":[{"taxonomy":"brand","embeddable":true,"href":"https:\/\/www.babyelf.de\/index.php?rest_route=%2Fwp%2Fv2%2Fetheme_brands&post=1391"},{"taxonomy":"product_cat","embeddable":true,"href":"https:\/\/www.babyelf.de\/index.php?rest_route=%2Fwp%2Fv2%2Fproduct_cat&post=1391"},{"taxonomy":"product_tag","embeddable":true,"href":"https:\/\/www.babyelf.de\/index.php?rest_route=%2Fwp%2Fv2%2Fproduct_tag&post=1391"}],"curies":[{"name":"wp","href":"https:\/\/api.w.org\/{rel}","templated":true}]}}