{"id":1383,"date":"2020-08-21T08:12:21","date_gmt":"2020-08-21T08:12:21","guid":{"rendered":"https:\/\/www.babyelf.de\/?product=tuptam-baby-kleidung-set-body-strampelhose-muetze-teddybaer"},"modified":"2026-01-23T09:15:10","modified_gmt":"2026-01-23T08:15:10","slug":"tuptam-baby-kleidung-set-body-strampelhose-muetze-teddybaer","status":"publish","type":"product","link":"https:\/\/www.babyelf.de\/?product=tuptam-baby-kleidung-set-body-strampelhose-muetze-teddybaer","title":{"rendered":"TupTam Baby Kleidung Set Body Strampelhose M\u00fctze Bekleidungsset Jungen M\u00e4dchen, Farbe: Blau, Gr\u00f6\u00dfe: 74"},"content":{"rendered":"<p>Tolles Baby Bekleidungsset f\u00fcr M\u00e4dchen und Jungen: Langarmbody, Strampelhose mit Fu\u00df und Babym\u00fctze mit elastischem Bund<br \/>\nHochwertiger, Atmungsaktiver Stoff aus 100% Baumwolle &#8211; perfekte Passform und bester Tragekomfort<br \/>\nVerschluss: Druckknopf<br \/>\n100% Baumwolle, Strickb\u00fcndchen: 97% Baumwolle, 3% Elasthan<br \/>\nL\u00e4chelndes B\u00e4rchengesicht mit angen\u00e4hten \u00d6hren auf dem Body und hinten auf der Stramplerhose<br \/>\nBabybody mit Druckknopfverschluss im Schritt und an der Schulter f\u00fcr einfaches An- und Ausziehen, sowie Wickeln<br \/>\nBabyhose mit breitem elastischem Bund und Fu\u00df<br \/>\n<div class=\"main-cross-sell\" data-asin=\"B07BL19JPB\">\n\n\t<div class=\"WooZone-cross-sell-loader\">\n\t\t<div>\n\t\t\t<div id=\"floatingBarsG\">\n\t\t\t\t<div class=\"blockG\" id=\"rotateG_01\"><\/div>\n\t\t\t\t<div class=\"blockG\" id=\"rotateG_02\"><\/div>\n\t\t\t\t<div class=\"blockG\" id=\"rotateG_03\"><\/div>\n\t\t\t\t<div class=\"blockG\" id=\"rotateG_04\"><\/div>\n\t\t\t\t<div class=\"blockG\" id=\"rotateG_05\"><\/div>\n\t\t\t\t<div class=\"blockG\" id=\"rotateG_06\"><\/div>\n\t\t\t\t<div class=\"blockG\" id=\"rotateG_07\"><\/div>\n\t\t\t\t<div class=\"blockG\" id=\"rotateG_08\"><\/div>\n\t\t\t<\/div>\n\t\t\t<div class=\"WooZone-cross-sell-loader-text\"><\/div>\n\t\t<\/div>\n\t<\/div>\n\n\t\t\n<\/div>\n<div style=\"clear:both;\"><\/div>\n","protected":false},"excerpt":{"rendered":"<p>Tolles Baby Bekleidungsset f\u00fcr M\u00e4dchen und Jungen: Langarmbody, Strampelhose mit Fu\u00df und Babym\u00fctze mit elastischem Bund<br \/>\nHochwertiger, Atmungsaktiver Stoff aus 100% Baumwolle &#8211; perfekte Passform und bester Tragekomfort<br \/>\nVerschluss: Druckknopf<\/p>\n","protected":false},"featured_media":1384,"comment_status":"open","ping_status":"closed","template":"","meta":{"rs_blank_template":"","rs_page_bg_color":"","slide_template_v7":""},"etheme_brands":[],"product_cat":[16],"product_tag":[],"class_list":{"0":"post-1383","1":"product","2":"type-product","3":"status-publish","4":"has-post-thumbnail","6":"product_cat-bekleidung","7":"pa_brand-tuptam","9":"first","10":"instock","11":"shipping-taxable","12":"product-type-simple"},"_links":{"self":[{"href":"https:\/\/www.babyelf.de\/index.php?rest_route=\/wp\/v2\/product\/1383","targetHints":{"allow":["GET"]}}],"collection":[{"href":"https:\/\/www.babyelf.de\/index.php?rest_route=\/wp\/v2\/product"}],"about":[{"href":"https:\/\/www.babyelf.de\/index.php?rest_route=\/wp\/v2\/types\/product"}],"replies":[{"embeddable":true,"href":"https:\/\/www.babyelf.de\/index.php?rest_route=%2Fwp%2Fv2%2Fcomments&post=1383"}],"wp:featuredmedia":[{"embeddable":true,"href":"https:\/\/www.babyelf.de\/index.php?rest_route=\/wp\/v2\/media\/1384"}],"wp:attachment":[{"href":"https:\/\/www.babyelf.de\/index.php?rest_route=%2Fwp%2Fv2%2Fmedia&parent=1383"}],"wp:term":[{"taxonomy":"brand","embeddable":true,"href":"https:\/\/www.babyelf.de\/index.php?rest_route=%2Fwp%2Fv2%2Fetheme_brands&post=1383"},{"taxonomy":"product_cat","embeddable":true,"href":"https:\/\/www.babyelf.de\/index.php?rest_route=%2Fwp%2Fv2%2Fproduct_cat&post=1383"},{"taxonomy":"product_tag","embeddable":true,"href":"https:\/\/www.babyelf.de\/index.php?rest_route=%2Fwp%2Fv2%2Fproduct_tag&post=1383"}],"curies":[{"name":"wp","href":"https:\/\/api.w.org\/{rel}","templated":true}]}}