{"id":1379,"date":"2020-08-21T08:12:21","date_gmt":"2020-08-21T08:12:21","guid":{"rendered":"https:\/\/www.babyelf.de\/?product=tuptam-unisex-baby-kurzarm-body-spruch-mamas-papas-schatz"},"modified":"2026-01-23T09:15:10","modified_gmt":"2026-01-23T08:15:10","slug":"tuptam-unisex-baby-kurzarm-body-spruch-mamas-papas-schatz","status":"publish","type":"product","link":"https:\/\/www.babyelf.de\/?product=tuptam-unisex-baby-kurzarm-body-spruch-mamas-papas-schatz","title":{"rendered":"TupTam Unisex Baby Kurzarm Body Spruch Mamas &amp; Papas Schatz, Farbe: Wei\u00df &#8211; Mamas Papas Schatz, Gr\u00f6\u00dfe: 62"},"content":{"rendered":"<p>Baby Kurzarm-Body mit Spruch: Mamas &amp; Papas Schatz oder Baby 50% Mama 50% Papa<br \/>\nFarben: wei\u00df mit schwarz-rotem Aufdruck oder wei\u00df, blau, rosa mit schwarzem Motiv &#8211; f\u00fcr M\u00e4dchen und Jungen<br \/>\nVerschluss: Druckknopf<br \/>\n100% Baumwolle<br \/>\nAnschmiegsame hautfreundliche reine Baumwolle f\u00fcr beste Atmungsaktivit\u00e4t<br \/>\nMit praktischem Druckknopfverschluss an der Schulter und im Schritt f\u00fcr einfaches An- und Ausziehen<br \/>\nSorgf\u00e4ltige Verarbeitung mit viel Liebe zum Detail<br \/>\n<div class=\"main-cross-sell\" data-asin=\"B0195BE5XC\">\n\n\t<div class=\"WooZone-cross-sell-loader\">\n\t\t<div>\n\t\t\t<div id=\"floatingBarsG\">\n\t\t\t\t<div class=\"blockG\" id=\"rotateG_01\"><\/div>\n\t\t\t\t<div class=\"blockG\" id=\"rotateG_02\"><\/div>\n\t\t\t\t<div class=\"blockG\" id=\"rotateG_03\"><\/div>\n\t\t\t\t<div class=\"blockG\" id=\"rotateG_04\"><\/div>\n\t\t\t\t<div class=\"blockG\" id=\"rotateG_05\"><\/div>\n\t\t\t\t<div class=\"blockG\" id=\"rotateG_06\"><\/div>\n\t\t\t\t<div class=\"blockG\" id=\"rotateG_07\"><\/div>\n\t\t\t\t<div class=\"blockG\" id=\"rotateG_08\"><\/div>\n\t\t\t<\/div>\n\t\t\t<div class=\"WooZone-cross-sell-loader-text\"><\/div>\n\t\t<\/div>\n\t<\/div>\n\n\t\t\n<\/div>\n<div style=\"clear:both;\"><\/div>\n","protected":false},"excerpt":{"rendered":"<p>Baby Kurzarm-Body mit Spruch: Mamas &amp; Papas Schatz oder Baby 50% Mama 50% Papa<br \/>\nFarben: wei\u00df mit schwarz-rotem Aufdruck oder wei\u00df, blau, rosa mit schwarzem Motiv &#8211; f\u00fcr M\u00e4dchen und Jungen<br \/>\nVerschluss: Druckknopf<\/p>\n","protected":false},"featured_media":1380,"comment_status":"open","ping_status":"closed","template":"","meta":{"rs_blank_template":"","rs_page_bg_color":"","slide_template_v7":""},"etheme_brands":[],"product_cat":[16],"product_tag":[],"class_list":{"0":"post-1379","1":"product","2":"type-product","3":"status-publish","4":"has-post-thumbnail","6":"product_cat-bekleidung","7":"pa_brand-tuptam","9":"first","10":"instock","11":"shipping-taxable","12":"product-type-simple"},"_links":{"self":[{"href":"https:\/\/www.babyelf.de\/index.php?rest_route=\/wp\/v2\/product\/1379","targetHints":{"allow":["GET"]}}],"collection":[{"href":"https:\/\/www.babyelf.de\/index.php?rest_route=\/wp\/v2\/product"}],"about":[{"href":"https:\/\/www.babyelf.de\/index.php?rest_route=\/wp\/v2\/types\/product"}],"replies":[{"embeddable":true,"href":"https:\/\/www.babyelf.de\/index.php?rest_route=%2Fwp%2Fv2%2Fcomments&post=1379"}],"wp:featuredmedia":[{"embeddable":true,"href":"https:\/\/www.babyelf.de\/index.php?rest_route=\/wp\/v2\/media\/1380"}],"wp:attachment":[{"href":"https:\/\/www.babyelf.de\/index.php?rest_route=%2Fwp%2Fv2%2Fmedia&parent=1379"}],"wp:term":[{"taxonomy":"brand","embeddable":true,"href":"https:\/\/www.babyelf.de\/index.php?rest_route=%2Fwp%2Fv2%2Fetheme_brands&post=1379"},{"taxonomy":"product_cat","embeddable":true,"href":"https:\/\/www.babyelf.de\/index.php?rest_route=%2Fwp%2Fv2%2Fproduct_cat&post=1379"},{"taxonomy":"product_tag","embeddable":true,"href":"https:\/\/www.babyelf.de\/index.php?rest_route=%2Fwp%2Fv2%2Fproduct_tag&post=1379"}],"curies":[{"name":"wp","href":"https:\/\/api.w.org\/{rel}","templated":true}]}}