{"id":1147,"date":"2020-08-21T05:36:12","date_gmt":"2020-08-21T05:36:12","guid":{"rendered":"https:\/\/www.babyelf.de\/?product=babymoov-babyphone-expert-care-digital-green-technology-1000m-reichweite"},"modified":"2026-01-18T07:14:01","modified_gmt":"2026-01-18T06:14:01","slug":"babymoov-babyphone-expert-care-digital-green-technology-1000m-reichweite","status":"publish","type":"product","link":"https:\/\/www.babyelf.de\/?product=babymoov-babyphone-expert-care-digital-green-technology-1000m-reichweite","title":{"rendered":"Babymoov Babyphone Expert Care &#8211; Digital Green Technology, niedrige Strahlung, 1000m Reichweite"},"content":{"rendered":"<p><!-- show up to 2 reviews by default --> <\/p>\n<h3>Produktbeschreibung<\/h3>\n<p>Babyphone kommunizieren zwischen Babyeinheit und Elterneinheit \u00fcber elektromagnetische Signale. Werden hierbei Technologien mit hochfrequenter Strahlung verwendet, sind negative Auswirkungen auf die Entwicklung und das Wohlbefinden von Kindern nach aktueller studienlage nicht auszuschlie\u00dfen. Babymoov sch\u00fctzt Ihr Kind pr\u00e4ventiv und setzt auf die &#8222;Digital Green technology&#8220;, Die auf niedrige Frequenzen setzt und signifikant weniger Strahlung verursacht, als herk\u00f6mmliche digitale Babyphone &#8211; und das bei einer unschlagbaren Reichweite! Das expert Care von Babymoov begeistert durch eine spielend einfache Bedienung und bietet dar\u00fcber hinaus viele n\u00fctzliche Zusatzfunktionen. Es \u00fcbertragt Ger\u00e4usche zuverl\u00e4ssig mit einer klaren Tonqualit\u00e4t, so dass Sie immer \u00fcber das Wohlbefinden Ihres Kindes informiert bleiben. Neben dem akustischen Alarm verf\u00fcgt es \u00fcber eine Ger\u00e4uschpegelanzeige sowie einem Vibrationsalarm. Ein integriertes Nachtlicht vermittelt Ihrem Kind ein Gef\u00fchl der Sicherheit. Die PRODUKTDETAILS: Technologie \u201eDigital Green technology\u201c: niedrige Strahlung und gro\u00dfe Reichweite hervorragende Tonqualit\u00e4t ohne Interferenzen Nachtlicht-Funktion Stimmaktivierung (vox-modus) automatische kanalsuche 3 Alarme: akustischer, optischer und Vibrationsalarm einstellbare Lautst\u00e4rke Batteriestandanzeige G\u00fcrtelclip an der Elterneinheit Reichweite 1000 m auf freier Fl\u00e4che Babyeinheit: Betrieb mit einem Micro-USB-Kabel (enthalten) oder Batterien (nicht enthalten) Elterneinheit: die Lithium-Batterie wird mit einem Micro-USB-Kabel (enthalten) aufgeladen. <\/p>\n<h3>Set enth\u00e4lt:<\/h3>\n<p>0 <\/p>\n<p>Digital Green Technology: niedrige Strahlung &amp; herrvoragende Tonqualit\u00e4t ohne Interferenzen<br \/>\nHohe Reichweite: 1000m auf freier Fl\u00e4che<br \/>\nVOX-Funktion: Stimmaktivierung f\u00fcr geringe Strahlung und eine lange Batterielaufzeit<br \/>\nMit wichtigen Zusatzfunktionen: Nachtlicht, Au\u00dfer-Reichweite-Signal, 3-fach Alarm (Akustisch, Ger\u00e4uschpegelanzeige, Vibration)<br \/>\nMit 2 extra langen USB-Kabel (ohne Netzstecker): die Ladekabel wurden durch USB-Kabel ersetzt. Sie sind mit allen USB-Netzsteckern 5V kompatibel und k\u00f6nnen f\u00fcr mehrere Ger\u00e4te verwendet werden<br \/>\n<div class=\"main-cross-sell\" data-asin=\"B07NGR3ZFD\">\n\n\t<div class=\"WooZone-cross-sell-loader\">\n\t\t<div>\n\t\t\t<div id=\"floatingBarsG\">\n\t\t\t\t<div class=\"blockG\" id=\"rotateG_01\"><\/div>\n\t\t\t\t<div class=\"blockG\" id=\"rotateG_02\"><\/div>\n\t\t\t\t<div class=\"blockG\" id=\"rotateG_03\"><\/div>\n\t\t\t\t<div class=\"blockG\" id=\"rotateG_04\"><\/div>\n\t\t\t\t<div class=\"blockG\" id=\"rotateG_05\"><\/div>\n\t\t\t\t<div class=\"blockG\" id=\"rotateG_06\"><\/div>\n\t\t\t\t<div class=\"blockG\" id=\"rotateG_07\"><\/div>\n\t\t\t\t<div class=\"blockG\" id=\"rotateG_08\"><\/div>\n\t\t\t<\/div>\n\t\t\t<div class=\"WooZone-cross-sell-loader-text\"><\/div>\n\t\t<\/div>\n\t<\/div>\n\n\t\t\n<\/div>\n<div style=\"clear:both;\"><\/div>\n","protected":false},"excerpt":{"rendered":"<p>Digital Green Technology: niedrige Strahlung &amp; herrvoragende Tonqualit\u00e4t ohne Interferenzen<br \/>\nHohe Reichweite: 1000m auf freier Fl\u00e4che<br \/>\nVOX-Funktion: Stimmaktivierung f\u00fcr geringe Strahlung und eine lange Batterielaufzeit<\/p>\n","protected":false},"featured_media":1148,"comment_status":"open","ping_status":"closed","template":"","meta":{"rs_blank_template":"","rs_page_bg_color":"","slide_template_v7":""},"etheme_brands":[],"product_cat":[23],"product_tag":[],"class_list":{"0":"post-1147","1":"product","2":"type-product","3":"status-publish","4":"has-post-thumbnail","6":"product_cat-babyfon","7":"pa_brand-babymoov","9":"first","10":"instock","11":"shipping-taxable","12":"purchasable","13":"product-type-simple"},"_links":{"self":[{"href":"https:\/\/www.babyelf.de\/index.php?rest_route=\/wp\/v2\/product\/1147","targetHints":{"allow":["GET"]}}],"collection":[{"href":"https:\/\/www.babyelf.de\/index.php?rest_route=\/wp\/v2\/product"}],"about":[{"href":"https:\/\/www.babyelf.de\/index.php?rest_route=\/wp\/v2\/types\/product"}],"replies":[{"embeddable":true,"href":"https:\/\/www.babyelf.de\/index.php?rest_route=%2Fwp%2Fv2%2Fcomments&post=1147"}],"wp:featuredmedia":[{"embeddable":true,"href":"https:\/\/www.babyelf.de\/index.php?rest_route=\/wp\/v2\/media\/1148"}],"wp:attachment":[{"href":"https:\/\/www.babyelf.de\/index.php?rest_route=%2Fwp%2Fv2%2Fmedia&parent=1147"}],"wp:term":[{"taxonomy":"brand","embeddable":true,"href":"https:\/\/www.babyelf.de\/index.php?rest_route=%2Fwp%2Fv2%2Fetheme_brands&post=1147"},{"taxonomy":"product_cat","embeddable":true,"href":"https:\/\/www.babyelf.de\/index.php?rest_route=%2Fwp%2Fv2%2Fproduct_cat&post=1147"},{"taxonomy":"product_tag","embeddable":true,"href":"https:\/\/www.babyelf.de\/index.php?rest_route=%2Fwp%2Fv2%2Fproduct_tag&post=1147"}],"curies":[{"name":"wp","href":"https:\/\/api.w.org\/{rel}","templated":true}]}}